{"id":3707,"date":"2025-11-29T21:30:13","date_gmt":"2025-11-29T21:30:13","guid":{"rendered":"https:\/\/redkarawana.com\/?post_type=product&#038;p=3707"},"modified":"2024-05-13T04:28:13","modified_gmt":"2024-05-13T04:28:13","slug":"dodo-dekoracja-mauritius","status":"publish","type":"product","link":"https:\/\/redkarawana.com\/pl\/rzemioslo\/dodo-dekoracja-mauritius\/","title":{"rendered":"Dodo Dekoracja, Mauritius; Drewniane Rzemios\u0142o z Mozaik\u0105 Szklan\u0105"},"content":{"rendered":"<p>Mauritius, wyspa na Oceanie Indyjskim, jest czczona za swoje naturalne pi\u0119kno. Szlaki przybrze\u017cne pokazuj\u0105 pi\u0119kne pla\u017ce i senne wioski rybackie. Wycieczka w g\u0142\u0105b l\u0105du ujawnia parki narodowe, destylarnie rumu, pola trzciny cukrowej i plantacj\u0119 herbaty. Po drodze, targi rzemie\u015blnicze prezentuj\u0105 kolorowe tkaniny, rze\u017aby z drewna i ceramik\u0119. Te rzemios\u0142a na\u015bladuj\u0105 t\u0119tni\u0105c\u0105 \u017cyciem lokaln\u0105 kultur\u0119. Nasza dodo dekoracja jest rze\u017abiona w drewnie i jest zdobiona kolorow\u0105 mozaik\u0105 po\u015brodku. Wymiary: dodo dekoracja (wysoko\u015b\u0107 9 1\/2 cala, szeroko\u015b\u0107 15 1\/2 cala).<\/p>\n","protected":false},"excerpt":{"rendered":"<p>Mauritius, wyspa na Oceanie Indyjskim, jest czczona za swoje naturalne pi\u0119kno. Szlaki przybrze\u017cne pokazuj\u0105 pi\u0119kne pla\u017ce i senne wioski rybackie. Wycieczka w g\u0142\u0105b l\u0105du ujawnia parki narodowe, destylarnie rumu, pola trzciny cukrowej i plantacj\u0119 herbaty. Po drodze, targi rzemie\u015blnicze prezentuj\u0105 kolorowe tkaniny, rze\u017aby z drewna i ceramik\u0119. Te rzemios\u0142a na\u015bladuj\u0105 t\u0119tni\u0105c\u0105 \u017cyciem lokaln\u0105 kultur\u0119. Nasza [&hellip;]<\/p>\n","protected":false},"featured_media":3667,"template":"","meta":{"_acf_changed":false},"product_brand":[],"product_cat":[52],"product_tag":[],"class_list":{"0":"post-3707","1":"product","2":"type-product","3":"status-publish","4":"has-post-thumbnail","6":"product_cat-artystyczne","8":"first","9":"instock","10":"sold-individually","11":"taxable","12":"shipping-taxable","13":"purchasable","14":"product-type-simple"},"acf":[],"yoast_head":"<!-- This site is optimized with the Yoast SEO plugin v27.3 - https:\/\/yoast.com\/product\/yoast-seo-wordpress\/ -->\n<title>Dodo Dekoracja, Mauritius - Artystyczne - Red Karawana<\/title>\n<meta name=\"description\" content=\"Dodo dekoracja to rze\u017aba drewniana, zdobiona kolorow\u0105 mozaik\u0105 po\u015brodku. Rzemios\u0142a z Mauritiusa na\u015bladuj\u0105 t\u0119tni\u0105c\u0105 \u017cyciem lokaln\u0105 kultur\u0119.\" \/>\n<meta name=\"robots\" content=\"index, follow, max-snippet:-1, max-image-preview:large, max-video-preview:-1\" \/>\n<link rel=\"canonical\" href=\"https:\/\/redkarawana.com\/pl\/rzemioslo\/dodo-dekoracja-mauritius\/\" \/>\n<meta property=\"og:locale\" content=\"pl_PL\" \/>\n<meta property=\"og:type\" content=\"article\" \/>\n<meta property=\"og:title\" content=\"Dodo Dekoracja, Mauritius - Artystyczne - Red Karawana\" \/>\n<meta property=\"og:description\" content=\"Dodo dekoracja to rze\u017aba drewniana, zdobiona kolorow\u0105 mozaik\u0105 po\u015brodku. Rzemios\u0142a z Mauritiusa na\u015bladuj\u0105 t\u0119tni\u0105c\u0105 \u017cyciem lokaln\u0105 kultur\u0119.\" \/>\n<meta property=\"og:url\" content=\"https:\/\/redkarawana.com\/pl\/rzemioslo\/dodo-dekoracja-mauritius\/\" \/>\n<meta property=\"og:site_name\" content=\"Red Karawana\" \/>\n<meta property=\"article:publisher\" content=\"https:\/\/www.facebook.com\/redkarawana\/\" \/>\n<meta property=\"og:image\" content=\"https:\/\/redkarawana.com\/wp-content\/uploads\/2024\/05\/1-ABP-F-1200x630-Mauritius-Dodo-Decor.jpg\" \/>\n\t<meta property=\"og:image:width\" content=\"1200\" \/>\n\t<meta property=\"og:image:height\" content=\"630\" \/>\n\t<meta property=\"og:image:type\" content=\"image\/jpeg\" \/>\n<meta name=\"twitter:card\" content=\"summary_large_image\" \/>\n<meta name=\"twitter:label1\" content=\"Szacowany czas czytania\" \/>\n\t<meta name=\"twitter:data1\" content=\"1 minuta\" \/>\n<script type=\"application\/ld+json\" class=\"yoast-schema-graph\">{\"@context\":\"https:\\\/\\\/schema.org\",\"@graph\":[{\"@type\":\"WebPage\",\"@id\":\"https:\\\/\\\/redkarawana.com\\\/pl\\\/rzemioslo\\\/dodo-dekoracja-mauritius\\\/\",\"url\":\"https:\\\/\\\/redkarawana.com\\\/pl\\\/rzemioslo\\\/dodo-dekoracja-mauritius\\\/\",\"name\":\"Dodo Dekoracja, Mauritius - Artystyczne - Red Karawana\",\"isPartOf\":{\"@id\":\"https:\\\/\\\/redkarawana.com\\\/#website\"},\"primaryImageOfPage\":{\"@id\":\"https:\\\/\\\/redkarawana.com\\\/pl\\\/rzemioslo\\\/dodo-dekoracja-mauritius\\\/#primaryimage\"},\"image\":{\"@id\":\"https:\\\/\\\/redkarawana.com\\\/pl\\\/rzemioslo\\\/dodo-dekoracja-mauritius\\\/#primaryimage\"},\"thumbnailUrl\":\"https:\\\/\\\/redkarawana.com\\\/wp-content\\\/uploads\\\/2024\\\/05\\\/1-SP-Mauritius-Dodo-Decor.jpg\",\"datePublished\":\"2025-11-29T21:30:13+00:00\",\"description\":\"Dodo dekoracja to rze\u017aba drewniana, zdobiona kolorow\u0105 mozaik\u0105 po\u015brodku. Rzemios\u0142a z Mauritiusa na\u015bladuj\u0105 t\u0119tni\u0105c\u0105 \u017cyciem lokaln\u0105 kultur\u0119.\",\"breadcrumb\":{\"@id\":\"https:\\\/\\\/redkarawana.com\\\/pl\\\/rzemioslo\\\/dodo-dekoracja-mauritius\\\/#breadcrumb\"},\"inLanguage\":\"pl-PL\",\"potentialAction\":[{\"@type\":\"ReadAction\",\"target\":[\"https:\\\/\\\/redkarawana.com\\\/pl\\\/rzemioslo\\\/dodo-dekoracja-mauritius\\\/\"]}]},{\"@type\":\"ImageObject\",\"inLanguage\":\"pl-PL\",\"@id\":\"https:\\\/\\\/redkarawana.com\\\/pl\\\/rzemioslo\\\/dodo-dekoracja-mauritius\\\/#primaryimage\",\"url\":\"https:\\\/\\\/redkarawana.com\\\/wp-content\\\/uploads\\\/2024\\\/05\\\/1-SP-Mauritius-Dodo-Decor.jpg\",\"contentUrl\":\"https:\\\/\\\/redkarawana.com\\\/wp-content\\\/uploads\\\/2024\\\/05\\\/1-SP-Mauritius-Dodo-Decor.jpg\",\"width\":680,\"height\":453,\"caption\":\"Mauritius, Dodo Dekoracja\"},{\"@type\":\"BreadcrumbList\",\"@id\":\"https:\\\/\\\/redkarawana.com\\\/pl\\\/rzemioslo\\\/dodo-dekoracja-mauritius\\\/#breadcrumb\",\"itemListElement\":[{\"@type\":\"ListItem\",\"position\":1,\"name\":\"Home\",\"item\":\"https:\\\/\\\/redkarawana.com\\\/pl\\\/\"},{\"@type\":\"ListItem\",\"position\":2,\"name\":\"Rzemios\u0142a\",\"item\":\"https:\\\/\\\/redkarawana.com\\\/pl\\\/rzemiosla\\\/\"},{\"@type\":\"ListItem\",\"position\":3,\"name\":\"Dodo Dekoracja, Mauritius; Drewniane Rzemios\u0142o z Mozaik\u0105 Szklan\u0105\"}]},{\"@type\":\"WebSite\",\"@id\":\"https:\\\/\\\/redkarawana.com\\\/#website\",\"url\":\"https:\\\/\\\/redkarawana.com\\\/\",\"name\":\"Red Karawana\",\"description\":\"\",\"publisher\":{\"@id\":\"https:\\\/\\\/redkarawana.com\\\/#organization\"},\"potentialAction\":[{\"@type\":\"SearchAction\",\"target\":{\"@type\":\"EntryPoint\",\"urlTemplate\":\"https:\\\/\\\/redkarawana.com\\\/?s={search_term_string}\"},\"query-input\":{\"@type\":\"PropertyValueSpecification\",\"valueRequired\":true,\"valueName\":\"search_term_string\"}}],\"inLanguage\":\"pl-PL\"},{\"@type\":\"Organization\",\"@id\":\"https:\\\/\\\/redkarawana.com\\\/#organization\",\"name\":\"Red Karawana\",\"url\":\"https:\\\/\\\/redkarawana.com\\\/\",\"logo\":{\"@type\":\"ImageObject\",\"inLanguage\":\"pl-PL\",\"@id\":\"https:\\\/\\\/redkarawana.com\\\/#\\\/schema\\\/logo\\\/image\\\/\",\"url\":\"https:\\\/\\\/redkarawana.com\\\/wp-content\\\/uploads\\\/2025\\\/05\\\/cropped-Screenshot-2025-05-29-at-09.27.38.png\",\"contentUrl\":\"https:\\\/\\\/redkarawana.com\\\/wp-content\\\/uploads\\\/2025\\\/05\\\/cropped-Screenshot-2025-05-29-at-09.27.38.png\",\"width\":512,\"height\":512,\"caption\":\"Red Karawana\"},\"image\":{\"@id\":\"https:\\\/\\\/redkarawana.com\\\/#\\\/schema\\\/logo\\\/image\\\/\"},\"sameAs\":[\"https:\\\/\\\/www.facebook.com\\\/redkarawana\\\/\",\"https:\\\/\\\/www.instagram.com\\\/redkarawana\\\/\",\"https:\\\/\\\/www.youtube.com\\\/channel\\\/UCU9jXzSmyKm4ZZv38FEXGKg\",\"https:\\\/\\\/www.pinterest.com\\\/redkarawana\\\/\"]}]}<\/script>\n<!-- \/ Yoast SEO plugin. -->","yoast_head_json":{"title":"Dodo Dekoracja, Mauritius - Artystyczne - Red Karawana","description":"Dodo dekoracja to rze\u017aba drewniana, zdobiona kolorow\u0105 mozaik\u0105 po\u015brodku. Rzemios\u0142a z Mauritiusa na\u015bladuj\u0105 t\u0119tni\u0105c\u0105 \u017cyciem lokaln\u0105 kultur\u0119.","robots":{"index":"index","follow":"follow","max-snippet":"max-snippet:-1","max-image-preview":"max-image-preview:large","max-video-preview":"max-video-preview:-1"},"canonical":"https:\/\/redkarawana.com\/pl\/rzemioslo\/dodo-dekoracja-mauritius\/","og_locale":"pl_PL","og_type":"article","og_title":"Dodo Dekoracja, Mauritius - Artystyczne - Red Karawana","og_description":"Dodo dekoracja to rze\u017aba drewniana, zdobiona kolorow\u0105 mozaik\u0105 po\u015brodku. Rzemios\u0142a z Mauritiusa na\u015bladuj\u0105 t\u0119tni\u0105c\u0105 \u017cyciem lokaln\u0105 kultur\u0119.","og_url":"https:\/\/redkarawana.com\/pl\/rzemioslo\/dodo-dekoracja-mauritius\/","og_site_name":"Red Karawana","article_publisher":"https:\/\/www.facebook.com\/redkarawana\/","og_image":[{"width":1200,"height":630,"url":"https:\/\/redkarawana.com\/wp-content\/uploads\/2024\/05\/1-ABP-F-1200x630-Mauritius-Dodo-Decor.jpg","type":"image\/jpeg"}],"twitter_card":"summary_large_image","twitter_misc":{"Szacowany czas czytania":"1 minuta"},"schema":{"@context":"https:\/\/schema.org","@graph":[{"@type":"WebPage","@id":"https:\/\/redkarawana.com\/pl\/rzemioslo\/dodo-dekoracja-mauritius\/","url":"https:\/\/redkarawana.com\/pl\/rzemioslo\/dodo-dekoracja-mauritius\/","name":"Dodo Dekoracja, Mauritius - Artystyczne - Red Karawana","isPartOf":{"@id":"https:\/\/redkarawana.com\/#website"},"primaryImageOfPage":{"@id":"https:\/\/redkarawana.com\/pl\/rzemioslo\/dodo-dekoracja-mauritius\/#primaryimage"},"image":{"@id":"https:\/\/redkarawana.com\/pl\/rzemioslo\/dodo-dekoracja-mauritius\/#primaryimage"},"thumbnailUrl":"https:\/\/redkarawana.com\/wp-content\/uploads\/2024\/05\/1-SP-Mauritius-Dodo-Decor.jpg","datePublished":"2025-11-29T21:30:13+00:00","description":"Dodo dekoracja to rze\u017aba drewniana, zdobiona kolorow\u0105 mozaik\u0105 po\u015brodku. Rzemios\u0142a z Mauritiusa na\u015bladuj\u0105 t\u0119tni\u0105c\u0105 \u017cyciem lokaln\u0105 kultur\u0119.","breadcrumb":{"@id":"https:\/\/redkarawana.com\/pl\/rzemioslo\/dodo-dekoracja-mauritius\/#breadcrumb"},"inLanguage":"pl-PL","potentialAction":[{"@type":"ReadAction","target":["https:\/\/redkarawana.com\/pl\/rzemioslo\/dodo-dekoracja-mauritius\/"]}]},{"@type":"ImageObject","inLanguage":"pl-PL","@id":"https:\/\/redkarawana.com\/pl\/rzemioslo\/dodo-dekoracja-mauritius\/#primaryimage","url":"https:\/\/redkarawana.com\/wp-content\/uploads\/2024\/05\/1-SP-Mauritius-Dodo-Decor.jpg","contentUrl":"https:\/\/redkarawana.com\/wp-content\/uploads\/2024\/05\/1-SP-Mauritius-Dodo-Decor.jpg","width":680,"height":453,"caption":"Mauritius, Dodo Dekoracja"},{"@type":"BreadcrumbList","@id":"https:\/\/redkarawana.com\/pl\/rzemioslo\/dodo-dekoracja-mauritius\/#breadcrumb","itemListElement":[{"@type":"ListItem","position":1,"name":"Home","item":"https:\/\/redkarawana.com\/pl\/"},{"@type":"ListItem","position":2,"name":"Rzemios\u0142a","item":"https:\/\/redkarawana.com\/pl\/rzemiosla\/"},{"@type":"ListItem","position":3,"name":"Dodo Dekoracja, Mauritius; Drewniane Rzemios\u0142o z Mozaik\u0105 Szklan\u0105"}]},{"@type":"WebSite","@id":"https:\/\/redkarawana.com\/#website","url":"https:\/\/redkarawana.com\/","name":"Red Karawana","description":"","publisher":{"@id":"https:\/\/redkarawana.com\/#organization"},"potentialAction":[{"@type":"SearchAction","target":{"@type":"EntryPoint","urlTemplate":"https:\/\/redkarawana.com\/?s={search_term_string}"},"query-input":{"@type":"PropertyValueSpecification","valueRequired":true,"valueName":"search_term_string"}}],"inLanguage":"pl-PL"},{"@type":"Organization","@id":"https:\/\/redkarawana.com\/#organization","name":"Red Karawana","url":"https:\/\/redkarawana.com\/","logo":{"@type":"ImageObject","inLanguage":"pl-PL","@id":"https:\/\/redkarawana.com\/#\/schema\/logo\/image\/","url":"https:\/\/redkarawana.com\/wp-content\/uploads\/2025\/05\/cropped-Screenshot-2025-05-29-at-09.27.38.png","contentUrl":"https:\/\/redkarawana.com\/wp-content\/uploads\/2025\/05\/cropped-Screenshot-2025-05-29-at-09.27.38.png","width":512,"height":512,"caption":"Red Karawana"},"image":{"@id":"https:\/\/redkarawana.com\/#\/schema\/logo\/image\/"},"sameAs":["https:\/\/www.facebook.com\/redkarawana\/","https:\/\/www.instagram.com\/redkarawana\/","https:\/\/www.youtube.com\/channel\/UCU9jXzSmyKm4ZZv38FEXGKg","https:\/\/www.pinterest.com\/redkarawana\/"]}]}},"_links":{"self":[{"href":"https:\/\/redkarawana.com\/pl\/wp-json\/wp\/v2\/product\/3707","targetHints":{"allow":["GET"]}}],"collection":[{"href":"https:\/\/redkarawana.com\/pl\/wp-json\/wp\/v2\/product"}],"about":[{"href":"https:\/\/redkarawana.com\/pl\/wp-json\/wp\/v2\/types\/product"}],"wp:featuredmedia":[{"embeddable":true,"href":"https:\/\/redkarawana.com\/pl\/wp-json\/wp\/v2\/media\/3667"}],"wp:attachment":[{"href":"https:\/\/redkarawana.com\/pl\/wp-json\/wp\/v2\/media?parent=3707"}],"wp:term":[{"taxonomy":"product_brand","embeddable":true,"href":"https:\/\/redkarawana.com\/pl\/wp-json\/wp\/v2\/product_brand?post=3707"},{"taxonomy":"product_cat","embeddable":true,"href":"https:\/\/redkarawana.com\/pl\/wp-json\/wp\/v2\/product_cat?post=3707"},{"taxonomy":"product_tag","embeddable":true,"href":"https:\/\/redkarawana.com\/pl\/wp-json\/wp\/v2\/product_tag?post=3707"}],"curies":[{"name":"wp","href":"https:\/\/api.w.org\/{rel}","templated":true}]}}