{"id":3735,"date":"2025-11-29T21:50:50","date_gmt":"2025-11-29T21:50:50","guid":{"rendered":"https:\/\/redkarawana.com\/?post_type=product&#038;p=3735"},"modified":"2025-12-07T07:25:39","modified_gmt":"2025-12-07T07:25:39","slug":"sztuka-kobiety-azjatyckie-wietnam","status":"publish","type":"product","link":"https:\/\/redkarawana.com\/pl\/rzemioslo\/sztuka-kobiety-azjatyckie-wietnam\/","title":{"rendered":"Azjatyckie Damy Art, Wietnam; Sztuka \u015acienna Pokazuje Damy w Strojach"},"content":{"rendered":"<p>Nasza podr\u00f3\u017c do Staro\u017cytnego Miasta Hoi An, po\u0142o\u017conego w \u015arodkowym Wietnamie, obejmuje zwiedzanie zabytkowej dzielnicy, fotografowanie starych drewnianych dom\u00f3w i zwiedzanie licznych sklep\u00f3w. Wzd\u0142u\u017c w\u0105skich uliczek ozdobionych wielokolorowymi latarniami znajduj\u0105 si\u0119 urocze sklepy z pami\u0105tkami. Nasza wybrana sztuka Azjatyckie Damy Art pokazuje dwie kobiety w stylowych bia\u0142ych strojach na czerwonym tle. Wymiary: Azjatyckie Damy Art (wysoko\u015b\u0107 11 \u00be cali, szeroko\u015b\u0107 7 \u00be cali).<\/p>\n","protected":false},"excerpt":{"rendered":"<p>Nasza podr\u00f3\u017c do Staro\u017cytnego Miasta Hoi An, po\u0142o\u017conego w \u015arodkowym Wietnamie, obejmuje zwiedzanie zabytkowej dzielnicy, fotografowanie starych drewnianych dom\u00f3w i zwiedzanie licznych sklep\u00f3w. Wzd\u0142u\u017c w\u0105skich uliczek ozdobionych wielokolorowymi latarniami znajduj\u0105 si\u0119 urocze sklepy z pami\u0105tkami. Nasza wybrana sztuka Azjatyckie Damy Art pokazuje dwie kobiety w stylowych bia\u0142ych strojach na czerwonym tle. Wymiary: Azjatyckie Damy Art [&hellip;]<\/p>\n","protected":false},"featured_media":3716,"template":"","meta":{"_acf_changed":false},"product_brand":[],"product_cat":[52],"product_tag":[],"class_list":{"0":"post-3735","1":"product","2":"type-product","3":"status-publish","4":"has-post-thumbnail","6":"product_cat-artystyczne","8":"first","9":"instock","10":"sold-individually","11":"taxable","12":"shipping-taxable","13":"purchasable","14":"product-type-simple"},"acf":[],"yoast_head":"<!-- This site is optimized with the Yoast SEO plugin v27.3 - https:\/\/yoast.com\/product\/yoast-seo-wordpress\/ -->\n<title>Azjatyckie Damy Art, Wietnam - Artystyczne - Red Karawana<\/title>\n<meta name=\"description\" content=\"W Wietnamie znajdujemy pi\u0119kn\u0105 sztuk\u0119. Azjatyckie Damy Art pokazuje dwie kobiety w stylowych bia\u0142ych strojach na czerwonym tle.\" \/>\n<meta name=\"robots\" content=\"index, follow, max-snippet:-1, max-image-preview:large, max-video-preview:-1\" \/>\n<link rel=\"canonical\" href=\"https:\/\/redkarawana.com\/pl\/rzemioslo\/sztuka-kobiety-azjatyckie-wietnam\/\" \/>\n<meta property=\"og:locale\" content=\"pl_PL\" \/>\n<meta property=\"og:type\" content=\"article\" \/>\n<meta property=\"og:title\" content=\"Azjatyckie Damy Art, Wietnam - Artystyczne - Red Karawana\" \/>\n<meta property=\"og:description\" content=\"W Wietnamie znajdujemy pi\u0119kn\u0105 sztuk\u0119. Azjatyckie Damy Art pokazuje dwie kobiety w stylowych bia\u0142ych strojach na czerwonym tle.\" \/>\n<meta property=\"og:url\" content=\"https:\/\/redkarawana.com\/pl\/rzemioslo\/sztuka-kobiety-azjatyckie-wietnam\/\" \/>\n<meta property=\"og:site_name\" content=\"Red Karawana\" \/>\n<meta property=\"article:publisher\" content=\"https:\/\/www.facebook.com\/redkarawana\/\" \/>\n<meta property=\"article:modified_time\" content=\"2025-12-07T07:25:39+00:00\" \/>\n<meta property=\"og:image\" content=\"https:\/\/redkarawana.com\/wp-content\/uploads\/2024\/05\/1-AAP-F1200x630-Vietnam-Asian-Ladies-Art.jpg\" \/>\n\t<meta property=\"og:image:width\" content=\"1200\" \/>\n\t<meta property=\"og:image:height\" content=\"630\" \/>\n\t<meta property=\"og:image:type\" content=\"image\/jpeg\" \/>\n<meta name=\"twitter:card\" content=\"summary_large_image\" \/>\n<meta name=\"twitter:label1\" content=\"Szacowany czas czytania\" \/>\n\t<meta name=\"twitter:data1\" content=\"1 minuta\" \/>\n<script type=\"application\/ld+json\" class=\"yoast-schema-graph\">{\"@context\":\"https:\\\/\\\/schema.org\",\"@graph\":[{\"@type\":\"WebPage\",\"@id\":\"https:\\\/\\\/redkarawana.com\\\/pl\\\/rzemioslo\\\/sztuka-kobiety-azjatyckie-wietnam\\\/\",\"url\":\"https:\\\/\\\/redkarawana.com\\\/pl\\\/rzemioslo\\\/sztuka-kobiety-azjatyckie-wietnam\\\/\",\"name\":\"Azjatyckie Damy Art, Wietnam - Artystyczne - Red Karawana\",\"isPartOf\":{\"@id\":\"https:\\\/\\\/redkarawana.com\\\/#website\"},\"primaryImageOfPage\":{\"@id\":\"https:\\\/\\\/redkarawana.com\\\/pl\\\/rzemioslo\\\/sztuka-kobiety-azjatyckie-wietnam\\\/#primaryimage\"},\"image\":{\"@id\":\"https:\\\/\\\/redkarawana.com\\\/pl\\\/rzemioslo\\\/sztuka-kobiety-azjatyckie-wietnam\\\/#primaryimage\"},\"thumbnailUrl\":\"https:\\\/\\\/redkarawana.com\\\/wp-content\\\/uploads\\\/2024\\\/05\\\/1-SP-Vietnam-Asian-Ladies-Art.jpg\",\"datePublished\":\"2025-11-29T21:50:50+00:00\",\"dateModified\":\"2025-12-07T07:25:39+00:00\",\"description\":\"W Wietnamie znajdujemy pi\u0119kn\u0105 sztuk\u0119. Azjatyckie Damy Art pokazuje dwie kobiety w stylowych bia\u0142ych strojach na czerwonym tle.\",\"breadcrumb\":{\"@id\":\"https:\\\/\\\/redkarawana.com\\\/pl\\\/rzemioslo\\\/sztuka-kobiety-azjatyckie-wietnam\\\/#breadcrumb\"},\"inLanguage\":\"pl-PL\",\"potentialAction\":[{\"@type\":\"ReadAction\",\"target\":[\"https:\\\/\\\/redkarawana.com\\\/pl\\\/rzemioslo\\\/sztuka-kobiety-azjatyckie-wietnam\\\/\"]}]},{\"@type\":\"ImageObject\",\"inLanguage\":\"pl-PL\",\"@id\":\"https:\\\/\\\/redkarawana.com\\\/pl\\\/rzemioslo\\\/sztuka-kobiety-azjatyckie-wietnam\\\/#primaryimage\",\"url\":\"https:\\\/\\\/redkarawana.com\\\/wp-content\\\/uploads\\\/2024\\\/05\\\/1-SP-Vietnam-Asian-Ladies-Art.jpg\",\"contentUrl\":\"https:\\\/\\\/redkarawana.com\\\/wp-content\\\/uploads\\\/2024\\\/05\\\/1-SP-Vietnam-Asian-Ladies-Art.jpg\",\"width\":680,\"height\":453,\"caption\":\"Wietnam, Azjatyckie Damy Art\"},{\"@type\":\"BreadcrumbList\",\"@id\":\"https:\\\/\\\/redkarawana.com\\\/pl\\\/rzemioslo\\\/sztuka-kobiety-azjatyckie-wietnam\\\/#breadcrumb\",\"itemListElement\":[{\"@type\":\"ListItem\",\"position\":1,\"name\":\"Home\",\"item\":\"https:\\\/\\\/redkarawana.com\\\/pl\\\/\"},{\"@type\":\"ListItem\",\"position\":2,\"name\":\"Rzemios\u0142a\",\"item\":\"https:\\\/\\\/redkarawana.com\\\/pl\\\/rzemiosla\\\/\"},{\"@type\":\"ListItem\",\"position\":3,\"name\":\"Azjatyckie Damy Art, Wietnam; Sztuka \u015acienna Pokazuje Damy w Strojach\"}]},{\"@type\":\"WebSite\",\"@id\":\"https:\\\/\\\/redkarawana.com\\\/#website\",\"url\":\"https:\\\/\\\/redkarawana.com\\\/\",\"name\":\"Red Karawana\",\"description\":\"\",\"publisher\":{\"@id\":\"https:\\\/\\\/redkarawana.com\\\/#organization\"},\"potentialAction\":[{\"@type\":\"SearchAction\",\"target\":{\"@type\":\"EntryPoint\",\"urlTemplate\":\"https:\\\/\\\/redkarawana.com\\\/?s={search_term_string}\"},\"query-input\":{\"@type\":\"PropertyValueSpecification\",\"valueRequired\":true,\"valueName\":\"search_term_string\"}}],\"inLanguage\":\"pl-PL\"},{\"@type\":\"Organization\",\"@id\":\"https:\\\/\\\/redkarawana.com\\\/#organization\",\"name\":\"Red Karawana\",\"url\":\"https:\\\/\\\/redkarawana.com\\\/\",\"logo\":{\"@type\":\"ImageObject\",\"inLanguage\":\"pl-PL\",\"@id\":\"https:\\\/\\\/redkarawana.com\\\/#\\\/schema\\\/logo\\\/image\\\/\",\"url\":\"https:\\\/\\\/redkarawana.com\\\/wp-content\\\/uploads\\\/2025\\\/05\\\/cropped-Screenshot-2025-05-29-at-09.27.38.png\",\"contentUrl\":\"https:\\\/\\\/redkarawana.com\\\/wp-content\\\/uploads\\\/2025\\\/05\\\/cropped-Screenshot-2025-05-29-at-09.27.38.png\",\"width\":512,\"height\":512,\"caption\":\"Red Karawana\"},\"image\":{\"@id\":\"https:\\\/\\\/redkarawana.com\\\/#\\\/schema\\\/logo\\\/image\\\/\"},\"sameAs\":[\"https:\\\/\\\/www.facebook.com\\\/redkarawana\\\/\",\"https:\\\/\\\/www.instagram.com\\\/redkarawana\\\/\",\"https:\\\/\\\/www.youtube.com\\\/channel\\\/UCU9jXzSmyKm4ZZv38FEXGKg\",\"https:\\\/\\\/www.pinterest.com\\\/redkarawana\\\/\"]}]}<\/script>\n<!-- \/ Yoast SEO plugin. -->","yoast_head_json":{"title":"Azjatyckie Damy Art, Wietnam - Artystyczne - Red Karawana","description":"W Wietnamie znajdujemy pi\u0119kn\u0105 sztuk\u0119. Azjatyckie Damy Art pokazuje dwie kobiety w stylowych bia\u0142ych strojach na czerwonym tle.","robots":{"index":"index","follow":"follow","max-snippet":"max-snippet:-1","max-image-preview":"max-image-preview:large","max-video-preview":"max-video-preview:-1"},"canonical":"https:\/\/redkarawana.com\/pl\/rzemioslo\/sztuka-kobiety-azjatyckie-wietnam\/","og_locale":"pl_PL","og_type":"article","og_title":"Azjatyckie Damy Art, Wietnam - Artystyczne - Red Karawana","og_description":"W Wietnamie znajdujemy pi\u0119kn\u0105 sztuk\u0119. Azjatyckie Damy Art pokazuje dwie kobiety w stylowych bia\u0142ych strojach na czerwonym tle.","og_url":"https:\/\/redkarawana.com\/pl\/rzemioslo\/sztuka-kobiety-azjatyckie-wietnam\/","og_site_name":"Red Karawana","article_publisher":"https:\/\/www.facebook.com\/redkarawana\/","article_modified_time":"2025-12-07T07:25:39+00:00","og_image":[{"width":1200,"height":630,"url":"https:\/\/redkarawana.com\/wp-content\/uploads\/2024\/05\/1-AAP-F1200x630-Vietnam-Asian-Ladies-Art.jpg","type":"image\/jpeg"}],"twitter_card":"summary_large_image","twitter_misc":{"Szacowany czas czytania":"1 minuta"},"schema":{"@context":"https:\/\/schema.org","@graph":[{"@type":"WebPage","@id":"https:\/\/redkarawana.com\/pl\/rzemioslo\/sztuka-kobiety-azjatyckie-wietnam\/","url":"https:\/\/redkarawana.com\/pl\/rzemioslo\/sztuka-kobiety-azjatyckie-wietnam\/","name":"Azjatyckie Damy Art, Wietnam - Artystyczne - Red Karawana","isPartOf":{"@id":"https:\/\/redkarawana.com\/#website"},"primaryImageOfPage":{"@id":"https:\/\/redkarawana.com\/pl\/rzemioslo\/sztuka-kobiety-azjatyckie-wietnam\/#primaryimage"},"image":{"@id":"https:\/\/redkarawana.com\/pl\/rzemioslo\/sztuka-kobiety-azjatyckie-wietnam\/#primaryimage"},"thumbnailUrl":"https:\/\/redkarawana.com\/wp-content\/uploads\/2024\/05\/1-SP-Vietnam-Asian-Ladies-Art.jpg","datePublished":"2025-11-29T21:50:50+00:00","dateModified":"2025-12-07T07:25:39+00:00","description":"W Wietnamie znajdujemy pi\u0119kn\u0105 sztuk\u0119. Azjatyckie Damy Art pokazuje dwie kobiety w stylowych bia\u0142ych strojach na czerwonym tle.","breadcrumb":{"@id":"https:\/\/redkarawana.com\/pl\/rzemioslo\/sztuka-kobiety-azjatyckie-wietnam\/#breadcrumb"},"inLanguage":"pl-PL","potentialAction":[{"@type":"ReadAction","target":["https:\/\/redkarawana.com\/pl\/rzemioslo\/sztuka-kobiety-azjatyckie-wietnam\/"]}]},{"@type":"ImageObject","inLanguage":"pl-PL","@id":"https:\/\/redkarawana.com\/pl\/rzemioslo\/sztuka-kobiety-azjatyckie-wietnam\/#primaryimage","url":"https:\/\/redkarawana.com\/wp-content\/uploads\/2024\/05\/1-SP-Vietnam-Asian-Ladies-Art.jpg","contentUrl":"https:\/\/redkarawana.com\/wp-content\/uploads\/2024\/05\/1-SP-Vietnam-Asian-Ladies-Art.jpg","width":680,"height":453,"caption":"Wietnam, Azjatyckie Damy Art"},{"@type":"BreadcrumbList","@id":"https:\/\/redkarawana.com\/pl\/rzemioslo\/sztuka-kobiety-azjatyckie-wietnam\/#breadcrumb","itemListElement":[{"@type":"ListItem","position":1,"name":"Home","item":"https:\/\/redkarawana.com\/pl\/"},{"@type":"ListItem","position":2,"name":"Rzemios\u0142a","item":"https:\/\/redkarawana.com\/pl\/rzemiosla\/"},{"@type":"ListItem","position":3,"name":"Azjatyckie Damy Art, Wietnam; Sztuka \u015acienna Pokazuje Damy w Strojach"}]},{"@type":"WebSite","@id":"https:\/\/redkarawana.com\/#website","url":"https:\/\/redkarawana.com\/","name":"Red Karawana","description":"","publisher":{"@id":"https:\/\/redkarawana.com\/#organization"},"potentialAction":[{"@type":"SearchAction","target":{"@type":"EntryPoint","urlTemplate":"https:\/\/redkarawana.com\/?s={search_term_string}"},"query-input":{"@type":"PropertyValueSpecification","valueRequired":true,"valueName":"search_term_string"}}],"inLanguage":"pl-PL"},{"@type":"Organization","@id":"https:\/\/redkarawana.com\/#organization","name":"Red Karawana","url":"https:\/\/redkarawana.com\/","logo":{"@type":"ImageObject","inLanguage":"pl-PL","@id":"https:\/\/redkarawana.com\/#\/schema\/logo\/image\/","url":"https:\/\/redkarawana.com\/wp-content\/uploads\/2025\/05\/cropped-Screenshot-2025-05-29-at-09.27.38.png","contentUrl":"https:\/\/redkarawana.com\/wp-content\/uploads\/2025\/05\/cropped-Screenshot-2025-05-29-at-09.27.38.png","width":512,"height":512,"caption":"Red Karawana"},"image":{"@id":"https:\/\/redkarawana.com\/#\/schema\/logo\/image\/"},"sameAs":["https:\/\/www.facebook.com\/redkarawana\/","https:\/\/www.instagram.com\/redkarawana\/","https:\/\/www.youtube.com\/channel\/UCU9jXzSmyKm4ZZv38FEXGKg","https:\/\/www.pinterest.com\/redkarawana\/"]}]}},"_links":{"self":[{"href":"https:\/\/redkarawana.com\/pl\/wp-json\/wp\/v2\/product\/3735","targetHints":{"allow":["GET"]}}],"collection":[{"href":"https:\/\/redkarawana.com\/pl\/wp-json\/wp\/v2\/product"}],"about":[{"href":"https:\/\/redkarawana.com\/pl\/wp-json\/wp\/v2\/types\/product"}],"wp:featuredmedia":[{"embeddable":true,"href":"https:\/\/redkarawana.com\/pl\/wp-json\/wp\/v2\/media\/3716"}],"wp:attachment":[{"href":"https:\/\/redkarawana.com\/pl\/wp-json\/wp\/v2\/media?parent=3735"}],"wp:term":[{"taxonomy":"product_brand","embeddable":true,"href":"https:\/\/redkarawana.com\/pl\/wp-json\/wp\/v2\/product_brand?post=3735"},{"taxonomy":"product_cat","embeddable":true,"href":"https:\/\/redkarawana.com\/pl\/wp-json\/wp\/v2\/product_cat?post=3735"},{"taxonomy":"product_tag","embeddable":true,"href":"https:\/\/redkarawana.com\/pl\/wp-json\/wp\/v2\/product_tag?post=3735"}],"curies":[{"name":"wp","href":"https:\/\/api.w.org\/{rel}","templated":true}]}}