{"id":3779,"date":"2025-11-29T22:00:54","date_gmt":"2025-11-29T22:00:54","guid":{"rendered":"https:\/\/redkarawana.com\/?post_type=product&#038;p=3779"},"modified":"2024-05-13T07:07:54","modified_gmt":"2024-05-13T07:07:54","slug":"spodnica-argentyna","status":"publish","type":"product","link":"https:\/\/redkarawana.com\/pl\/rzemioslo\/spodnica-argentyna\/","title":{"rendered":"Sp\u00f3dnica, Argentyna; Sp\u00f3dnica w Stylu Boho z Egzotycznym Wzorem"},"content":{"rendered":"<p>Region And\u00f3w w Ameryce Po\u0142udniowej jest znanym o\u015brodkiem produkcji tekstyli\u00f3w. Andyjscy arty\u015bci zachowuj\u0105 tradycyjne techniki tkania, wykorzystuj\u0105c r\u00f3\u017cnorodne w\u0142\u00f3kna, takie jak bawe\u0142na, we\u0142na z lamy, we\u0142na z alpaki i we\u0142na z wielb\u0142\u0105da oraz wybieraj\u0105c naturalne barwniki. Argenty\u0144scy projektanci mody wybieraj\u0105 te wspania\u0142e tkaniny do tworzenia wysokiej jako\u015bci odzie\u017cy damskiej. Rapsodia, firma odzie\u017cowa z Buenos Aires w Argentynie, projektuje ubrania w stylu boho z unikalnymi wzorami i estetyczn\u0105 palet\u0105 kolor\u00f3w. Prezentowana sp\u00f3dnica w stylu boho, zaprojektowana przez firm\u0119 Rapsodia, ma egzotyczny wielobarwny wz\u00f3r wyhaftowany na be\u017cowym materiale. Wymiary: Sp\u00f3dnica (obw\u00f3d talii 60-70 cm (23,6-27,5 cala), wysoko\u015b\u0107 166-170 cm (65,3-66,9 cala), rozmiar 42 (\u015bredni).<\/p>\n","protected":false},"excerpt":{"rendered":"<p>Region And\u00f3w w Ameryce Po\u0142udniowej jest znanym o\u015brodkiem produkcji tekstyli\u00f3w. Andyjscy arty\u015bci zachowuj\u0105 tradycyjne techniki tkania, wykorzystuj\u0105c r\u00f3\u017cnorodne w\u0142\u00f3kna, takie jak bawe\u0142na, we\u0142na z lamy, we\u0142na z alpaki i we\u0142na z wielb\u0142\u0105da oraz wybieraj\u0105c naturalne barwniki. Argenty\u0144scy projektanci mody wybieraj\u0105 te wspania\u0142e tkaniny do tworzenia wysokiej jako\u015bci odzie\u017cy damskiej. Rapsodia, firma odzie\u017cowa z Buenos Aires [&hellip;]<\/p>\n","protected":false},"featured_media":3743,"template":"","meta":{"_acf_changed":false},"product_brand":[],"product_cat":[54],"product_tag":[],"class_list":{"0":"post-3779","1":"product","2":"type-product","3":"status-publish","4":"has-post-thumbnail","6":"product_cat-eklektyczne","8":"first","9":"instock","10":"sold-individually","11":"taxable","12":"shipping-taxable","13":"purchasable","14":"product-type-simple"},"acf":[],"yoast_head":"<!-- This site is optimized with the Yoast SEO plugin v27.3 - https:\/\/yoast.com\/product\/yoast-seo-wordpress\/ -->\n<title>Sp\u00f3dnica w Stylu Boho, Argentyna - Eklektyczne - Red Karawana<\/title>\n<meta name=\"description\" content=\"Prezentowana sp\u00f3dnica w stylu boho, zaprojektowana przez firm\u0119 Rapsodia, ma egzotyczny wielobarwny wz\u00f3r wyhaftowany na be\u017cowym materiale.\" \/>\n<meta name=\"robots\" content=\"index, follow, max-snippet:-1, max-image-preview:large, max-video-preview:-1\" \/>\n<link rel=\"canonical\" href=\"https:\/\/redkarawana.com\/pl\/rzemioslo\/spodnica-argentyna\/\" \/>\n<meta property=\"og:locale\" content=\"pl_PL\" \/>\n<meta property=\"og:type\" content=\"article\" \/>\n<meta property=\"og:title\" content=\"Sp\u00f3dnica w Stylu Boho, Argentyna - Eklektyczne - Red Karawana\" \/>\n<meta property=\"og:description\" content=\"Prezentowana sp\u00f3dnica w stylu boho, zaprojektowana przez firm\u0119 Rapsodia, ma egzotyczny wielobarwny wz\u00f3r wyhaftowany na be\u017cowym materiale.\" \/>\n<meta property=\"og:url\" content=\"https:\/\/redkarawana.com\/pl\/rzemioslo\/spodnica-argentyna\/\" \/>\n<meta property=\"og:site_name\" content=\"Red Karawana\" \/>\n<meta property=\"article:publisher\" content=\"https:\/\/www.facebook.com\/redkarawana\/\" \/>\n<meta property=\"og:image\" content=\"https:\/\/redkarawana.com\/wp-content\/uploads\/2024\/05\/1-AAP-F1200x630-Argentina-Skirt.jpg\" \/>\n\t<meta property=\"og:image:width\" content=\"1200\" \/>\n\t<meta property=\"og:image:height\" content=\"630\" \/>\n\t<meta property=\"og:image:type\" content=\"image\/jpeg\" \/>\n<meta name=\"twitter:card\" content=\"summary_large_image\" \/>\n<meta name=\"twitter:label1\" content=\"Szacowany czas czytania\" \/>\n\t<meta name=\"twitter:data1\" content=\"1 minuta\" \/>\n<script type=\"application\/ld+json\" class=\"yoast-schema-graph\">{\"@context\":\"https:\\\/\\\/schema.org\",\"@graph\":[{\"@type\":\"WebPage\",\"@id\":\"https:\\\/\\\/redkarawana.com\\\/pl\\\/rzemioslo\\\/spodnica-argentyna\\\/\",\"url\":\"https:\\\/\\\/redkarawana.com\\\/pl\\\/rzemioslo\\\/spodnica-argentyna\\\/\",\"name\":\"Sp\u00f3dnica w Stylu Boho, Argentyna - Eklektyczne - Red Karawana\",\"isPartOf\":{\"@id\":\"https:\\\/\\\/redkarawana.com\\\/#website\"},\"primaryImageOfPage\":{\"@id\":\"https:\\\/\\\/redkarawana.com\\\/pl\\\/rzemioslo\\\/spodnica-argentyna\\\/#primaryimage\"},\"image\":{\"@id\":\"https:\\\/\\\/redkarawana.com\\\/pl\\\/rzemioslo\\\/spodnica-argentyna\\\/#primaryimage\"},\"thumbnailUrl\":\"https:\\\/\\\/redkarawana.com\\\/wp-content\\\/uploads\\\/2024\\\/05\\\/1-SP-Argentina-Skirt.jpg\",\"datePublished\":\"2025-11-29T22:00:54+00:00\",\"description\":\"Prezentowana sp\u00f3dnica w stylu boho, zaprojektowana przez firm\u0119 Rapsodia, ma egzotyczny wielobarwny wz\u00f3r wyhaftowany na be\u017cowym materiale.\",\"breadcrumb\":{\"@id\":\"https:\\\/\\\/redkarawana.com\\\/pl\\\/rzemioslo\\\/spodnica-argentyna\\\/#breadcrumb\"},\"inLanguage\":\"pl-PL\",\"potentialAction\":[{\"@type\":\"ReadAction\",\"target\":[\"https:\\\/\\\/redkarawana.com\\\/pl\\\/rzemioslo\\\/spodnica-argentyna\\\/\"]}]},{\"@type\":\"ImageObject\",\"inLanguage\":\"pl-PL\",\"@id\":\"https:\\\/\\\/redkarawana.com\\\/pl\\\/rzemioslo\\\/spodnica-argentyna\\\/#primaryimage\",\"url\":\"https:\\\/\\\/redkarawana.com\\\/wp-content\\\/uploads\\\/2024\\\/05\\\/1-SP-Argentina-Skirt.jpg\",\"contentUrl\":\"https:\\\/\\\/redkarawana.com\\\/wp-content\\\/uploads\\\/2024\\\/05\\\/1-SP-Argentina-Skirt.jpg\",\"width\":680,\"height\":453,\"caption\":\"Argentyna, Sp\u00f3dnica\"},{\"@type\":\"BreadcrumbList\",\"@id\":\"https:\\\/\\\/redkarawana.com\\\/pl\\\/rzemioslo\\\/spodnica-argentyna\\\/#breadcrumb\",\"itemListElement\":[{\"@type\":\"ListItem\",\"position\":1,\"name\":\"Home\",\"item\":\"https:\\\/\\\/redkarawana.com\\\/pl\\\/\"},{\"@type\":\"ListItem\",\"position\":2,\"name\":\"Rzemios\u0142a\",\"item\":\"https:\\\/\\\/redkarawana.com\\\/pl\\\/rzemiosla\\\/\"},{\"@type\":\"ListItem\",\"position\":3,\"name\":\"Sp\u00f3dnica, Argentyna; Sp\u00f3dnica w Stylu Boho z Egzotycznym Wzorem\"}]},{\"@type\":\"WebSite\",\"@id\":\"https:\\\/\\\/redkarawana.com\\\/#website\",\"url\":\"https:\\\/\\\/redkarawana.com\\\/\",\"name\":\"Red Karawana\",\"description\":\"\",\"publisher\":{\"@id\":\"https:\\\/\\\/redkarawana.com\\\/#organization\"},\"potentialAction\":[{\"@type\":\"SearchAction\",\"target\":{\"@type\":\"EntryPoint\",\"urlTemplate\":\"https:\\\/\\\/redkarawana.com\\\/?s={search_term_string}\"},\"query-input\":{\"@type\":\"PropertyValueSpecification\",\"valueRequired\":true,\"valueName\":\"search_term_string\"}}],\"inLanguage\":\"pl-PL\"},{\"@type\":\"Organization\",\"@id\":\"https:\\\/\\\/redkarawana.com\\\/#organization\",\"name\":\"Red Karawana\",\"url\":\"https:\\\/\\\/redkarawana.com\\\/\",\"logo\":{\"@type\":\"ImageObject\",\"inLanguage\":\"pl-PL\",\"@id\":\"https:\\\/\\\/redkarawana.com\\\/#\\\/schema\\\/logo\\\/image\\\/\",\"url\":\"https:\\\/\\\/redkarawana.com\\\/wp-content\\\/uploads\\\/2025\\\/05\\\/cropped-Screenshot-2025-05-29-at-09.27.38.png\",\"contentUrl\":\"https:\\\/\\\/redkarawana.com\\\/wp-content\\\/uploads\\\/2025\\\/05\\\/cropped-Screenshot-2025-05-29-at-09.27.38.png\",\"width\":512,\"height\":512,\"caption\":\"Red Karawana\"},\"image\":{\"@id\":\"https:\\\/\\\/redkarawana.com\\\/#\\\/schema\\\/logo\\\/image\\\/\"},\"sameAs\":[\"https:\\\/\\\/www.facebook.com\\\/redkarawana\\\/\",\"https:\\\/\\\/www.instagram.com\\\/redkarawana\\\/\",\"https:\\\/\\\/www.youtube.com\\\/channel\\\/UCU9jXzSmyKm4ZZv38FEXGKg\",\"https:\\\/\\\/www.pinterest.com\\\/redkarawana\\\/\"]}]}<\/script>\n<!-- \/ Yoast SEO plugin. -->","yoast_head_json":{"title":"Sp\u00f3dnica w Stylu Boho, Argentyna - Eklektyczne - Red Karawana","description":"Prezentowana sp\u00f3dnica w stylu boho, zaprojektowana przez firm\u0119 Rapsodia, ma egzotyczny wielobarwny wz\u00f3r wyhaftowany na be\u017cowym materiale.","robots":{"index":"index","follow":"follow","max-snippet":"max-snippet:-1","max-image-preview":"max-image-preview:large","max-video-preview":"max-video-preview:-1"},"canonical":"https:\/\/redkarawana.com\/pl\/rzemioslo\/spodnica-argentyna\/","og_locale":"pl_PL","og_type":"article","og_title":"Sp\u00f3dnica w Stylu Boho, Argentyna - Eklektyczne - Red Karawana","og_description":"Prezentowana sp\u00f3dnica w stylu boho, zaprojektowana przez firm\u0119 Rapsodia, ma egzotyczny wielobarwny wz\u00f3r wyhaftowany na be\u017cowym materiale.","og_url":"https:\/\/redkarawana.com\/pl\/rzemioslo\/spodnica-argentyna\/","og_site_name":"Red Karawana","article_publisher":"https:\/\/www.facebook.com\/redkarawana\/","og_image":[{"width":1200,"height":630,"url":"https:\/\/redkarawana.com\/wp-content\/uploads\/2024\/05\/1-AAP-F1200x630-Argentina-Skirt.jpg","type":"image\/jpeg"}],"twitter_card":"summary_large_image","twitter_misc":{"Szacowany czas czytania":"1 minuta"},"schema":{"@context":"https:\/\/schema.org","@graph":[{"@type":"WebPage","@id":"https:\/\/redkarawana.com\/pl\/rzemioslo\/spodnica-argentyna\/","url":"https:\/\/redkarawana.com\/pl\/rzemioslo\/spodnica-argentyna\/","name":"Sp\u00f3dnica w Stylu Boho, Argentyna - Eklektyczne - Red Karawana","isPartOf":{"@id":"https:\/\/redkarawana.com\/#website"},"primaryImageOfPage":{"@id":"https:\/\/redkarawana.com\/pl\/rzemioslo\/spodnica-argentyna\/#primaryimage"},"image":{"@id":"https:\/\/redkarawana.com\/pl\/rzemioslo\/spodnica-argentyna\/#primaryimage"},"thumbnailUrl":"https:\/\/redkarawana.com\/wp-content\/uploads\/2024\/05\/1-SP-Argentina-Skirt.jpg","datePublished":"2025-11-29T22:00:54+00:00","description":"Prezentowana sp\u00f3dnica w stylu boho, zaprojektowana przez firm\u0119 Rapsodia, ma egzotyczny wielobarwny wz\u00f3r wyhaftowany na be\u017cowym materiale.","breadcrumb":{"@id":"https:\/\/redkarawana.com\/pl\/rzemioslo\/spodnica-argentyna\/#breadcrumb"},"inLanguage":"pl-PL","potentialAction":[{"@type":"ReadAction","target":["https:\/\/redkarawana.com\/pl\/rzemioslo\/spodnica-argentyna\/"]}]},{"@type":"ImageObject","inLanguage":"pl-PL","@id":"https:\/\/redkarawana.com\/pl\/rzemioslo\/spodnica-argentyna\/#primaryimage","url":"https:\/\/redkarawana.com\/wp-content\/uploads\/2024\/05\/1-SP-Argentina-Skirt.jpg","contentUrl":"https:\/\/redkarawana.com\/wp-content\/uploads\/2024\/05\/1-SP-Argentina-Skirt.jpg","width":680,"height":453,"caption":"Argentyna, Sp\u00f3dnica"},{"@type":"BreadcrumbList","@id":"https:\/\/redkarawana.com\/pl\/rzemioslo\/spodnica-argentyna\/#breadcrumb","itemListElement":[{"@type":"ListItem","position":1,"name":"Home","item":"https:\/\/redkarawana.com\/pl\/"},{"@type":"ListItem","position":2,"name":"Rzemios\u0142a","item":"https:\/\/redkarawana.com\/pl\/rzemiosla\/"},{"@type":"ListItem","position":3,"name":"Sp\u00f3dnica, Argentyna; Sp\u00f3dnica w Stylu Boho z Egzotycznym Wzorem"}]},{"@type":"WebSite","@id":"https:\/\/redkarawana.com\/#website","url":"https:\/\/redkarawana.com\/","name":"Red Karawana","description":"","publisher":{"@id":"https:\/\/redkarawana.com\/#organization"},"potentialAction":[{"@type":"SearchAction","target":{"@type":"EntryPoint","urlTemplate":"https:\/\/redkarawana.com\/?s={search_term_string}"},"query-input":{"@type":"PropertyValueSpecification","valueRequired":true,"valueName":"search_term_string"}}],"inLanguage":"pl-PL"},{"@type":"Organization","@id":"https:\/\/redkarawana.com\/#organization","name":"Red Karawana","url":"https:\/\/redkarawana.com\/","logo":{"@type":"ImageObject","inLanguage":"pl-PL","@id":"https:\/\/redkarawana.com\/#\/schema\/logo\/image\/","url":"https:\/\/redkarawana.com\/wp-content\/uploads\/2025\/05\/cropped-Screenshot-2025-05-29-at-09.27.38.png","contentUrl":"https:\/\/redkarawana.com\/wp-content\/uploads\/2025\/05\/cropped-Screenshot-2025-05-29-at-09.27.38.png","width":512,"height":512,"caption":"Red Karawana"},"image":{"@id":"https:\/\/redkarawana.com\/#\/schema\/logo\/image\/"},"sameAs":["https:\/\/www.facebook.com\/redkarawana\/","https:\/\/www.instagram.com\/redkarawana\/","https:\/\/www.youtube.com\/channel\/UCU9jXzSmyKm4ZZv38FEXGKg","https:\/\/www.pinterest.com\/redkarawana\/"]}]}},"_links":{"self":[{"href":"https:\/\/redkarawana.com\/pl\/wp-json\/wp\/v2\/product\/3779","targetHints":{"allow":["GET"]}}],"collection":[{"href":"https:\/\/redkarawana.com\/pl\/wp-json\/wp\/v2\/product"}],"about":[{"href":"https:\/\/redkarawana.com\/pl\/wp-json\/wp\/v2\/types\/product"}],"wp:featuredmedia":[{"embeddable":true,"href":"https:\/\/redkarawana.com\/pl\/wp-json\/wp\/v2\/media\/3743"}],"wp:attachment":[{"href":"https:\/\/redkarawana.com\/pl\/wp-json\/wp\/v2\/media?parent=3779"}],"wp:term":[{"taxonomy":"product_brand","embeddable":true,"href":"https:\/\/redkarawana.com\/pl\/wp-json\/wp\/v2\/product_brand?post=3779"},{"taxonomy":"product_cat","embeddable":true,"href":"https:\/\/redkarawana.com\/pl\/wp-json\/wp\/v2\/product_cat?post=3779"},{"taxonomy":"product_tag","embeddable":true,"href":"https:\/\/redkarawana.com\/pl\/wp-json\/wp\/v2\/product_tag?post=3779"}],"curies":[{"name":"wp","href":"https:\/\/api.w.org\/{rel}","templated":true}]}}