{"id":3784,"date":"2025-11-29T22:10:56","date_gmt":"2025-11-29T22:10:56","guid":{"rendered":"https:\/\/redkarawana.com\/?post_type=product&#038;p=3784"},"modified":"2024-05-13T07:26:56","modified_gmt":"2024-05-13T07:26:56","slug":"gliniane-figurki-rosja","status":"publish","type":"product","link":"https:\/\/redkarawana.com\/pl\/rzemioslo\/gliniane-figurki-rosja\/","title":{"rendered":"Gliniane Figurki, Rosja; Rzemios\u0142o z Gliny Zdobione Motywem Ludowym"},"content":{"rendered":"<p>W XV wieku, Osada Dymkowo w pobli\u017cu miasta Kirow sta\u0142a si\u0119 centrum wyrobu zabawek z gliny. Rosyjscy rzemie\u015blnicy u\u017cyli mieszanki czerwonej gliny i piasku rzecznego, aby stworzy\u0107 najpi\u0119kniejsze zabawki. R\u0119cznie robione Dymkovo Zabawki to stare rosyjskie dzie\u0142o sztuki ludowej, przedstawiaj\u0105ce tradycyjn\u0105 rosyjsk\u0105 kultur\u0119. Figurki zwierz\u0105t i ludzi s\u0105 malowane z r\u00f3\u017cnymi wzorami w \u017cywych kolorach.\u00a0 Nasze wyr\u00f3\u017cnione Figurki Dymkovo to dobrze ubrana szlachetna dama i stylowo zdobiony indyk. Zestaw: 1 figurka damy (wysoko\u015b\u0107 5 cali, szeroko\u015b\u0107 3 cale) i 1 figurka indyka (wysoko\u015b\u0107 4 1\/2 cala, szeroko\u015b\u0107 4 cale).<\/p>\n","protected":false},"excerpt":{"rendered":"<p>W XV wieku, Osada Dymkowo w pobli\u017cu miasta Kirow sta\u0142a si\u0119 centrum wyrobu zabawek z gliny. Rosyjscy rzemie\u015blnicy u\u017cyli mieszanki czerwonej gliny i piasku rzecznego, aby stworzy\u0107 najpi\u0119kniejsze zabawki. R\u0119cznie robione Dymkovo Zabawki to stare rosyjskie dzie\u0142o sztuki ludowej, przedstawiaj\u0105ce tradycyjn\u0105 rosyjsk\u0105 kultur\u0119. Figurki zwierz\u0105t i ludzi s\u0105 malowane z r\u00f3\u017cnymi wzorami w \u017cywych kolorach.\u00a0 [&hellip;]<\/p>\n","protected":false},"featured_media":3764,"template":"","meta":{"_acf_changed":false},"product_brand":[],"product_cat":[52],"product_tag":[],"class_list":{"0":"post-3784","1":"product","2":"type-product","3":"status-publish","4":"has-post-thumbnail","6":"product_cat-artystyczne","8":"first","9":"instock","10":"sold-individually","11":"taxable","12":"shipping-taxable","13":"purchasable","14":"product-type-simple"},"acf":[],"yoast_head":"<!-- This site is optimized with the Yoast SEO plugin v27.4 - https:\/\/yoast.com\/product\/yoast-seo-wordpress\/ -->\n<title>Dymkovo Gliniane Figurki, Rosja - Artystyczne - Red Karawana<\/title>\n<meta name=\"description\" content=\"Dymkovo Zabawki to stare rosyjskie dzie\u0142o sztuki ludowej, przedstawiaj\u0105ce rosyjsk\u0105 kultur\u0119. Nasze Gliniane Figurki to szlachetna dama i indyk.\" \/>\n<meta name=\"robots\" content=\"index, follow, max-snippet:-1, max-image-preview:large, max-video-preview:-1\" \/>\n<link rel=\"canonical\" href=\"https:\/\/redkarawana.com\/pl\/rzemioslo\/gliniane-figurki-rosja\/\" \/>\n<meta property=\"og:locale\" content=\"pl_PL\" \/>\n<meta property=\"og:type\" content=\"article\" \/>\n<meta property=\"og:title\" content=\"Dymkovo Gliniane Figurki, Rosja - Artystyczne - Red Karawana\" \/>\n<meta property=\"og:description\" content=\"Dymkovo Zabawki to stare rosyjskie dzie\u0142o sztuki ludowej, przedstawiaj\u0105ce rosyjsk\u0105 kultur\u0119. Nasze Gliniane Figurki to szlachetna dama i indyk.\" \/>\n<meta property=\"og:url\" content=\"https:\/\/redkarawana.com\/pl\/rzemioslo\/gliniane-figurki-rosja\/\" \/>\n<meta property=\"og:site_name\" content=\"Red Karawana\" \/>\n<meta property=\"article:publisher\" content=\"https:\/\/www.facebook.com\/redkarawana\/\" \/>\n<meta property=\"og:image\" content=\"https:\/\/redkarawana.com\/wp-content\/uploads\/2024\/05\/1-ABP-F1200x630-Russia-Clay-Figurines.jpg\" \/>\n\t<meta property=\"og:image:width\" content=\"1200\" \/>\n\t<meta property=\"og:image:height\" content=\"630\" \/>\n\t<meta property=\"og:image:type\" content=\"image\/jpeg\" \/>\n<meta name=\"twitter:card\" content=\"summary_large_image\" \/>\n<meta name=\"twitter:label1\" content=\"Szacowany czas czytania\" \/>\n\t<meta name=\"twitter:data1\" content=\"1 minuta\" \/>\n<script type=\"application\/ld+json\" class=\"yoast-schema-graph\">{\"@context\":\"https:\\\/\\\/schema.org\",\"@graph\":[{\"@type\":\"WebPage\",\"@id\":\"https:\\\/\\\/redkarawana.com\\\/pl\\\/rzemioslo\\\/gliniane-figurki-rosja\\\/\",\"url\":\"https:\\\/\\\/redkarawana.com\\\/pl\\\/rzemioslo\\\/gliniane-figurki-rosja\\\/\",\"name\":\"Dymkovo Gliniane Figurki, Rosja - Artystyczne - Red Karawana\",\"isPartOf\":{\"@id\":\"https:\\\/\\\/redkarawana.com\\\/#website\"},\"primaryImageOfPage\":{\"@id\":\"https:\\\/\\\/redkarawana.com\\\/pl\\\/rzemioslo\\\/gliniane-figurki-rosja\\\/#primaryimage\"},\"image\":{\"@id\":\"https:\\\/\\\/redkarawana.com\\\/pl\\\/rzemioslo\\\/gliniane-figurki-rosja\\\/#primaryimage\"},\"thumbnailUrl\":\"https:\\\/\\\/redkarawana.com\\\/wp-content\\\/uploads\\\/2024\\\/05\\\/1-SP-Russia-Clay-Figurines.jpg\",\"datePublished\":\"2025-11-29T22:10:56+00:00\",\"description\":\"Dymkovo Zabawki to stare rosyjskie dzie\u0142o sztuki ludowej, przedstawiaj\u0105ce rosyjsk\u0105 kultur\u0119. Nasze Gliniane Figurki to szlachetna dama i indyk.\",\"breadcrumb\":{\"@id\":\"https:\\\/\\\/redkarawana.com\\\/pl\\\/rzemioslo\\\/gliniane-figurki-rosja\\\/#breadcrumb\"},\"inLanguage\":\"pl-PL\",\"potentialAction\":[{\"@type\":\"ReadAction\",\"target\":[\"https:\\\/\\\/redkarawana.com\\\/pl\\\/rzemioslo\\\/gliniane-figurki-rosja\\\/\"]}]},{\"@type\":\"ImageObject\",\"inLanguage\":\"pl-PL\",\"@id\":\"https:\\\/\\\/redkarawana.com\\\/pl\\\/rzemioslo\\\/gliniane-figurki-rosja\\\/#primaryimage\",\"url\":\"https:\\\/\\\/redkarawana.com\\\/wp-content\\\/uploads\\\/2024\\\/05\\\/1-SP-Russia-Clay-Figurines.jpg\",\"contentUrl\":\"https:\\\/\\\/redkarawana.com\\\/wp-content\\\/uploads\\\/2024\\\/05\\\/1-SP-Russia-Clay-Figurines.jpg\",\"width\":680,\"height\":453,\"caption\":\"Rosja, Gliniane Figurki\"},{\"@type\":\"BreadcrumbList\",\"@id\":\"https:\\\/\\\/redkarawana.com\\\/pl\\\/rzemioslo\\\/gliniane-figurki-rosja\\\/#breadcrumb\",\"itemListElement\":[{\"@type\":\"ListItem\",\"position\":1,\"name\":\"Home\",\"item\":\"https:\\\/\\\/redkarawana.com\\\/pl\\\/\"},{\"@type\":\"ListItem\",\"position\":2,\"name\":\"Rzemios\u0142a\",\"item\":\"https:\\\/\\\/redkarawana.com\\\/pl\\\/rzemiosla\\\/\"},{\"@type\":\"ListItem\",\"position\":3,\"name\":\"Gliniane Figurki, Rosja; Rzemios\u0142o z Gliny Zdobione Motywem Ludowym\"}]},{\"@type\":\"WebSite\",\"@id\":\"https:\\\/\\\/redkarawana.com\\\/#website\",\"url\":\"https:\\\/\\\/redkarawana.com\\\/\",\"name\":\"Red Karawana\",\"description\":\"\",\"publisher\":{\"@id\":\"https:\\\/\\\/redkarawana.com\\\/#organization\"},\"potentialAction\":[{\"@type\":\"SearchAction\",\"target\":{\"@type\":\"EntryPoint\",\"urlTemplate\":\"https:\\\/\\\/redkarawana.com\\\/?s={search_term_string}\"},\"query-input\":{\"@type\":\"PropertyValueSpecification\",\"valueRequired\":true,\"valueName\":\"search_term_string\"}}],\"inLanguage\":\"pl-PL\"},{\"@type\":\"Organization\",\"@id\":\"https:\\\/\\\/redkarawana.com\\\/#organization\",\"name\":\"Red Karawana\",\"url\":\"https:\\\/\\\/redkarawana.com\\\/\",\"logo\":{\"@type\":\"ImageObject\",\"inLanguage\":\"pl-PL\",\"@id\":\"https:\\\/\\\/redkarawana.com\\\/#\\\/schema\\\/logo\\\/image\\\/\",\"url\":\"https:\\\/\\\/redkarawana.com\\\/wp-content\\\/uploads\\\/2025\\\/05\\\/cropped-Screenshot-2025-05-29-at-09.27.38.png\",\"contentUrl\":\"https:\\\/\\\/redkarawana.com\\\/wp-content\\\/uploads\\\/2025\\\/05\\\/cropped-Screenshot-2025-05-29-at-09.27.38.png\",\"width\":512,\"height\":512,\"caption\":\"Red Karawana\"},\"image\":{\"@id\":\"https:\\\/\\\/redkarawana.com\\\/#\\\/schema\\\/logo\\\/image\\\/\"},\"sameAs\":[\"https:\\\/\\\/www.facebook.com\\\/redkarawana\\\/\",\"https:\\\/\\\/www.instagram.com\\\/redkarawana\\\/\",\"https:\\\/\\\/www.youtube.com\\\/channel\\\/UCU9jXzSmyKm4ZZv38FEXGKg\",\"https:\\\/\\\/www.pinterest.com\\\/redkarawana\\\/\"]}]}<\/script>\n<!-- \/ Yoast SEO plugin. -->","yoast_head_json":{"title":"Dymkovo Gliniane Figurki, Rosja - Artystyczne - Red Karawana","description":"Dymkovo Zabawki to stare rosyjskie dzie\u0142o sztuki ludowej, przedstawiaj\u0105ce rosyjsk\u0105 kultur\u0119. Nasze Gliniane Figurki to szlachetna dama i indyk.","robots":{"index":"index","follow":"follow","max-snippet":"max-snippet:-1","max-image-preview":"max-image-preview:large","max-video-preview":"max-video-preview:-1"},"canonical":"https:\/\/redkarawana.com\/pl\/rzemioslo\/gliniane-figurki-rosja\/","og_locale":"pl_PL","og_type":"article","og_title":"Dymkovo Gliniane Figurki, Rosja - Artystyczne - Red Karawana","og_description":"Dymkovo Zabawki to stare rosyjskie dzie\u0142o sztuki ludowej, przedstawiaj\u0105ce rosyjsk\u0105 kultur\u0119. Nasze Gliniane Figurki to szlachetna dama i indyk.","og_url":"https:\/\/redkarawana.com\/pl\/rzemioslo\/gliniane-figurki-rosja\/","og_site_name":"Red Karawana","article_publisher":"https:\/\/www.facebook.com\/redkarawana\/","og_image":[{"width":1200,"height":630,"url":"https:\/\/redkarawana.com\/wp-content\/uploads\/2024\/05\/1-ABP-F1200x630-Russia-Clay-Figurines.jpg","type":"image\/jpeg"}],"twitter_card":"summary_large_image","twitter_misc":{"Szacowany czas czytania":"1 minuta"},"schema":{"@context":"https:\/\/schema.org","@graph":[{"@type":"WebPage","@id":"https:\/\/redkarawana.com\/pl\/rzemioslo\/gliniane-figurki-rosja\/","url":"https:\/\/redkarawana.com\/pl\/rzemioslo\/gliniane-figurki-rosja\/","name":"Dymkovo Gliniane Figurki, Rosja - Artystyczne - Red Karawana","isPartOf":{"@id":"https:\/\/redkarawana.com\/#website"},"primaryImageOfPage":{"@id":"https:\/\/redkarawana.com\/pl\/rzemioslo\/gliniane-figurki-rosja\/#primaryimage"},"image":{"@id":"https:\/\/redkarawana.com\/pl\/rzemioslo\/gliniane-figurki-rosja\/#primaryimage"},"thumbnailUrl":"https:\/\/redkarawana.com\/wp-content\/uploads\/2024\/05\/1-SP-Russia-Clay-Figurines.jpg","datePublished":"2025-11-29T22:10:56+00:00","description":"Dymkovo Zabawki to stare rosyjskie dzie\u0142o sztuki ludowej, przedstawiaj\u0105ce rosyjsk\u0105 kultur\u0119. Nasze Gliniane Figurki to szlachetna dama i indyk.","breadcrumb":{"@id":"https:\/\/redkarawana.com\/pl\/rzemioslo\/gliniane-figurki-rosja\/#breadcrumb"},"inLanguage":"pl-PL","potentialAction":[{"@type":"ReadAction","target":["https:\/\/redkarawana.com\/pl\/rzemioslo\/gliniane-figurki-rosja\/"]}]},{"@type":"ImageObject","inLanguage":"pl-PL","@id":"https:\/\/redkarawana.com\/pl\/rzemioslo\/gliniane-figurki-rosja\/#primaryimage","url":"https:\/\/redkarawana.com\/wp-content\/uploads\/2024\/05\/1-SP-Russia-Clay-Figurines.jpg","contentUrl":"https:\/\/redkarawana.com\/wp-content\/uploads\/2024\/05\/1-SP-Russia-Clay-Figurines.jpg","width":680,"height":453,"caption":"Rosja, Gliniane Figurki"},{"@type":"BreadcrumbList","@id":"https:\/\/redkarawana.com\/pl\/rzemioslo\/gliniane-figurki-rosja\/#breadcrumb","itemListElement":[{"@type":"ListItem","position":1,"name":"Home","item":"https:\/\/redkarawana.com\/pl\/"},{"@type":"ListItem","position":2,"name":"Rzemios\u0142a","item":"https:\/\/redkarawana.com\/pl\/rzemiosla\/"},{"@type":"ListItem","position":3,"name":"Gliniane Figurki, Rosja; Rzemios\u0142o z Gliny Zdobione Motywem Ludowym"}]},{"@type":"WebSite","@id":"https:\/\/redkarawana.com\/#website","url":"https:\/\/redkarawana.com\/","name":"Red Karawana","description":"","publisher":{"@id":"https:\/\/redkarawana.com\/#organization"},"potentialAction":[{"@type":"SearchAction","target":{"@type":"EntryPoint","urlTemplate":"https:\/\/redkarawana.com\/?s={search_term_string}"},"query-input":{"@type":"PropertyValueSpecification","valueRequired":true,"valueName":"search_term_string"}}],"inLanguage":"pl-PL"},{"@type":"Organization","@id":"https:\/\/redkarawana.com\/#organization","name":"Red Karawana","url":"https:\/\/redkarawana.com\/","logo":{"@type":"ImageObject","inLanguage":"pl-PL","@id":"https:\/\/redkarawana.com\/#\/schema\/logo\/image\/","url":"https:\/\/redkarawana.com\/wp-content\/uploads\/2025\/05\/cropped-Screenshot-2025-05-29-at-09.27.38.png","contentUrl":"https:\/\/redkarawana.com\/wp-content\/uploads\/2025\/05\/cropped-Screenshot-2025-05-29-at-09.27.38.png","width":512,"height":512,"caption":"Red Karawana"},"image":{"@id":"https:\/\/redkarawana.com\/#\/schema\/logo\/image\/"},"sameAs":["https:\/\/www.facebook.com\/redkarawana\/","https:\/\/www.instagram.com\/redkarawana\/","https:\/\/www.youtube.com\/channel\/UCU9jXzSmyKm4ZZv38FEXGKg","https:\/\/www.pinterest.com\/redkarawana\/"]}]}},"_links":{"self":[{"href":"https:\/\/redkarawana.com\/pl\/wp-json\/wp\/v2\/product\/3784","targetHints":{"allow":["GET"]}}],"collection":[{"href":"https:\/\/redkarawana.com\/pl\/wp-json\/wp\/v2\/product"}],"about":[{"href":"https:\/\/redkarawana.com\/pl\/wp-json\/wp\/v2\/types\/product"}],"wp:featuredmedia":[{"embeddable":true,"href":"https:\/\/redkarawana.com\/pl\/wp-json\/wp\/v2\/media\/3764"}],"wp:attachment":[{"href":"https:\/\/redkarawana.com\/pl\/wp-json\/wp\/v2\/media?parent=3784"}],"wp:term":[{"taxonomy":"product_brand","embeddable":true,"href":"https:\/\/redkarawana.com\/pl\/wp-json\/wp\/v2\/product_brand?post=3784"},{"taxonomy":"product_cat","embeddable":true,"href":"https:\/\/redkarawana.com\/pl\/wp-json\/wp\/v2\/product_cat?post=3784"},{"taxonomy":"product_tag","embeddable":true,"href":"https:\/\/redkarawana.com\/pl\/wp-json\/wp\/v2\/product_tag?post=3784"}],"curies":[{"name":"wp","href":"https:\/\/api.w.org\/{rel}","templated":true}]}}