{"id":3852,"date":"2025-11-29T22:30:05","date_gmt":"2025-11-29T22:30:05","guid":{"rendered":"https:\/\/redkarawana.com\/?post_type=product&#038;p=3852"},"modified":"2024-05-13T10:51:06","modified_gmt":"2024-05-13T10:51:06","slug":"rosyjska-lalka-rosja","status":"publish","type":"product","link":"https:\/\/redkarawana.com\/pl\/rzemioslo\/rosyjska-lalka-rosja\/","title":{"rendered":"Rosyjska Lalka, Rosja; Wyj\u0105tkowa Lalka Ubrana w Modny Str\u00f3j"},"content":{"rendered":"<p>W staro\u017cytnej Rosji, lalki mia\u0142y warto\u015b\u0107 artystyczn\u0105 i by\u0142y wytwarzane dla mistycznych wierze\u0144. Tradycja tworzenia lalek jest szeroko rozpowszechniona w Rosji i obejmuje lalki dekoracyjne, zabawki dla dzieci i wykwintne lalki porcelanowe. Rosyjskie lalki s\u0105 cz\u0119sto tworzone z porcelany, ubrane w ludowe stroje lub stroje wysokiej klasy, i nosz\u0105 ozdobne nakrycia g\u0142owy. Nasza polecana rosyjska lalka zosta\u0142a wykonana r\u0119cznie przez rosyjsk\u0105 artystk\u0119, Varvara Zhdaniva. Nasza wybrana lalka ma porcelanow\u0105 g\u0142ow\u0119, d\u0142onie i stopy i jest ubrana w modny kostium ze stylow\u0105 czapk\u0105. Nasza rosyjska lalka mo\u017ce by\u0107 prezentowana na p\u00f3\u0142ce lub zawieszona na \u015bcianie. Wymiary: rosyjska lalka (17 cali wysoko\u015bci).<\/p>\n","protected":false},"excerpt":{"rendered":"<p>W staro\u017cytnej Rosji, lalki mia\u0142y warto\u015b\u0107 artystyczn\u0105 i by\u0142y wytwarzane dla mistycznych wierze\u0144. Tradycja tworzenia lalek jest szeroko rozpowszechniona w Rosji i obejmuje lalki dekoracyjne, zabawki dla dzieci i wykwintne lalki porcelanowe. Rosyjskie lalki s\u0105 cz\u0119sto tworzone z porcelany, ubrane w ludowe stroje lub stroje wysokiej klasy, i nosz\u0105 ozdobne nakrycia g\u0142owy. Nasza polecana rosyjska [&hellip;]<\/p>\n","protected":false},"featured_media":3816,"template":"","meta":{"_acf_changed":false},"product_brand":[],"product_cat":[52],"product_tag":[],"class_list":{"0":"post-3852","1":"product","2":"type-product","3":"status-publish","4":"has-post-thumbnail","6":"product_cat-artystyczne","8":"first","9":"instock","10":"sold-individually","11":"taxable","12":"shipping-taxable","13":"purchasable","14":"product-type-simple"},"acf":[],"yoast_head":"<!-- This site is optimized with the Yoast SEO plugin v27.4 - https:\/\/yoast.com\/product\/yoast-seo-wordpress\/ -->\n<title>Rosyjska Lalka w Stylowej Sukience - Artystyczne - Red Karawana<\/title>\n<meta name=\"description\" content=\"Rosyjska lalka zosta\u0142a wykonana r\u0119cznie przez rosyjsk\u0105 artystk\u0119, Varvara Zhdaniva. Nasza lalka jest ubrana w modny kostium ze stylow\u0105 czapk\u0105.\" \/>\n<meta name=\"robots\" content=\"index, follow, max-snippet:-1, max-image-preview:large, max-video-preview:-1\" \/>\n<link rel=\"canonical\" href=\"https:\/\/redkarawana.com\/pl\/rzemioslo\/rosyjska-lalka-rosja\/\" \/>\n<meta property=\"og:locale\" content=\"pl_PL\" \/>\n<meta property=\"og:type\" content=\"article\" \/>\n<meta property=\"og:title\" content=\"Rosyjska Lalka w Stylowej Sukience - Artystyczne - Red Karawana\" \/>\n<meta property=\"og:description\" content=\"Rosyjska lalka zosta\u0142a wykonana r\u0119cznie przez rosyjsk\u0105 artystk\u0119, Varvara Zhdaniva. Nasza lalka jest ubrana w modny kostium ze stylow\u0105 czapk\u0105.\" \/>\n<meta property=\"og:url\" content=\"https:\/\/redkarawana.com\/pl\/rzemioslo\/rosyjska-lalka-rosja\/\" \/>\n<meta property=\"og:site_name\" content=\"Red Karawana\" \/>\n<meta property=\"article:publisher\" content=\"https:\/\/www.facebook.com\/redkarawana\/\" \/>\n<meta property=\"og:image\" content=\"https:\/\/redkarawana.com\/wp-content\/uploads\/2024\/05\/1-ABP-F1200x630-Russia-Russian-Doll.jpg\" \/>\n\t<meta property=\"og:image:width\" content=\"1200\" \/>\n\t<meta property=\"og:image:height\" content=\"630\" \/>\n\t<meta property=\"og:image:type\" content=\"image\/jpeg\" \/>\n<meta name=\"twitter:card\" content=\"summary_large_image\" \/>\n<meta name=\"twitter:label1\" content=\"Szacowany czas czytania\" \/>\n\t<meta name=\"twitter:data1\" content=\"1 minuta\" \/>\n<script type=\"application\/ld+json\" class=\"yoast-schema-graph\">{\"@context\":\"https:\\\/\\\/schema.org\",\"@graph\":[{\"@type\":\"WebPage\",\"@id\":\"https:\\\/\\\/redkarawana.com\\\/pl\\\/rzemioslo\\\/rosyjska-lalka-rosja\\\/\",\"url\":\"https:\\\/\\\/redkarawana.com\\\/pl\\\/rzemioslo\\\/rosyjska-lalka-rosja\\\/\",\"name\":\"Rosyjska Lalka w Stylowej Sukience - Artystyczne - Red Karawana\",\"isPartOf\":{\"@id\":\"https:\\\/\\\/redkarawana.com\\\/#website\"},\"primaryImageOfPage\":{\"@id\":\"https:\\\/\\\/redkarawana.com\\\/pl\\\/rzemioslo\\\/rosyjska-lalka-rosja\\\/#primaryimage\"},\"image\":{\"@id\":\"https:\\\/\\\/redkarawana.com\\\/pl\\\/rzemioslo\\\/rosyjska-lalka-rosja\\\/#primaryimage\"},\"thumbnailUrl\":\"https:\\\/\\\/redkarawana.com\\\/wp-content\\\/uploads\\\/2024\\\/05\\\/1-SP-Russia-Russian-Doll.jpg\",\"datePublished\":\"2025-11-29T22:30:05+00:00\",\"description\":\"Rosyjska lalka zosta\u0142a wykonana r\u0119cznie przez rosyjsk\u0105 artystk\u0119, Varvara Zhdaniva. Nasza lalka jest ubrana w modny kostium ze stylow\u0105 czapk\u0105.\",\"breadcrumb\":{\"@id\":\"https:\\\/\\\/redkarawana.com\\\/pl\\\/rzemioslo\\\/rosyjska-lalka-rosja\\\/#breadcrumb\"},\"inLanguage\":\"pl-PL\",\"potentialAction\":[{\"@type\":\"ReadAction\",\"target\":[\"https:\\\/\\\/redkarawana.com\\\/pl\\\/rzemioslo\\\/rosyjska-lalka-rosja\\\/\"]}]},{\"@type\":\"ImageObject\",\"inLanguage\":\"pl-PL\",\"@id\":\"https:\\\/\\\/redkarawana.com\\\/pl\\\/rzemioslo\\\/rosyjska-lalka-rosja\\\/#primaryimage\",\"url\":\"https:\\\/\\\/redkarawana.com\\\/wp-content\\\/uploads\\\/2024\\\/05\\\/1-SP-Russia-Russian-Doll.jpg\",\"contentUrl\":\"https:\\\/\\\/redkarawana.com\\\/wp-content\\\/uploads\\\/2024\\\/05\\\/1-SP-Russia-Russian-Doll.jpg\",\"width\":680,\"height\":453,\"caption\":\"Rosja, Rosyjska Lalka\"},{\"@type\":\"BreadcrumbList\",\"@id\":\"https:\\\/\\\/redkarawana.com\\\/pl\\\/rzemioslo\\\/rosyjska-lalka-rosja\\\/#breadcrumb\",\"itemListElement\":[{\"@type\":\"ListItem\",\"position\":1,\"name\":\"Home\",\"item\":\"https:\\\/\\\/redkarawana.com\\\/pl\\\/\"},{\"@type\":\"ListItem\",\"position\":2,\"name\":\"Rzemios\u0142a\",\"item\":\"https:\\\/\\\/redkarawana.com\\\/pl\\\/rzemiosla\\\/\"},{\"@type\":\"ListItem\",\"position\":3,\"name\":\"Rosyjska Lalka, Rosja; Wyj\u0105tkowa Lalka Ubrana w Modny Str\u00f3j\"}]},{\"@type\":\"WebSite\",\"@id\":\"https:\\\/\\\/redkarawana.com\\\/#website\",\"url\":\"https:\\\/\\\/redkarawana.com\\\/\",\"name\":\"Red Karawana\",\"description\":\"\",\"publisher\":{\"@id\":\"https:\\\/\\\/redkarawana.com\\\/#organization\"},\"potentialAction\":[{\"@type\":\"SearchAction\",\"target\":{\"@type\":\"EntryPoint\",\"urlTemplate\":\"https:\\\/\\\/redkarawana.com\\\/?s={search_term_string}\"},\"query-input\":{\"@type\":\"PropertyValueSpecification\",\"valueRequired\":true,\"valueName\":\"search_term_string\"}}],\"inLanguage\":\"pl-PL\"},{\"@type\":\"Organization\",\"@id\":\"https:\\\/\\\/redkarawana.com\\\/#organization\",\"name\":\"Red Karawana\",\"url\":\"https:\\\/\\\/redkarawana.com\\\/\",\"logo\":{\"@type\":\"ImageObject\",\"inLanguage\":\"pl-PL\",\"@id\":\"https:\\\/\\\/redkarawana.com\\\/#\\\/schema\\\/logo\\\/image\\\/\",\"url\":\"https:\\\/\\\/redkarawana.com\\\/wp-content\\\/uploads\\\/2025\\\/05\\\/cropped-Screenshot-2025-05-29-at-09.27.38.png\",\"contentUrl\":\"https:\\\/\\\/redkarawana.com\\\/wp-content\\\/uploads\\\/2025\\\/05\\\/cropped-Screenshot-2025-05-29-at-09.27.38.png\",\"width\":512,\"height\":512,\"caption\":\"Red Karawana\"},\"image\":{\"@id\":\"https:\\\/\\\/redkarawana.com\\\/#\\\/schema\\\/logo\\\/image\\\/\"},\"sameAs\":[\"https:\\\/\\\/www.facebook.com\\\/redkarawana\\\/\",\"https:\\\/\\\/www.instagram.com\\\/redkarawana\\\/\",\"https:\\\/\\\/www.youtube.com\\\/channel\\\/UCU9jXzSmyKm4ZZv38FEXGKg\",\"https:\\\/\\\/www.pinterest.com\\\/redkarawana\\\/\"]}]}<\/script>\n<!-- \/ Yoast SEO plugin. -->","yoast_head_json":{"title":"Rosyjska Lalka w Stylowej Sukience - Artystyczne - Red Karawana","description":"Rosyjska lalka zosta\u0142a wykonana r\u0119cznie przez rosyjsk\u0105 artystk\u0119, Varvara Zhdaniva. Nasza lalka jest ubrana w modny kostium ze stylow\u0105 czapk\u0105.","robots":{"index":"index","follow":"follow","max-snippet":"max-snippet:-1","max-image-preview":"max-image-preview:large","max-video-preview":"max-video-preview:-1"},"canonical":"https:\/\/redkarawana.com\/pl\/rzemioslo\/rosyjska-lalka-rosja\/","og_locale":"pl_PL","og_type":"article","og_title":"Rosyjska Lalka w Stylowej Sukience - Artystyczne - Red Karawana","og_description":"Rosyjska lalka zosta\u0142a wykonana r\u0119cznie przez rosyjsk\u0105 artystk\u0119, Varvara Zhdaniva. Nasza lalka jest ubrana w modny kostium ze stylow\u0105 czapk\u0105.","og_url":"https:\/\/redkarawana.com\/pl\/rzemioslo\/rosyjska-lalka-rosja\/","og_site_name":"Red Karawana","article_publisher":"https:\/\/www.facebook.com\/redkarawana\/","og_image":[{"width":1200,"height":630,"url":"https:\/\/redkarawana.com\/wp-content\/uploads\/2024\/05\/1-ABP-F1200x630-Russia-Russian-Doll.jpg","type":"image\/jpeg"}],"twitter_card":"summary_large_image","twitter_misc":{"Szacowany czas czytania":"1 minuta"},"schema":{"@context":"https:\/\/schema.org","@graph":[{"@type":"WebPage","@id":"https:\/\/redkarawana.com\/pl\/rzemioslo\/rosyjska-lalka-rosja\/","url":"https:\/\/redkarawana.com\/pl\/rzemioslo\/rosyjska-lalka-rosja\/","name":"Rosyjska Lalka w Stylowej Sukience - Artystyczne - Red Karawana","isPartOf":{"@id":"https:\/\/redkarawana.com\/#website"},"primaryImageOfPage":{"@id":"https:\/\/redkarawana.com\/pl\/rzemioslo\/rosyjska-lalka-rosja\/#primaryimage"},"image":{"@id":"https:\/\/redkarawana.com\/pl\/rzemioslo\/rosyjska-lalka-rosja\/#primaryimage"},"thumbnailUrl":"https:\/\/redkarawana.com\/wp-content\/uploads\/2024\/05\/1-SP-Russia-Russian-Doll.jpg","datePublished":"2025-11-29T22:30:05+00:00","description":"Rosyjska lalka zosta\u0142a wykonana r\u0119cznie przez rosyjsk\u0105 artystk\u0119, Varvara Zhdaniva. Nasza lalka jest ubrana w modny kostium ze stylow\u0105 czapk\u0105.","breadcrumb":{"@id":"https:\/\/redkarawana.com\/pl\/rzemioslo\/rosyjska-lalka-rosja\/#breadcrumb"},"inLanguage":"pl-PL","potentialAction":[{"@type":"ReadAction","target":["https:\/\/redkarawana.com\/pl\/rzemioslo\/rosyjska-lalka-rosja\/"]}]},{"@type":"ImageObject","inLanguage":"pl-PL","@id":"https:\/\/redkarawana.com\/pl\/rzemioslo\/rosyjska-lalka-rosja\/#primaryimage","url":"https:\/\/redkarawana.com\/wp-content\/uploads\/2024\/05\/1-SP-Russia-Russian-Doll.jpg","contentUrl":"https:\/\/redkarawana.com\/wp-content\/uploads\/2024\/05\/1-SP-Russia-Russian-Doll.jpg","width":680,"height":453,"caption":"Rosja, Rosyjska Lalka"},{"@type":"BreadcrumbList","@id":"https:\/\/redkarawana.com\/pl\/rzemioslo\/rosyjska-lalka-rosja\/#breadcrumb","itemListElement":[{"@type":"ListItem","position":1,"name":"Home","item":"https:\/\/redkarawana.com\/pl\/"},{"@type":"ListItem","position":2,"name":"Rzemios\u0142a","item":"https:\/\/redkarawana.com\/pl\/rzemiosla\/"},{"@type":"ListItem","position":3,"name":"Rosyjska Lalka, Rosja; Wyj\u0105tkowa Lalka Ubrana w Modny Str\u00f3j"}]},{"@type":"WebSite","@id":"https:\/\/redkarawana.com\/#website","url":"https:\/\/redkarawana.com\/","name":"Red Karawana","description":"","publisher":{"@id":"https:\/\/redkarawana.com\/#organization"},"potentialAction":[{"@type":"SearchAction","target":{"@type":"EntryPoint","urlTemplate":"https:\/\/redkarawana.com\/?s={search_term_string}"},"query-input":{"@type":"PropertyValueSpecification","valueRequired":true,"valueName":"search_term_string"}}],"inLanguage":"pl-PL"},{"@type":"Organization","@id":"https:\/\/redkarawana.com\/#organization","name":"Red Karawana","url":"https:\/\/redkarawana.com\/","logo":{"@type":"ImageObject","inLanguage":"pl-PL","@id":"https:\/\/redkarawana.com\/#\/schema\/logo\/image\/","url":"https:\/\/redkarawana.com\/wp-content\/uploads\/2025\/05\/cropped-Screenshot-2025-05-29-at-09.27.38.png","contentUrl":"https:\/\/redkarawana.com\/wp-content\/uploads\/2025\/05\/cropped-Screenshot-2025-05-29-at-09.27.38.png","width":512,"height":512,"caption":"Red Karawana"},"image":{"@id":"https:\/\/redkarawana.com\/#\/schema\/logo\/image\/"},"sameAs":["https:\/\/www.facebook.com\/redkarawana\/","https:\/\/www.instagram.com\/redkarawana\/","https:\/\/www.youtube.com\/channel\/UCU9jXzSmyKm4ZZv38FEXGKg","https:\/\/www.pinterest.com\/redkarawana\/"]}]}},"_links":{"self":[{"href":"https:\/\/redkarawana.com\/pl\/wp-json\/wp\/v2\/product\/3852","targetHints":{"allow":["GET"]}}],"collection":[{"href":"https:\/\/redkarawana.com\/pl\/wp-json\/wp\/v2\/product"}],"about":[{"href":"https:\/\/redkarawana.com\/pl\/wp-json\/wp\/v2\/types\/product"}],"wp:featuredmedia":[{"embeddable":true,"href":"https:\/\/redkarawana.com\/pl\/wp-json\/wp\/v2\/media\/3816"}],"wp:attachment":[{"href":"https:\/\/redkarawana.com\/pl\/wp-json\/wp\/v2\/media?parent=3852"}],"wp:term":[{"taxonomy":"product_brand","embeddable":true,"href":"https:\/\/redkarawana.com\/pl\/wp-json\/wp\/v2\/product_brand?post=3852"},{"taxonomy":"product_cat","embeddable":true,"href":"https:\/\/redkarawana.com\/pl\/wp-json\/wp\/v2\/product_cat?post=3852"},{"taxonomy":"product_tag","embeddable":true,"href":"https:\/\/redkarawana.com\/pl\/wp-json\/wp\/v2\/product_tag?post=3852"}],"curies":[{"name":"wp","href":"https:\/\/api.w.org\/{rel}","templated":true}]}}