{"id":3876,"date":"2025-11-29T22:40:58","date_gmt":"2025-11-29T22:40:58","guid":{"rendered":"https:\/\/redkarawana.com\/?post_type=product&#038;p=3876"},"modified":"2025-12-07T06:58:10","modified_gmt":"2025-12-07T06:58:10","slug":"dodo-rzezby-mauritius","status":"publish","type":"product","link":"https:\/\/redkarawana.com\/pl\/rzemioslo\/dodo-rzezby-mauritius\/","title":{"rendered":"Dodo, Mauritius; Rze\u017aby Drewniane Zdobione Kolorowym Motywem"},"content":{"rendered":"<p>Mauritius gwarantuje odwiedzaj\u0105cym wiele dni s\u0142onecznych, spektakularne pla\u017ce, doskona\u0142\u0105 kuchni\u0119 i eklektyczne pami\u0105tki. Zwiedzaj\u0105c wysp\u0119, znajdujemy kolorowe tkaniny, bambusowe r\u0119kodzie\u0142a, ceramik\u0119 i wyroby z drewna. Dodo, wymar\u0142y ptak nielotny, jest narodowym zwierz\u0119ciem Mauritiusa. Dodo jest prezentowany w wielu r\u00f3\u017cnych formach sztuki, w tym r\u0119cznie robionych produktach. Nasze drewniane rze\u017aby dodo pokazuj\u0105 kolorowe i pi\u0119kne motywy. Zestaw: 1 r\u00f3\u017cowy dodo (wysoko\u015b\u0107 6 1\/2 cala, szeroko\u015b\u0107 7 1\/2 cala), 1 niebieski dodo (wysoko\u015b\u0107 4 1\/2 cala, szeroko\u015b\u0107 5 1\/2 cala).<\/p>\n","protected":false},"excerpt":{"rendered":"<p>Mauritius gwarantuje odwiedzaj\u0105cym wiele dni s\u0142onecznych, spektakularne pla\u017ce, doskona\u0142\u0105 kuchni\u0119 i eklektyczne pami\u0105tki. Zwiedzaj\u0105c wysp\u0119, znajdujemy kolorowe tkaniny, bambusowe r\u0119kodzie\u0142a, ceramik\u0119 i wyroby z drewna. Dodo, wymar\u0142y ptak nielotny, jest narodowym zwierz\u0119ciem Mauritiusa. Dodo jest prezentowany w wielu r\u00f3\u017cnych formach sztuki, w tym r\u0119cznie robionych produktach. Nasze drewniane rze\u017aby dodo pokazuj\u0105 kolorowe i pi\u0119kne motywy. [&hellip;]<\/p>\n","protected":false},"featured_media":3836,"template":"","meta":{"_acf_changed":false},"product_brand":[],"product_cat":[52],"product_tag":[],"class_list":{"0":"post-3876","1":"product","2":"type-product","3":"status-publish","4":"has-post-thumbnail","6":"product_cat-artystyczne","8":"first","9":"instock","10":"sold-individually","11":"taxable","12":"shipping-taxable","13":"purchasable","14":"product-type-simple"},"acf":[],"yoast_head":"<!-- This site is optimized with the Yoast SEO plugin v27.6 - https:\/\/yoast.com\/product\/yoast-seo-wordpress\/ -->\n<title>Dodo Rze\u017aby Drewniane, Mauritius - Artystyczne - Red Karawana<\/title>\n<meta name=\"description\" content=\"Dodo rze\u017aby drewniane pokazuj\u0105 kolorowe i pi\u0119kne motywy. Dodo jest prezentowany w wielu r\u00f3\u017cnych formach sztuki, w tym w drewnianych rze\u017abach.\" \/>\n<meta name=\"robots\" content=\"index, follow, max-snippet:-1, max-image-preview:large, max-video-preview:-1\" \/>\n<link rel=\"canonical\" href=\"https:\/\/redkarawana.com\/artisan\/dodo-sculptures-mauritius\/\" \/>\n<meta property=\"og:locale\" content=\"pl_PL\" \/>\n<meta property=\"og:type\" content=\"article\" \/>\n<meta property=\"og:title\" content=\"Dodo Rze\u017aby Drewniane, Mauritius - Artystyczne - Red Karawana\" \/>\n<meta property=\"og:description\" content=\"Dodo rze\u017aby drewniane pokazuj\u0105 kolorowe i pi\u0119kne motywy. Dodo jest prezentowany w wielu r\u00f3\u017cnych formach sztuki, w tym w drewnianych rze\u017abach.\" \/>\n<meta property=\"og:url\" content=\"https:\/\/redkarawana.com\/artisan\/dodo-sculptures-mauritius\/\" \/>\n<meta property=\"og:site_name\" content=\"Red Karawana\" \/>\n<meta property=\"article:publisher\" content=\"https:\/\/www.facebook.com\/redkarawana\/\" \/>\n<meta property=\"article:modified_time\" content=\"2025-12-07T06:58:10+00:00\" \/>\n<meta property=\"og:image\" content=\"https:\/\/redkarawana.com\/wp-content\/uploads\/2024\/05\/1-ABP-F-1200x630-Mauritius-Dodo-Sculptures.jpg\" \/>\n\t<meta property=\"og:image:width\" content=\"1200\" \/>\n\t<meta property=\"og:image:height\" content=\"630\" \/>\n\t<meta property=\"og:image:type\" content=\"image\/jpeg\" \/>\n<meta name=\"twitter:card\" content=\"summary_large_image\" \/>\n<meta name=\"twitter:label1\" content=\"Szacowany czas czytania\" \/>\n\t<meta name=\"twitter:data1\" content=\"1 minuta\" \/>\n<script type=\"application\/ld+json\" class=\"yoast-schema-graph\">{\"@context\":\"https:\\\/\\\/schema.org\",\"@graph\":[{\"@type\":\"WebPage\",\"@id\":\"https:\\\/\\\/redkarawana.com\\\/artisan\\\/dodo-sculptures-mauritius\\\/\",\"url\":\"https:\\\/\\\/redkarawana.com\\\/artisan\\\/dodo-sculptures-mauritius\\\/\",\"name\":\"Dodo Rze\u017aby Drewniane, Mauritius - Artystyczne - Red Karawana\",\"isPartOf\":{\"@id\":\"https:\\\/\\\/redkarawana.com\\\/#website\"},\"primaryImageOfPage\":{\"@id\":\"https:\\\/\\\/redkarawana.com\\\/artisan\\\/dodo-sculptures-mauritius\\\/#primaryimage\"},\"image\":{\"@id\":\"https:\\\/\\\/redkarawana.com\\\/artisan\\\/dodo-sculptures-mauritius\\\/#primaryimage\"},\"thumbnailUrl\":\"https:\\\/\\\/redkarawana.com\\\/wp-content\\\/uploads\\\/2024\\\/05\\\/1-SP-Mauritius-Dodo-Sculptures.jpg\",\"datePublished\":\"2025-11-29T22:40:58+00:00\",\"dateModified\":\"2025-12-07T06:58:10+00:00\",\"description\":\"Dodo rze\u017aby drewniane pokazuj\u0105 kolorowe i pi\u0119kne motywy. Dodo jest prezentowany w wielu r\u00f3\u017cnych formach sztuki, w tym w drewnianych rze\u017abach.\",\"breadcrumb\":{\"@id\":\"https:\\\/\\\/redkarawana.com\\\/artisan\\\/dodo-sculptures-mauritius\\\/#breadcrumb\"},\"inLanguage\":\"pl-PL\",\"potentialAction\":[{\"@type\":\"ReadAction\",\"target\":[\"https:\\\/\\\/redkarawana.com\\\/artisan\\\/dodo-sculptures-mauritius\\\/\"]}]},{\"@type\":\"ImageObject\",\"inLanguage\":\"pl-PL\",\"@id\":\"https:\\\/\\\/redkarawana.com\\\/artisan\\\/dodo-sculptures-mauritius\\\/#primaryimage\",\"url\":\"https:\\\/\\\/redkarawana.com\\\/wp-content\\\/uploads\\\/2024\\\/05\\\/1-SP-Mauritius-Dodo-Sculptures.jpg\",\"contentUrl\":\"https:\\\/\\\/redkarawana.com\\\/wp-content\\\/uploads\\\/2024\\\/05\\\/1-SP-Mauritius-Dodo-Sculptures.jpg\",\"width\":680,\"height\":453,\"caption\":\"Mauritius, Dodo Rze\u017aby Drewniane\"},{\"@type\":\"BreadcrumbList\",\"@id\":\"https:\\\/\\\/redkarawana.com\\\/artisan\\\/dodo-sculptures-mauritius\\\/#breadcrumb\",\"itemListElement\":[{\"@type\":\"ListItem\",\"position\":1,\"name\":\"Home\",\"item\":\"https:\\\/\\\/redkarawana.com\\\/pl\\\/\"},{\"@type\":\"ListItem\",\"position\":2,\"name\":\"Rzemios\u0142a\",\"item\":\"https:\\\/\\\/redkarawana.com\\\/pl\\\/rzemiosla\\\/\"},{\"@type\":\"ListItem\",\"position\":3,\"name\":\"Dodo, Mauritius; Rze\u017aby Drewniane Zdobione Kolorowym Motywem\"}]},{\"@type\":\"WebSite\",\"@id\":\"https:\\\/\\\/redkarawana.com\\\/#website\",\"url\":\"https:\\\/\\\/redkarawana.com\\\/\",\"name\":\"Red Karawana\",\"description\":\"\",\"publisher\":{\"@id\":\"https:\\\/\\\/redkarawana.com\\\/#organization\"},\"potentialAction\":[{\"@type\":\"SearchAction\",\"target\":{\"@type\":\"EntryPoint\",\"urlTemplate\":\"https:\\\/\\\/redkarawana.com\\\/?s={search_term_string}\"},\"query-input\":{\"@type\":\"PropertyValueSpecification\",\"valueRequired\":true,\"valueName\":\"search_term_string\"}}],\"inLanguage\":\"pl-PL\"},{\"@type\":\"Organization\",\"@id\":\"https:\\\/\\\/redkarawana.com\\\/#organization\",\"name\":\"Red Karawana\",\"url\":\"https:\\\/\\\/redkarawana.com\\\/\",\"logo\":{\"@type\":\"ImageObject\",\"inLanguage\":\"pl-PL\",\"@id\":\"https:\\\/\\\/redkarawana.com\\\/#\\\/schema\\\/logo\\\/image\\\/\",\"url\":\"http:\\\/\\\/redkarawana.com\\\/wp-content\\\/uploads\\\/2025\\\/05\\\/cropped-Screenshot-2025-05-29-at-09.27.38.png\",\"contentUrl\":\"http:\\\/\\\/redkarawana.com\\\/wp-content\\\/uploads\\\/2025\\\/05\\\/cropped-Screenshot-2025-05-29-at-09.27.38.png\",\"width\":512,\"height\":512,\"caption\":\"Red Karawana\"},\"image\":{\"@id\":\"https:\\\/\\\/redkarawana.com\\\/#\\\/schema\\\/logo\\\/image\\\/\"},\"sameAs\":[\"https:\\\/\\\/www.facebook.com\\\/redkarawana\\\/\",\"https:\\\/\\\/www.instagram.com\\\/redkarawana\\\/\",\"https:\\\/\\\/www.youtube.com\\\/channel\\\/UCU9jXzSmyKm4ZZv38FEXGKg\",\"https:\\\/\\\/www.pinterest.com\\\/redkarawana\\\/\"]}]}<\/script>\n<!-- \/ Yoast SEO plugin. -->","yoast_head_json":{"title":"Dodo Rze\u017aby Drewniane, Mauritius - Artystyczne - Red Karawana","description":"Dodo rze\u017aby drewniane pokazuj\u0105 kolorowe i pi\u0119kne motywy. Dodo jest prezentowany w wielu r\u00f3\u017cnych formach sztuki, w tym w drewnianych rze\u017abach.","robots":{"index":"index","follow":"follow","max-snippet":"max-snippet:-1","max-image-preview":"max-image-preview:large","max-video-preview":"max-video-preview:-1"},"canonical":"https:\/\/redkarawana.com\/artisan\/dodo-sculptures-mauritius\/","og_locale":"pl_PL","og_type":"article","og_title":"Dodo Rze\u017aby Drewniane, Mauritius - Artystyczne - Red Karawana","og_description":"Dodo rze\u017aby drewniane pokazuj\u0105 kolorowe i pi\u0119kne motywy. Dodo jest prezentowany w wielu r\u00f3\u017cnych formach sztuki, w tym w drewnianych rze\u017abach.","og_url":"https:\/\/redkarawana.com\/artisan\/dodo-sculptures-mauritius\/","og_site_name":"Red Karawana","article_publisher":"https:\/\/www.facebook.com\/redkarawana\/","article_modified_time":"2025-12-07T06:58:10+00:00","og_image":[{"width":1200,"height":630,"url":"https:\/\/redkarawana.com\/wp-content\/uploads\/2024\/05\/1-ABP-F-1200x630-Mauritius-Dodo-Sculptures.jpg","type":"image\/jpeg"}],"twitter_card":"summary_large_image","twitter_misc":{"Szacowany czas czytania":"1 minuta"},"schema":{"@context":"https:\/\/schema.org","@graph":[{"@type":"WebPage","@id":"https:\/\/redkarawana.com\/artisan\/dodo-sculptures-mauritius\/","url":"https:\/\/redkarawana.com\/artisan\/dodo-sculptures-mauritius\/","name":"Dodo Rze\u017aby Drewniane, Mauritius - Artystyczne - Red Karawana","isPartOf":{"@id":"https:\/\/redkarawana.com\/#website"},"primaryImageOfPage":{"@id":"https:\/\/redkarawana.com\/artisan\/dodo-sculptures-mauritius\/#primaryimage"},"image":{"@id":"https:\/\/redkarawana.com\/artisan\/dodo-sculptures-mauritius\/#primaryimage"},"thumbnailUrl":"https:\/\/redkarawana.com\/wp-content\/uploads\/2024\/05\/1-SP-Mauritius-Dodo-Sculptures.jpg","datePublished":"2025-11-29T22:40:58+00:00","dateModified":"2025-12-07T06:58:10+00:00","description":"Dodo rze\u017aby drewniane pokazuj\u0105 kolorowe i pi\u0119kne motywy. Dodo jest prezentowany w wielu r\u00f3\u017cnych formach sztuki, w tym w drewnianych rze\u017abach.","breadcrumb":{"@id":"https:\/\/redkarawana.com\/artisan\/dodo-sculptures-mauritius\/#breadcrumb"},"inLanguage":"pl-PL","potentialAction":[{"@type":"ReadAction","target":["https:\/\/redkarawana.com\/artisan\/dodo-sculptures-mauritius\/"]}]},{"@type":"ImageObject","inLanguage":"pl-PL","@id":"https:\/\/redkarawana.com\/artisan\/dodo-sculptures-mauritius\/#primaryimage","url":"https:\/\/redkarawana.com\/wp-content\/uploads\/2024\/05\/1-SP-Mauritius-Dodo-Sculptures.jpg","contentUrl":"https:\/\/redkarawana.com\/wp-content\/uploads\/2024\/05\/1-SP-Mauritius-Dodo-Sculptures.jpg","width":680,"height":453,"caption":"Mauritius, Dodo Rze\u017aby Drewniane"},{"@type":"BreadcrumbList","@id":"https:\/\/redkarawana.com\/artisan\/dodo-sculptures-mauritius\/#breadcrumb","itemListElement":[{"@type":"ListItem","position":1,"name":"Home","item":"https:\/\/redkarawana.com\/pl\/"},{"@type":"ListItem","position":2,"name":"Rzemios\u0142a","item":"https:\/\/redkarawana.com\/pl\/rzemiosla\/"},{"@type":"ListItem","position":3,"name":"Dodo, Mauritius; Rze\u017aby Drewniane Zdobione Kolorowym Motywem"}]},{"@type":"WebSite","@id":"https:\/\/redkarawana.com\/#website","url":"https:\/\/redkarawana.com\/","name":"Red Karawana","description":"","publisher":{"@id":"https:\/\/redkarawana.com\/#organization"},"potentialAction":[{"@type":"SearchAction","target":{"@type":"EntryPoint","urlTemplate":"https:\/\/redkarawana.com\/?s={search_term_string}"},"query-input":{"@type":"PropertyValueSpecification","valueRequired":true,"valueName":"search_term_string"}}],"inLanguage":"pl-PL"},{"@type":"Organization","@id":"https:\/\/redkarawana.com\/#organization","name":"Red Karawana","url":"https:\/\/redkarawana.com\/","logo":{"@type":"ImageObject","inLanguage":"pl-PL","@id":"https:\/\/redkarawana.com\/#\/schema\/logo\/image\/","url":"http:\/\/redkarawana.com\/wp-content\/uploads\/2025\/05\/cropped-Screenshot-2025-05-29-at-09.27.38.png","contentUrl":"http:\/\/redkarawana.com\/wp-content\/uploads\/2025\/05\/cropped-Screenshot-2025-05-29-at-09.27.38.png","width":512,"height":512,"caption":"Red Karawana"},"image":{"@id":"https:\/\/redkarawana.com\/#\/schema\/logo\/image\/"},"sameAs":["https:\/\/www.facebook.com\/redkarawana\/","https:\/\/www.instagram.com\/redkarawana\/","https:\/\/www.youtube.com\/channel\/UCU9jXzSmyKm4ZZv38FEXGKg","https:\/\/www.pinterest.com\/redkarawana\/"]}]}},"_links":{"self":[{"href":"https:\/\/redkarawana.com\/pl\/wp-json\/wp\/v2\/product\/3876","targetHints":{"allow":["GET"]}}],"collection":[{"href":"https:\/\/redkarawana.com\/pl\/wp-json\/wp\/v2\/product"}],"about":[{"href":"https:\/\/redkarawana.com\/pl\/wp-json\/wp\/v2\/types\/product"}],"wp:featuredmedia":[{"embeddable":true,"href":"https:\/\/redkarawana.com\/pl\/wp-json\/wp\/v2\/media\/3836"}],"wp:attachment":[{"href":"https:\/\/redkarawana.com\/pl\/wp-json\/wp\/v2\/media?parent=3876"}],"wp:term":[{"taxonomy":"product_brand","embeddable":true,"href":"https:\/\/redkarawana.com\/pl\/wp-json\/wp\/v2\/product_brand?post=3876"},{"taxonomy":"product_cat","embeddable":true,"href":"https:\/\/redkarawana.com\/pl\/wp-json\/wp\/v2\/product_cat?post=3876"},{"taxonomy":"product_tag","embeddable":true,"href":"https:\/\/redkarawana.com\/pl\/wp-json\/wp\/v2\/product_tag?post=3876"}],"curies":[{"name":"wp","href":"https:\/\/api.w.org\/{rel}","templated":true}]}}