{"id":4001,"date":"2025-11-29T23:40:07","date_gmt":"2025-11-29T23:40:07","guid":{"rendered":"https:\/\/redkarawana.com\/?post_type=product&#038;p=4001"},"modified":"2024-05-14T04:05:08","modified_gmt":"2024-05-14T04:05:08","slug":"obraz-ostrej-bramy-litwa","status":"publish","type":"product","link":"https:\/\/redkarawana.com\/pl\/rzemioslo\/obraz-ostrej-bramy-litwa\/","title":{"rendered":"Obraz Ostrej Bramy, Litwa; Cel Duchowej Pielgrzymki"},"content":{"rendered":"<p>W Wilnie, stolicy Litwy, znajduje si\u0119 wiele sklep\u00f3w rzemie\u015blniczych, warsztat\u00f3w i lokalnych artyst\u00f3w. Spacer po wile\u0144skiej Star\u00f3wce prowadzi do historycznych miejsc, pi\u0119knych ko\u015bcio\u0142\u00f3w i do Ostrej Bramy. Kaplica Ostrobramska oraz obraz Naj\u015bwi\u0119tszej Marii Panny s\u0105 wa\u017cnym symbolem religijnym i celem pielgrzymek.\u00a0 W pobli\u017cu kaplicy, znajdujemy obraz przedstawiaj\u0105cy zabytkow\u0105 bram\u0119 i otaczaj\u0105c\u0105 j\u0105 architektur\u0119 Nasz wybrany obraz Ostrej Bramy to obraz olejny stworzony przez lokalnego artyst\u0119 i ozdobiony prost\u0105 z\u0142ot\u0105 ram\u0105. Wymiary: Obraz Ostrej Bramy (wysoko\u015b\u0107 27 cm, szeroko\u015b\u0107 22 cm).<\/p>\n","protected":false},"excerpt":{"rendered":"<p>W Wilnie, stolicy Litwy, znajduje si\u0119 wiele sklep\u00f3w rzemie\u015blniczych, warsztat\u00f3w i lokalnych artyst\u00f3w. Spacer po wile\u0144skiej Star\u00f3wce prowadzi do historycznych miejsc, pi\u0119knych ko\u015bcio\u0142\u00f3w i do Ostrej Bramy. Kaplica Ostrobramska oraz obraz Naj\u015bwi\u0119tszej Marii Panny s\u0105 wa\u017cnym symbolem religijnym i celem pielgrzymek.\u00a0 W pobli\u017cu kaplicy, znajdujemy obraz przedstawiaj\u0105cy zabytkow\u0105 bram\u0119 i otaczaj\u0105c\u0105 j\u0105 architektur\u0119 Nasz wybrany [&hellip;]<\/p>\n","protected":false},"featured_media":3985,"template":"","meta":{"_acf_changed":false},"product_brand":[],"product_cat":[52],"product_tag":[],"class_list":{"0":"post-4001","1":"product","2":"type-product","3":"status-publish","4":"has-post-thumbnail","6":"product_cat-artystyczne","8":"first","9":"instock","10":"sold-individually","11":"taxable","12":"shipping-taxable","13":"purchasable","14":"product-type-simple"},"acf":[],"yoast_head":"<!-- This site is optimized with the Yoast SEO plugin v27.3 - https:\/\/yoast.com\/product\/yoast-seo-wordpress\/ -->\n<title>Obraz Ostrej Bramy, Litwa - Artystyczne - Red Karawana<\/title>\n<meta name=\"description\" content=\"W Wilnie jest wiele sklep\u00f3w rzemie\u015blniczych. Nasz obraz Ostrej Bramy to obraz olejny stworzony przez lokalnego artyst\u0119 i ozdobiony prost\u0105 z\u0142ot\u0105 ram\u0105.\" \/>\n<meta name=\"robots\" content=\"index, follow, max-snippet:-1, max-image-preview:large, max-video-preview:-1\" \/>\n<link rel=\"canonical\" href=\"https:\/\/redkarawana.com\/pl\/rzemioslo\/obraz-ostrej-bramy-litwa\/\" \/>\n<meta property=\"og:locale\" content=\"pl_PL\" \/>\n<meta property=\"og:type\" content=\"article\" \/>\n<meta property=\"og:title\" content=\"Obraz Ostrej Bramy, Litwa - Artystyczne - Red Karawana\" \/>\n<meta property=\"og:description\" content=\"W Wilnie jest wiele sklep\u00f3w rzemie\u015blniczych. Nasz obraz Ostrej Bramy to obraz olejny stworzony przez lokalnego artyst\u0119 i ozdobiony prost\u0105 z\u0142ot\u0105 ram\u0105.\" \/>\n<meta property=\"og:url\" content=\"https:\/\/redkarawana.com\/pl\/rzemioslo\/obraz-ostrej-bramy-litwa\/\" \/>\n<meta property=\"og:site_name\" content=\"Red Karawana\" \/>\n<meta property=\"article:publisher\" content=\"https:\/\/www.facebook.com\/redkarawana\/\" \/>\n<meta property=\"og:image\" content=\"https:\/\/redkarawana.com\/wp-content\/uploads\/2024\/05\/1-AF1200x630-Lithuania-Gate-of-Dawn-Painting.jpg\" \/>\n\t<meta property=\"og:image:width\" content=\"1200\" \/>\n\t<meta property=\"og:image:height\" content=\"630\" \/>\n\t<meta property=\"og:image:type\" content=\"image\/jpeg\" \/>\n<meta name=\"twitter:card\" content=\"summary_large_image\" \/>\n<meta name=\"twitter:label1\" content=\"Szacowany czas czytania\" \/>\n\t<meta name=\"twitter:data1\" content=\"1 minuta\" \/>\n<script type=\"application\/ld+json\" class=\"yoast-schema-graph\">{\"@context\":\"https:\\\/\\\/schema.org\",\"@graph\":[{\"@type\":\"WebPage\",\"@id\":\"https:\\\/\\\/redkarawana.com\\\/pl\\\/rzemioslo\\\/obraz-ostrej-bramy-litwa\\\/\",\"url\":\"https:\\\/\\\/redkarawana.com\\\/pl\\\/rzemioslo\\\/obraz-ostrej-bramy-litwa\\\/\",\"name\":\"Obraz Ostrej Bramy, Litwa - Artystyczne - Red Karawana\",\"isPartOf\":{\"@id\":\"https:\\\/\\\/redkarawana.com\\\/#website\"},\"primaryImageOfPage\":{\"@id\":\"https:\\\/\\\/redkarawana.com\\\/pl\\\/rzemioslo\\\/obraz-ostrej-bramy-litwa\\\/#primaryimage\"},\"image\":{\"@id\":\"https:\\\/\\\/redkarawana.com\\\/pl\\\/rzemioslo\\\/obraz-ostrej-bramy-litwa\\\/#primaryimage\"},\"thumbnailUrl\":\"https:\\\/\\\/redkarawana.com\\\/wp-content\\\/uploads\\\/2024\\\/05\\\/1-AP-Feature-Lithuania-Gate-of-Dawn-Painting.jpg\",\"datePublished\":\"2025-11-29T23:40:07+00:00\",\"description\":\"W Wilnie jest wiele sklep\u00f3w rzemie\u015blniczych. Nasz obraz Ostrej Bramy to obraz olejny stworzony przez lokalnego artyst\u0119 i ozdobiony prost\u0105 z\u0142ot\u0105 ram\u0105.\",\"breadcrumb\":{\"@id\":\"https:\\\/\\\/redkarawana.com\\\/pl\\\/rzemioslo\\\/obraz-ostrej-bramy-litwa\\\/#breadcrumb\"},\"inLanguage\":\"pl-PL\",\"potentialAction\":[{\"@type\":\"ReadAction\",\"target\":[\"https:\\\/\\\/redkarawana.com\\\/pl\\\/rzemioslo\\\/obraz-ostrej-bramy-litwa\\\/\"]}]},{\"@type\":\"ImageObject\",\"inLanguage\":\"pl-PL\",\"@id\":\"https:\\\/\\\/redkarawana.com\\\/pl\\\/rzemioslo\\\/obraz-ostrej-bramy-litwa\\\/#primaryimage\",\"url\":\"https:\\\/\\\/redkarawana.com\\\/wp-content\\\/uploads\\\/2024\\\/05\\\/1-AP-Feature-Lithuania-Gate-of-Dawn-Painting.jpg\",\"contentUrl\":\"https:\\\/\\\/redkarawana.com\\\/wp-content\\\/uploads\\\/2024\\\/05\\\/1-AP-Feature-Lithuania-Gate-of-Dawn-Painting.jpg\",\"width\":680,\"height\":453,\"caption\":\"Litwa, Obraz Ostrej Bramy\"},{\"@type\":\"BreadcrumbList\",\"@id\":\"https:\\\/\\\/redkarawana.com\\\/pl\\\/rzemioslo\\\/obraz-ostrej-bramy-litwa\\\/#breadcrumb\",\"itemListElement\":[{\"@type\":\"ListItem\",\"position\":1,\"name\":\"Home\",\"item\":\"https:\\\/\\\/redkarawana.com\\\/pl\\\/\"},{\"@type\":\"ListItem\",\"position\":2,\"name\":\"Rzemios\u0142a\",\"item\":\"https:\\\/\\\/redkarawana.com\\\/pl\\\/rzemiosla\\\/\"},{\"@type\":\"ListItem\",\"position\":3,\"name\":\"Obraz Ostrej Bramy, Litwa; Cel Duchowej Pielgrzymki\"}]},{\"@type\":\"WebSite\",\"@id\":\"https:\\\/\\\/redkarawana.com\\\/#website\",\"url\":\"https:\\\/\\\/redkarawana.com\\\/\",\"name\":\"Red Karawana\",\"description\":\"\",\"publisher\":{\"@id\":\"https:\\\/\\\/redkarawana.com\\\/#organization\"},\"potentialAction\":[{\"@type\":\"SearchAction\",\"target\":{\"@type\":\"EntryPoint\",\"urlTemplate\":\"https:\\\/\\\/redkarawana.com\\\/?s={search_term_string}\"},\"query-input\":{\"@type\":\"PropertyValueSpecification\",\"valueRequired\":true,\"valueName\":\"search_term_string\"}}],\"inLanguage\":\"pl-PL\"},{\"@type\":\"Organization\",\"@id\":\"https:\\\/\\\/redkarawana.com\\\/#organization\",\"name\":\"Red Karawana\",\"url\":\"https:\\\/\\\/redkarawana.com\\\/\",\"logo\":{\"@type\":\"ImageObject\",\"inLanguage\":\"pl-PL\",\"@id\":\"https:\\\/\\\/redkarawana.com\\\/#\\\/schema\\\/logo\\\/image\\\/\",\"url\":\"https:\\\/\\\/redkarawana.com\\\/wp-content\\\/uploads\\\/2025\\\/05\\\/cropped-Screenshot-2025-05-29-at-09.27.38.png\",\"contentUrl\":\"https:\\\/\\\/redkarawana.com\\\/wp-content\\\/uploads\\\/2025\\\/05\\\/cropped-Screenshot-2025-05-29-at-09.27.38.png\",\"width\":512,\"height\":512,\"caption\":\"Red Karawana\"},\"image\":{\"@id\":\"https:\\\/\\\/redkarawana.com\\\/#\\\/schema\\\/logo\\\/image\\\/\"},\"sameAs\":[\"https:\\\/\\\/www.facebook.com\\\/redkarawana\\\/\",\"https:\\\/\\\/www.instagram.com\\\/redkarawana\\\/\",\"https:\\\/\\\/www.youtube.com\\\/channel\\\/UCU9jXzSmyKm4ZZv38FEXGKg\",\"https:\\\/\\\/www.pinterest.com\\\/redkarawana\\\/\"]}]}<\/script>\n<!-- \/ Yoast SEO plugin. -->","yoast_head_json":{"title":"Obraz Ostrej Bramy, Litwa - Artystyczne - Red Karawana","description":"W Wilnie jest wiele sklep\u00f3w rzemie\u015blniczych. Nasz obraz Ostrej Bramy to obraz olejny stworzony przez lokalnego artyst\u0119 i ozdobiony prost\u0105 z\u0142ot\u0105 ram\u0105.","robots":{"index":"index","follow":"follow","max-snippet":"max-snippet:-1","max-image-preview":"max-image-preview:large","max-video-preview":"max-video-preview:-1"},"canonical":"https:\/\/redkarawana.com\/pl\/rzemioslo\/obraz-ostrej-bramy-litwa\/","og_locale":"pl_PL","og_type":"article","og_title":"Obraz Ostrej Bramy, Litwa - Artystyczne - Red Karawana","og_description":"W Wilnie jest wiele sklep\u00f3w rzemie\u015blniczych. Nasz obraz Ostrej Bramy to obraz olejny stworzony przez lokalnego artyst\u0119 i ozdobiony prost\u0105 z\u0142ot\u0105 ram\u0105.","og_url":"https:\/\/redkarawana.com\/pl\/rzemioslo\/obraz-ostrej-bramy-litwa\/","og_site_name":"Red Karawana","article_publisher":"https:\/\/www.facebook.com\/redkarawana\/","og_image":[{"width":1200,"height":630,"url":"https:\/\/redkarawana.com\/wp-content\/uploads\/2024\/05\/1-AF1200x630-Lithuania-Gate-of-Dawn-Painting.jpg","type":"image\/jpeg"}],"twitter_card":"summary_large_image","twitter_misc":{"Szacowany czas czytania":"1 minuta"},"schema":{"@context":"https:\/\/schema.org","@graph":[{"@type":"WebPage","@id":"https:\/\/redkarawana.com\/pl\/rzemioslo\/obraz-ostrej-bramy-litwa\/","url":"https:\/\/redkarawana.com\/pl\/rzemioslo\/obraz-ostrej-bramy-litwa\/","name":"Obraz Ostrej Bramy, Litwa - Artystyczne - Red Karawana","isPartOf":{"@id":"https:\/\/redkarawana.com\/#website"},"primaryImageOfPage":{"@id":"https:\/\/redkarawana.com\/pl\/rzemioslo\/obraz-ostrej-bramy-litwa\/#primaryimage"},"image":{"@id":"https:\/\/redkarawana.com\/pl\/rzemioslo\/obraz-ostrej-bramy-litwa\/#primaryimage"},"thumbnailUrl":"https:\/\/redkarawana.com\/wp-content\/uploads\/2024\/05\/1-AP-Feature-Lithuania-Gate-of-Dawn-Painting.jpg","datePublished":"2025-11-29T23:40:07+00:00","description":"W Wilnie jest wiele sklep\u00f3w rzemie\u015blniczych. Nasz obraz Ostrej Bramy to obraz olejny stworzony przez lokalnego artyst\u0119 i ozdobiony prost\u0105 z\u0142ot\u0105 ram\u0105.","breadcrumb":{"@id":"https:\/\/redkarawana.com\/pl\/rzemioslo\/obraz-ostrej-bramy-litwa\/#breadcrumb"},"inLanguage":"pl-PL","potentialAction":[{"@type":"ReadAction","target":["https:\/\/redkarawana.com\/pl\/rzemioslo\/obraz-ostrej-bramy-litwa\/"]}]},{"@type":"ImageObject","inLanguage":"pl-PL","@id":"https:\/\/redkarawana.com\/pl\/rzemioslo\/obraz-ostrej-bramy-litwa\/#primaryimage","url":"https:\/\/redkarawana.com\/wp-content\/uploads\/2024\/05\/1-AP-Feature-Lithuania-Gate-of-Dawn-Painting.jpg","contentUrl":"https:\/\/redkarawana.com\/wp-content\/uploads\/2024\/05\/1-AP-Feature-Lithuania-Gate-of-Dawn-Painting.jpg","width":680,"height":453,"caption":"Litwa, Obraz Ostrej Bramy"},{"@type":"BreadcrumbList","@id":"https:\/\/redkarawana.com\/pl\/rzemioslo\/obraz-ostrej-bramy-litwa\/#breadcrumb","itemListElement":[{"@type":"ListItem","position":1,"name":"Home","item":"https:\/\/redkarawana.com\/pl\/"},{"@type":"ListItem","position":2,"name":"Rzemios\u0142a","item":"https:\/\/redkarawana.com\/pl\/rzemiosla\/"},{"@type":"ListItem","position":3,"name":"Obraz Ostrej Bramy, Litwa; Cel Duchowej Pielgrzymki"}]},{"@type":"WebSite","@id":"https:\/\/redkarawana.com\/#website","url":"https:\/\/redkarawana.com\/","name":"Red Karawana","description":"","publisher":{"@id":"https:\/\/redkarawana.com\/#organization"},"potentialAction":[{"@type":"SearchAction","target":{"@type":"EntryPoint","urlTemplate":"https:\/\/redkarawana.com\/?s={search_term_string}"},"query-input":{"@type":"PropertyValueSpecification","valueRequired":true,"valueName":"search_term_string"}}],"inLanguage":"pl-PL"},{"@type":"Organization","@id":"https:\/\/redkarawana.com\/#organization","name":"Red Karawana","url":"https:\/\/redkarawana.com\/","logo":{"@type":"ImageObject","inLanguage":"pl-PL","@id":"https:\/\/redkarawana.com\/#\/schema\/logo\/image\/","url":"https:\/\/redkarawana.com\/wp-content\/uploads\/2025\/05\/cropped-Screenshot-2025-05-29-at-09.27.38.png","contentUrl":"https:\/\/redkarawana.com\/wp-content\/uploads\/2025\/05\/cropped-Screenshot-2025-05-29-at-09.27.38.png","width":512,"height":512,"caption":"Red Karawana"},"image":{"@id":"https:\/\/redkarawana.com\/#\/schema\/logo\/image\/"},"sameAs":["https:\/\/www.facebook.com\/redkarawana\/","https:\/\/www.instagram.com\/redkarawana\/","https:\/\/www.youtube.com\/channel\/UCU9jXzSmyKm4ZZv38FEXGKg","https:\/\/www.pinterest.com\/redkarawana\/"]}]}},"_links":{"self":[{"href":"https:\/\/redkarawana.com\/pl\/wp-json\/wp\/v2\/product\/4001","targetHints":{"allow":["GET"]}}],"collection":[{"href":"https:\/\/redkarawana.com\/pl\/wp-json\/wp\/v2\/product"}],"about":[{"href":"https:\/\/redkarawana.com\/pl\/wp-json\/wp\/v2\/types\/product"}],"wp:featuredmedia":[{"embeddable":true,"href":"https:\/\/redkarawana.com\/pl\/wp-json\/wp\/v2\/media\/3985"}],"wp:attachment":[{"href":"https:\/\/redkarawana.com\/pl\/wp-json\/wp\/v2\/media?parent=4001"}],"wp:term":[{"taxonomy":"product_brand","embeddable":true,"href":"https:\/\/redkarawana.com\/pl\/wp-json\/wp\/v2\/product_brand?post=4001"},{"taxonomy":"product_cat","embeddable":true,"href":"https:\/\/redkarawana.com\/pl\/wp-json\/wp\/v2\/product_cat?post=4001"},{"taxonomy":"product_tag","embeddable":true,"href":"https:\/\/redkarawana.com\/pl\/wp-json\/wp\/v2\/product_tag?post=4001"}],"curies":[{"name":"wp","href":"https:\/\/api.w.org\/{rel}","templated":true}]}}