{"id":4169,"date":"2025-11-30T01:40:46","date_gmt":"2025-11-30T01:40:46","guid":{"rendered":"https:\/\/redkarawana.com\/?post_type=product&#038;p=4169"},"modified":"2025-06-06T21:24:34","modified_gmt":"2025-06-06T21:24:34","slug":"orientalny-dywan-jedwabny-iran","status":"publish","type":"product","link":"https:\/\/redkarawana.com\/pl\/rzemioslo\/orientalny-dywan-jedwabny-iran\/","title":{"rendered":"Orientalny Dywan Jedwabny, Iran; Eleganckie Tekstylia"},"content":{"rendered":"<p>Tradycja tkania dywan\u00f3w jest kontynuowana przez koczownicze plemiona i mieszka\u0144c\u00f3w wsi w Iranie. R\u0119cznie tkane perskie dywany i chodniki wykonane s\u0105 z najwy\u017cszej jako\u015bci materia\u0142\u00f3w. Do\u015bwiadczeni rzemie\u015blnicy wykorzystuj\u0105 specyficzne techniki tkania do tworzenia wyszukanych wzor\u00f3w, podkre\u015blonych \u017cywymi kolorami. Perskie dywany jedwabne to eleganckie elementy wystroju umieszczone na pod\u0142odze lub zawieszone na \u015bcianie. Jedwabne dywany s\u0105 cenione na ca\u0142ym \u015bwiecie za ich jako\u015b\u0107, odporno\u015b\u0107, ciep\u0142o i pi\u0119kno. Nasz prezentowany orientalny jedwabny dywan ma strukturalny wz\u00f3r w \u015brodku i kwiatowy motyw wok\u00f3\u0142 jego granic. Wymiary: orientalny jedwabny dywan (d\u0142ugo\u015b\u0107 37 cali, szeroko\u015b\u0107 23 cale).      <\/p>\n","protected":false},"excerpt":{"rendered":"<p>Tradycja tkania dywan\u00f3w jest kontynuowana przez koczownicze plemiona i mieszka\u0144c\u00f3w wsi w Iranie. R\u0119cznie tkane perskie dywany i chodniki wykonane s\u0105 z najwy\u017cszej jako\u015bci materia\u0142\u00f3w. Do\u015bwiadczeni rzemie\u015blnicy wykorzystuj\u0105 specyficzne techniki tkania do tworzenia wyszukanych wzor\u00f3w, podkre\u015blonych \u017cywymi kolorami. Perskie dywany jedwabne to eleganckie elementy wystroju umieszczone na pod\u0142odze lub zawieszone na \u015bcianie. Jedwabne dywany s\u0105 [&hellip;]<\/p>\n","protected":false},"featured_media":4149,"template":"","meta":{"_acf_changed":false},"product_brand":[],"product_cat":[55],"product_tag":[],"class_list":{"0":"post-4169","1":"product","2":"type-product","3":"status-publish","4":"has-post-thumbnail","6":"product_cat-dekoracyjne","8":"first","9":"instock","10":"sold-individually","11":"taxable","12":"shipping-taxable","13":"purchasable","14":"product-type-simple"},"acf":[],"yoast_head":"<!-- This site is optimized with the Yoast SEO plugin v27.4 - https:\/\/yoast.com\/product\/yoast-seo-wordpress\/ -->\n<title>Orientalny Dywan Jedwabny, Iran - Dekoracyjne - Red Karawana<\/title>\n<meta name=\"description\" content=\"Perskie jedwabne dywany to eleganckie elementy wystroju. Nasz prezentowany orientalny jedwabny dywan ma strukturalny wz\u00f3r w \u015brodku i kwiatowy motyw wok\u00f3\u0142 jego granic.\" \/>\n<meta name=\"robots\" content=\"index, follow, max-snippet:-1, max-image-preview:large, max-video-preview:-1\" \/>\n<link rel=\"canonical\" href=\"https:\/\/redkarawana.com\/pl\/rzemioslo\/orientalny-dywan-jedwabny-iran\/\" \/>\n<meta property=\"og:locale\" content=\"pl_PL\" \/>\n<meta property=\"og:type\" content=\"article\" \/>\n<meta property=\"og:title\" content=\"Orientalny Dywan Jedwabny, Iran - Dekoracyjne - Red Karawana\" \/>\n<meta property=\"og:description\" content=\"Perskie jedwabne dywany to eleganckie elementy wystroju. Nasz prezentowany orientalny jedwabny dywan ma strukturalny wz\u00f3r w \u015brodku i kwiatowy motyw wok\u00f3\u0142 jego granic.\" \/>\n<meta property=\"og:url\" content=\"https:\/\/redkarawana.com\/pl\/rzemioslo\/orientalny-dywan-jedwabny-iran\/\" \/>\n<meta property=\"og:site_name\" content=\"Red Karawana\" \/>\n<meta property=\"article:publisher\" content=\"https:\/\/www.facebook.com\/redkarawana\/\" \/>\n<meta property=\"og:image\" content=\"https:\/\/redkarawana.com\/wp-content\/uploads\/2024\/05\/1-AF1200x630-Iran-Oriental-Silk-Carpet.jpg\" \/>\n\t<meta property=\"og:image:width\" content=\"1200\" \/>\n\t<meta property=\"og:image:height\" content=\"630\" \/>\n\t<meta property=\"og:image:type\" content=\"image\/jpeg\" \/>\n<meta name=\"twitter:card\" content=\"summary_large_image\" \/>\n<meta name=\"twitter:label1\" content=\"Szacowany czas czytania\" \/>\n\t<meta name=\"twitter:data1\" content=\"1 minuta\" \/>\n<script type=\"application\/ld+json\" class=\"yoast-schema-graph\">{\"@context\":\"https:\\\/\\\/schema.org\",\"@graph\":[{\"@type\":\"WebPage\",\"@id\":\"https:\\\/\\\/redkarawana.com\\\/pl\\\/rzemioslo\\\/orientalny-dywan-jedwabny-iran\\\/\",\"url\":\"https:\\\/\\\/redkarawana.com\\\/pl\\\/rzemioslo\\\/orientalny-dywan-jedwabny-iran\\\/\",\"name\":\"Orientalny Dywan Jedwabny, Iran - Dekoracyjne - Red Karawana\",\"isPartOf\":{\"@id\":\"https:\\\/\\\/redkarawana.com\\\/#website\"},\"primaryImageOfPage\":{\"@id\":\"https:\\\/\\\/redkarawana.com\\\/pl\\\/rzemioslo\\\/orientalny-dywan-jedwabny-iran\\\/#primaryimage\"},\"image\":{\"@id\":\"https:\\\/\\\/redkarawana.com\\\/pl\\\/rzemioslo\\\/orientalny-dywan-jedwabny-iran\\\/#primaryimage\"},\"thumbnailUrl\":\"https:\\\/\\\/redkarawana.com\\\/wp-content\\\/uploads\\\/2024\\\/05\\\/1-AP-Feature-Iran-Oriental-Silk-Carpet.jpg\",\"datePublished\":\"2025-11-30T01:40:46+00:00\",\"description\":\"Perskie jedwabne dywany to eleganckie elementy wystroju. Nasz prezentowany orientalny jedwabny dywan ma strukturalny wz\u00f3r w \u015brodku i kwiatowy motyw wok\u00f3\u0142 jego granic.\",\"breadcrumb\":{\"@id\":\"https:\\\/\\\/redkarawana.com\\\/pl\\\/rzemioslo\\\/orientalny-dywan-jedwabny-iran\\\/#breadcrumb\"},\"inLanguage\":\"pl-PL\",\"potentialAction\":[{\"@type\":\"ReadAction\",\"target\":[\"https:\\\/\\\/redkarawana.com\\\/pl\\\/rzemioslo\\\/orientalny-dywan-jedwabny-iran\\\/\"]}]},{\"@type\":\"ImageObject\",\"inLanguage\":\"pl-PL\",\"@id\":\"https:\\\/\\\/redkarawana.com\\\/pl\\\/rzemioslo\\\/orientalny-dywan-jedwabny-iran\\\/#primaryimage\",\"url\":\"https:\\\/\\\/redkarawana.com\\\/wp-content\\\/uploads\\\/2024\\\/05\\\/1-AP-Feature-Iran-Oriental-Silk-Carpet.jpg\",\"contentUrl\":\"https:\\\/\\\/redkarawana.com\\\/wp-content\\\/uploads\\\/2024\\\/05\\\/1-AP-Feature-Iran-Oriental-Silk-Carpet.jpg\",\"width\":680,\"height\":453,\"caption\":\"Iran, Orientalny Dywan Jedwabny\"},{\"@type\":\"BreadcrumbList\",\"@id\":\"https:\\\/\\\/redkarawana.com\\\/pl\\\/rzemioslo\\\/orientalny-dywan-jedwabny-iran\\\/#breadcrumb\",\"itemListElement\":[{\"@type\":\"ListItem\",\"position\":1,\"name\":\"Home\",\"item\":\"https:\\\/\\\/redkarawana.com\\\/pl\\\/\"},{\"@type\":\"ListItem\",\"position\":2,\"name\":\"Rzemios\u0142a\",\"item\":\"https:\\\/\\\/redkarawana.com\\\/pl\\\/rzemiosla\\\/\"},{\"@type\":\"ListItem\",\"position\":3,\"name\":\"Orientalny Dywan Jedwabny, Iran; Eleganckie Tekstylia\"}]},{\"@type\":\"WebSite\",\"@id\":\"https:\\\/\\\/redkarawana.com\\\/#website\",\"url\":\"https:\\\/\\\/redkarawana.com\\\/\",\"name\":\"Red Karawana\",\"description\":\"\",\"publisher\":{\"@id\":\"https:\\\/\\\/redkarawana.com\\\/#organization\"},\"potentialAction\":[{\"@type\":\"SearchAction\",\"target\":{\"@type\":\"EntryPoint\",\"urlTemplate\":\"https:\\\/\\\/redkarawana.com\\\/?s={search_term_string}\"},\"query-input\":{\"@type\":\"PropertyValueSpecification\",\"valueRequired\":true,\"valueName\":\"search_term_string\"}}],\"inLanguage\":\"pl-PL\"},{\"@type\":\"Organization\",\"@id\":\"https:\\\/\\\/redkarawana.com\\\/#organization\",\"name\":\"Red Karawana\",\"url\":\"https:\\\/\\\/redkarawana.com\\\/\",\"logo\":{\"@type\":\"ImageObject\",\"inLanguage\":\"pl-PL\",\"@id\":\"https:\\\/\\\/redkarawana.com\\\/#\\\/schema\\\/logo\\\/image\\\/\",\"url\":\"https:\\\/\\\/redkarawana.com\\\/wp-content\\\/uploads\\\/2025\\\/05\\\/cropped-Screenshot-2025-05-29-at-09.27.38.png\",\"contentUrl\":\"https:\\\/\\\/redkarawana.com\\\/wp-content\\\/uploads\\\/2025\\\/05\\\/cropped-Screenshot-2025-05-29-at-09.27.38.png\",\"width\":512,\"height\":512,\"caption\":\"Red Karawana\"},\"image\":{\"@id\":\"https:\\\/\\\/redkarawana.com\\\/#\\\/schema\\\/logo\\\/image\\\/\"},\"sameAs\":[\"https:\\\/\\\/www.facebook.com\\\/redkarawana\\\/\",\"https:\\\/\\\/www.instagram.com\\\/redkarawana\\\/\",\"https:\\\/\\\/www.youtube.com\\\/channel\\\/UCU9jXzSmyKm4ZZv38FEXGKg\",\"https:\\\/\\\/www.pinterest.com\\\/redkarawana\\\/\"]}]}<\/script>\n<!-- \/ Yoast SEO plugin. -->","yoast_head_json":{"title":"Orientalny Dywan Jedwabny, Iran - Dekoracyjne - Red Karawana","description":"Perskie jedwabne dywany to eleganckie elementy wystroju. Nasz prezentowany orientalny jedwabny dywan ma strukturalny wz\u00f3r w \u015brodku i kwiatowy motyw wok\u00f3\u0142 jego granic.","robots":{"index":"index","follow":"follow","max-snippet":"max-snippet:-1","max-image-preview":"max-image-preview:large","max-video-preview":"max-video-preview:-1"},"canonical":"https:\/\/redkarawana.com\/pl\/rzemioslo\/orientalny-dywan-jedwabny-iran\/","og_locale":"pl_PL","og_type":"article","og_title":"Orientalny Dywan Jedwabny, Iran - Dekoracyjne - Red Karawana","og_description":"Perskie jedwabne dywany to eleganckie elementy wystroju. Nasz prezentowany orientalny jedwabny dywan ma strukturalny wz\u00f3r w \u015brodku i kwiatowy motyw wok\u00f3\u0142 jego granic.","og_url":"https:\/\/redkarawana.com\/pl\/rzemioslo\/orientalny-dywan-jedwabny-iran\/","og_site_name":"Red Karawana","article_publisher":"https:\/\/www.facebook.com\/redkarawana\/","og_image":[{"width":1200,"height":630,"url":"https:\/\/redkarawana.com\/wp-content\/uploads\/2024\/05\/1-AF1200x630-Iran-Oriental-Silk-Carpet.jpg","type":"image\/jpeg"}],"twitter_card":"summary_large_image","twitter_misc":{"Szacowany czas czytania":"1 minuta"},"schema":{"@context":"https:\/\/schema.org","@graph":[{"@type":"WebPage","@id":"https:\/\/redkarawana.com\/pl\/rzemioslo\/orientalny-dywan-jedwabny-iran\/","url":"https:\/\/redkarawana.com\/pl\/rzemioslo\/orientalny-dywan-jedwabny-iran\/","name":"Orientalny Dywan Jedwabny, Iran - Dekoracyjne - Red Karawana","isPartOf":{"@id":"https:\/\/redkarawana.com\/#website"},"primaryImageOfPage":{"@id":"https:\/\/redkarawana.com\/pl\/rzemioslo\/orientalny-dywan-jedwabny-iran\/#primaryimage"},"image":{"@id":"https:\/\/redkarawana.com\/pl\/rzemioslo\/orientalny-dywan-jedwabny-iran\/#primaryimage"},"thumbnailUrl":"https:\/\/redkarawana.com\/wp-content\/uploads\/2024\/05\/1-AP-Feature-Iran-Oriental-Silk-Carpet.jpg","datePublished":"2025-11-30T01:40:46+00:00","description":"Perskie jedwabne dywany to eleganckie elementy wystroju. Nasz prezentowany orientalny jedwabny dywan ma strukturalny wz\u00f3r w \u015brodku i kwiatowy motyw wok\u00f3\u0142 jego granic.","breadcrumb":{"@id":"https:\/\/redkarawana.com\/pl\/rzemioslo\/orientalny-dywan-jedwabny-iran\/#breadcrumb"},"inLanguage":"pl-PL","potentialAction":[{"@type":"ReadAction","target":["https:\/\/redkarawana.com\/pl\/rzemioslo\/orientalny-dywan-jedwabny-iran\/"]}]},{"@type":"ImageObject","inLanguage":"pl-PL","@id":"https:\/\/redkarawana.com\/pl\/rzemioslo\/orientalny-dywan-jedwabny-iran\/#primaryimage","url":"https:\/\/redkarawana.com\/wp-content\/uploads\/2024\/05\/1-AP-Feature-Iran-Oriental-Silk-Carpet.jpg","contentUrl":"https:\/\/redkarawana.com\/wp-content\/uploads\/2024\/05\/1-AP-Feature-Iran-Oriental-Silk-Carpet.jpg","width":680,"height":453,"caption":"Iran, Orientalny Dywan Jedwabny"},{"@type":"BreadcrumbList","@id":"https:\/\/redkarawana.com\/pl\/rzemioslo\/orientalny-dywan-jedwabny-iran\/#breadcrumb","itemListElement":[{"@type":"ListItem","position":1,"name":"Home","item":"https:\/\/redkarawana.com\/pl\/"},{"@type":"ListItem","position":2,"name":"Rzemios\u0142a","item":"https:\/\/redkarawana.com\/pl\/rzemiosla\/"},{"@type":"ListItem","position":3,"name":"Orientalny Dywan Jedwabny, Iran; Eleganckie Tekstylia"}]},{"@type":"WebSite","@id":"https:\/\/redkarawana.com\/#website","url":"https:\/\/redkarawana.com\/","name":"Red Karawana","description":"","publisher":{"@id":"https:\/\/redkarawana.com\/#organization"},"potentialAction":[{"@type":"SearchAction","target":{"@type":"EntryPoint","urlTemplate":"https:\/\/redkarawana.com\/?s={search_term_string}"},"query-input":{"@type":"PropertyValueSpecification","valueRequired":true,"valueName":"search_term_string"}}],"inLanguage":"pl-PL"},{"@type":"Organization","@id":"https:\/\/redkarawana.com\/#organization","name":"Red Karawana","url":"https:\/\/redkarawana.com\/","logo":{"@type":"ImageObject","inLanguage":"pl-PL","@id":"https:\/\/redkarawana.com\/#\/schema\/logo\/image\/","url":"https:\/\/redkarawana.com\/wp-content\/uploads\/2025\/05\/cropped-Screenshot-2025-05-29-at-09.27.38.png","contentUrl":"https:\/\/redkarawana.com\/wp-content\/uploads\/2025\/05\/cropped-Screenshot-2025-05-29-at-09.27.38.png","width":512,"height":512,"caption":"Red Karawana"},"image":{"@id":"https:\/\/redkarawana.com\/#\/schema\/logo\/image\/"},"sameAs":["https:\/\/www.facebook.com\/redkarawana\/","https:\/\/www.instagram.com\/redkarawana\/","https:\/\/www.youtube.com\/channel\/UCU9jXzSmyKm4ZZv38FEXGKg","https:\/\/www.pinterest.com\/redkarawana\/"]}]}},"_links":{"self":[{"href":"https:\/\/redkarawana.com\/pl\/wp-json\/wp\/v2\/product\/4169","targetHints":{"allow":["GET"]}}],"collection":[{"href":"https:\/\/redkarawana.com\/pl\/wp-json\/wp\/v2\/product"}],"about":[{"href":"https:\/\/redkarawana.com\/pl\/wp-json\/wp\/v2\/types\/product"}],"wp:featuredmedia":[{"embeddable":true,"href":"https:\/\/redkarawana.com\/pl\/wp-json\/wp\/v2\/media\/4149"}],"wp:attachment":[{"href":"https:\/\/redkarawana.com\/pl\/wp-json\/wp\/v2\/media?parent=4169"}],"wp:term":[{"taxonomy":"product_brand","embeddable":true,"href":"https:\/\/redkarawana.com\/pl\/wp-json\/wp\/v2\/product_brand?post=4169"},{"taxonomy":"product_cat","embeddable":true,"href":"https:\/\/redkarawana.com\/pl\/wp-json\/wp\/v2\/product_cat?post=4169"},{"taxonomy":"product_tag","embeddable":true,"href":"https:\/\/redkarawana.com\/pl\/wp-json\/wp\/v2\/product_tag?post=4169"}],"curies":[{"name":"wp","href":"https:\/\/api.w.org\/{rel}","templated":true}]}}