{"id":4241,"date":"2025-11-30T02:10:43","date_gmt":"2025-11-30T02:10:43","guid":{"rendered":"https:\/\/redkarawana.com\/?post_type=product&#038;p=4241"},"modified":"2025-07-20T21:08:53","modified_gmt":"2025-07-20T21:08:53","slug":"filizanki-ceramiczne-litwa","status":"publish","type":"product","link":"https:\/\/redkarawana.com\/pl\/rzemioslo\/filizanki-ceramiczne-litwa\/","title":{"rendered":"Fili\u017canki ceramiczne, Litwa; Stylowa Br\u0105zowa Ceramika Szkliwiona"},"content":{"rendered":"<p>Litwa jest domem dla wielu utalentowanych rzemie\u015blnik\u00f3w. Kazimierza, odbywaj\u0105cy si\u0119 co roku w Wilnie, jest niesamowit\u0105 wystaw\u0105 r\u0119cznie robionych produkt\u00f3w tworzonych przez r\u00f3\u017cnych artyst\u00f3w. Na Starym Mie\u015bcie znajdziemy pi\u0119kn\u0105 r\u0119cznie robion\u0105 ceramik\u0119 autorstwa Violety Jermy, tw\u00f3rczyni Pracowni Ceramiki Wn\u0119trz. Artystka tworzy kolorow\u0105 kolekcj\u0119 ceramiki dekoracyjnej i zastawy sto\u0142owej. Wybrane przez nas kubki ceramiczne wyr\u00f3\u017cniaj\u0105 si\u0119 pi\u0119knym i stylowym br\u0105zowym szkliwem, podkre\u015blonym oryginalnym wzorem z ka\u017cdej strony. Wymiary: 2 ceramiczne kubki (\u015brednica 3 \u00bd cala (9 cm), wysoko\u015b\u0107 3 cale (7 \u00bd cm)).     <\/p>\n","protected":false},"excerpt":{"rendered":"<p>Litwa jest domem dla wielu utalentowanych rzemie\u015blnik\u00f3w. Kazimierza, odbywaj\u0105cy si\u0119 co roku w Wilnie, jest niesamowit\u0105 wystaw\u0105 r\u0119cznie robionych produkt\u00f3w tworzonych przez r\u00f3\u017cnych artyst\u00f3w. Na Starym Mie\u015bcie znajdziemy pi\u0119kn\u0105 r\u0119cznie robion\u0105 ceramik\u0119 autorstwa Violety Jermy, tw\u00f3rczyni Pracowni Ceramiki Wn\u0119trz. Artystka tworzy kolorow\u0105 kolekcj\u0119 ceramiki dekoracyjnej i zastawy sto\u0142owej. Wybrane przez nas kubki ceramiczne wyr\u00f3\u017cniaj\u0105 si\u0119 [&hellip;]<\/p>\n","protected":false},"featured_media":4225,"template":"","meta":{"_acf_changed":false},"product_brand":[],"product_cat":[53],"product_tag":[],"class_list":{"0":"post-4241","1":"product","2":"type-product","3":"status-publish","4":"has-post-thumbnail","6":"product_cat-funkcjonalne","8":"first","9":"instock","10":"sold-individually","11":"taxable","12":"shipping-taxable","13":"purchasable","14":"product-type-simple"},"acf":[],"yoast_head":"<!-- This site is optimized with the Yoast SEO plugin v27.6 - https:\/\/yoast.com\/product\/yoast-seo-wordpress\/ -->\n<title>Fili\u017canki Ceramiczne, Litwa - Funkcjonalne - Red Karawana<\/title>\n<meta name=\"description\" content=\"Oto r\u0119cznie robiona ceramika autorstwa Violety Jermy. Nasze wybrane kubki ceramiczne prezentuj\u0105 stylow\u0105 br\u0105zow\u0105 glazur\u0119, podkre\u015blon\u0105 oryginalnym wzorem z ka\u017cdej strony.\" \/>\n<meta name=\"robots\" content=\"index, follow, max-snippet:-1, max-image-preview:large, max-video-preview:-1\" \/>\n<link rel=\"canonical\" href=\"https:\/\/redkarawana.com\/pl\/rzemioslo\/filizanki-ceramiczne-litwa\/\" \/>\n<meta property=\"og:locale\" content=\"pl_PL\" \/>\n<meta property=\"og:type\" content=\"article\" \/>\n<meta property=\"og:title\" content=\"Fili\u017canki Ceramiczne, Litwa - Funkcjonalne - Red Karawana\" \/>\n<meta property=\"og:description\" content=\"Oto r\u0119cznie robiona ceramika autorstwa Violety Jermy. Nasze wybrane kubki ceramiczne prezentuj\u0105 stylow\u0105 br\u0105zow\u0105 glazur\u0119, podkre\u015blon\u0105 oryginalnym wzorem z ka\u017cdej strony.\" \/>\n<meta property=\"og:url\" content=\"https:\/\/redkarawana.com\/pl\/rzemioslo\/filizanki-ceramiczne-litwa\/\" \/>\n<meta property=\"og:site_name\" content=\"Red Karawana\" \/>\n<meta property=\"article:publisher\" content=\"https:\/\/www.facebook.com\/redkarawana\/\" \/>\n<meta property=\"og:image\" content=\"https:\/\/redkarawana.com\/wp-content\/uploads\/2024\/05\/1-AF-1200x630-Lithuania-Ceramic-Cups.jpg\" \/>\n\t<meta property=\"og:image:width\" content=\"1200\" \/>\n\t<meta property=\"og:image:height\" content=\"630\" \/>\n\t<meta property=\"og:image:type\" content=\"image\/jpeg\" \/>\n<meta name=\"twitter:card\" content=\"summary_large_image\" \/>\n<meta name=\"twitter:label1\" content=\"Szacowany czas czytania\" \/>\n\t<meta name=\"twitter:data1\" content=\"1 minuta\" \/>\n<script type=\"application\/ld+json\" class=\"yoast-schema-graph\">{\"@context\":\"https:\\\/\\\/schema.org\",\"@graph\":[{\"@type\":\"WebPage\",\"@id\":\"https:\\\/\\\/redkarawana.com\\\/pl\\\/rzemioslo\\\/filizanki-ceramiczne-litwa\\\/\",\"url\":\"https:\\\/\\\/redkarawana.com\\\/pl\\\/rzemioslo\\\/filizanki-ceramiczne-litwa\\\/\",\"name\":\"Fili\u017canki Ceramiczne, Litwa - Funkcjonalne - Red Karawana\",\"isPartOf\":{\"@id\":\"https:\\\/\\\/redkarawana.com\\\/#website\"},\"primaryImageOfPage\":{\"@id\":\"https:\\\/\\\/redkarawana.com\\\/pl\\\/rzemioslo\\\/filizanki-ceramiczne-litwa\\\/#primaryimage\"},\"image\":{\"@id\":\"https:\\\/\\\/redkarawana.com\\\/pl\\\/rzemioslo\\\/filizanki-ceramiczne-litwa\\\/#primaryimage\"},\"thumbnailUrl\":\"https:\\\/\\\/redkarawana.com\\\/wp-content\\\/uploads\\\/2024\\\/05\\\/1-AP-Feature-Lithuania-Ceramic-Cups.jpg\",\"datePublished\":\"2025-11-30T02:10:43+00:00\",\"description\":\"Oto r\u0119cznie robiona ceramika autorstwa Violety Jermy. Nasze wybrane kubki ceramiczne prezentuj\u0105 stylow\u0105 br\u0105zow\u0105 glazur\u0119, podkre\u015blon\u0105 oryginalnym wzorem z ka\u017cdej strony.\",\"breadcrumb\":{\"@id\":\"https:\\\/\\\/redkarawana.com\\\/pl\\\/rzemioslo\\\/filizanki-ceramiczne-litwa\\\/#breadcrumb\"},\"inLanguage\":\"pl-PL\",\"potentialAction\":[{\"@type\":\"ReadAction\",\"target\":[\"https:\\\/\\\/redkarawana.com\\\/pl\\\/rzemioslo\\\/filizanki-ceramiczne-litwa\\\/\"]}]},{\"@type\":\"ImageObject\",\"inLanguage\":\"pl-PL\",\"@id\":\"https:\\\/\\\/redkarawana.com\\\/pl\\\/rzemioslo\\\/filizanki-ceramiczne-litwa\\\/#primaryimage\",\"url\":\"https:\\\/\\\/redkarawana.com\\\/wp-content\\\/uploads\\\/2024\\\/05\\\/1-AP-Feature-Lithuania-Ceramic-Cups.jpg\",\"contentUrl\":\"https:\\\/\\\/redkarawana.com\\\/wp-content\\\/uploads\\\/2024\\\/05\\\/1-AP-Feature-Lithuania-Ceramic-Cups.jpg\",\"width\":680,\"height\":453,\"caption\":\"Litwa, Fili\u017canki Ceramiczne\"},{\"@type\":\"BreadcrumbList\",\"@id\":\"https:\\\/\\\/redkarawana.com\\\/pl\\\/rzemioslo\\\/filizanki-ceramiczne-litwa\\\/#breadcrumb\",\"itemListElement\":[{\"@type\":\"ListItem\",\"position\":1,\"name\":\"Home\",\"item\":\"https:\\\/\\\/redkarawana.com\\\/pl\\\/\"},{\"@type\":\"ListItem\",\"position\":2,\"name\":\"Rzemios\u0142a\",\"item\":\"https:\\\/\\\/redkarawana.com\\\/pl\\\/rzemiosla\\\/\"},{\"@type\":\"ListItem\",\"position\":3,\"name\":\"Fili\u017canki ceramiczne, Litwa; Stylowa Br\u0105zowa Ceramika Szkliwiona\"}]},{\"@type\":\"WebSite\",\"@id\":\"https:\\\/\\\/redkarawana.com\\\/#website\",\"url\":\"https:\\\/\\\/redkarawana.com\\\/\",\"name\":\"Red Karawana\",\"description\":\"\",\"publisher\":{\"@id\":\"https:\\\/\\\/redkarawana.com\\\/#organization\"},\"potentialAction\":[{\"@type\":\"SearchAction\",\"target\":{\"@type\":\"EntryPoint\",\"urlTemplate\":\"https:\\\/\\\/redkarawana.com\\\/?s={search_term_string}\"},\"query-input\":{\"@type\":\"PropertyValueSpecification\",\"valueRequired\":true,\"valueName\":\"search_term_string\"}}],\"inLanguage\":\"pl-PL\"},{\"@type\":\"Organization\",\"@id\":\"https:\\\/\\\/redkarawana.com\\\/#organization\",\"name\":\"Red Karawana\",\"url\":\"https:\\\/\\\/redkarawana.com\\\/\",\"logo\":{\"@type\":\"ImageObject\",\"inLanguage\":\"pl-PL\",\"@id\":\"https:\\\/\\\/redkarawana.com\\\/#\\\/schema\\\/logo\\\/image\\\/\",\"url\":\"http:\\\/\\\/redkarawana.com\\\/wp-content\\\/uploads\\\/2025\\\/05\\\/cropped-Screenshot-2025-05-29-at-09.27.38.png\",\"contentUrl\":\"http:\\\/\\\/redkarawana.com\\\/wp-content\\\/uploads\\\/2025\\\/05\\\/cropped-Screenshot-2025-05-29-at-09.27.38.png\",\"width\":512,\"height\":512,\"caption\":\"Red Karawana\"},\"image\":{\"@id\":\"https:\\\/\\\/redkarawana.com\\\/#\\\/schema\\\/logo\\\/image\\\/\"},\"sameAs\":[\"https:\\\/\\\/www.facebook.com\\\/redkarawana\\\/\",\"https:\\\/\\\/www.instagram.com\\\/redkarawana\\\/\",\"https:\\\/\\\/www.youtube.com\\\/channel\\\/UCU9jXzSmyKm4ZZv38FEXGKg\",\"https:\\\/\\\/www.pinterest.com\\\/redkarawana\\\/\"]}]}<\/script>\n<!-- \/ Yoast SEO plugin. -->","yoast_head_json":{"title":"Fili\u017canki Ceramiczne, Litwa - Funkcjonalne - Red Karawana","description":"Oto r\u0119cznie robiona ceramika autorstwa Violety Jermy. Nasze wybrane kubki ceramiczne prezentuj\u0105 stylow\u0105 br\u0105zow\u0105 glazur\u0119, podkre\u015blon\u0105 oryginalnym wzorem z ka\u017cdej strony.","robots":{"index":"index","follow":"follow","max-snippet":"max-snippet:-1","max-image-preview":"max-image-preview:large","max-video-preview":"max-video-preview:-1"},"canonical":"https:\/\/redkarawana.com\/pl\/rzemioslo\/filizanki-ceramiczne-litwa\/","og_locale":"pl_PL","og_type":"article","og_title":"Fili\u017canki Ceramiczne, Litwa - Funkcjonalne - Red Karawana","og_description":"Oto r\u0119cznie robiona ceramika autorstwa Violety Jermy. Nasze wybrane kubki ceramiczne prezentuj\u0105 stylow\u0105 br\u0105zow\u0105 glazur\u0119, podkre\u015blon\u0105 oryginalnym wzorem z ka\u017cdej strony.","og_url":"https:\/\/redkarawana.com\/pl\/rzemioslo\/filizanki-ceramiczne-litwa\/","og_site_name":"Red Karawana","article_publisher":"https:\/\/www.facebook.com\/redkarawana\/","og_image":[{"width":1200,"height":630,"url":"https:\/\/redkarawana.com\/wp-content\/uploads\/2024\/05\/1-AF-1200x630-Lithuania-Ceramic-Cups.jpg","type":"image\/jpeg"}],"twitter_card":"summary_large_image","twitter_misc":{"Szacowany czas czytania":"1 minuta"},"schema":{"@context":"https:\/\/schema.org","@graph":[{"@type":"WebPage","@id":"https:\/\/redkarawana.com\/pl\/rzemioslo\/filizanki-ceramiczne-litwa\/","url":"https:\/\/redkarawana.com\/pl\/rzemioslo\/filizanki-ceramiczne-litwa\/","name":"Fili\u017canki Ceramiczne, Litwa - Funkcjonalne - Red Karawana","isPartOf":{"@id":"https:\/\/redkarawana.com\/#website"},"primaryImageOfPage":{"@id":"https:\/\/redkarawana.com\/pl\/rzemioslo\/filizanki-ceramiczne-litwa\/#primaryimage"},"image":{"@id":"https:\/\/redkarawana.com\/pl\/rzemioslo\/filizanki-ceramiczne-litwa\/#primaryimage"},"thumbnailUrl":"https:\/\/redkarawana.com\/wp-content\/uploads\/2024\/05\/1-AP-Feature-Lithuania-Ceramic-Cups.jpg","datePublished":"2025-11-30T02:10:43+00:00","description":"Oto r\u0119cznie robiona ceramika autorstwa Violety Jermy. Nasze wybrane kubki ceramiczne prezentuj\u0105 stylow\u0105 br\u0105zow\u0105 glazur\u0119, podkre\u015blon\u0105 oryginalnym wzorem z ka\u017cdej strony.","breadcrumb":{"@id":"https:\/\/redkarawana.com\/pl\/rzemioslo\/filizanki-ceramiczne-litwa\/#breadcrumb"},"inLanguage":"pl-PL","potentialAction":[{"@type":"ReadAction","target":["https:\/\/redkarawana.com\/pl\/rzemioslo\/filizanki-ceramiczne-litwa\/"]}]},{"@type":"ImageObject","inLanguage":"pl-PL","@id":"https:\/\/redkarawana.com\/pl\/rzemioslo\/filizanki-ceramiczne-litwa\/#primaryimage","url":"https:\/\/redkarawana.com\/wp-content\/uploads\/2024\/05\/1-AP-Feature-Lithuania-Ceramic-Cups.jpg","contentUrl":"https:\/\/redkarawana.com\/wp-content\/uploads\/2024\/05\/1-AP-Feature-Lithuania-Ceramic-Cups.jpg","width":680,"height":453,"caption":"Litwa, Fili\u017canki Ceramiczne"},{"@type":"BreadcrumbList","@id":"https:\/\/redkarawana.com\/pl\/rzemioslo\/filizanki-ceramiczne-litwa\/#breadcrumb","itemListElement":[{"@type":"ListItem","position":1,"name":"Home","item":"https:\/\/redkarawana.com\/pl\/"},{"@type":"ListItem","position":2,"name":"Rzemios\u0142a","item":"https:\/\/redkarawana.com\/pl\/rzemiosla\/"},{"@type":"ListItem","position":3,"name":"Fili\u017canki ceramiczne, Litwa; Stylowa Br\u0105zowa Ceramika Szkliwiona"}]},{"@type":"WebSite","@id":"https:\/\/redkarawana.com\/#website","url":"https:\/\/redkarawana.com\/","name":"Red Karawana","description":"","publisher":{"@id":"https:\/\/redkarawana.com\/#organization"},"potentialAction":[{"@type":"SearchAction","target":{"@type":"EntryPoint","urlTemplate":"https:\/\/redkarawana.com\/?s={search_term_string}"},"query-input":{"@type":"PropertyValueSpecification","valueRequired":true,"valueName":"search_term_string"}}],"inLanguage":"pl-PL"},{"@type":"Organization","@id":"https:\/\/redkarawana.com\/#organization","name":"Red Karawana","url":"https:\/\/redkarawana.com\/","logo":{"@type":"ImageObject","inLanguage":"pl-PL","@id":"https:\/\/redkarawana.com\/#\/schema\/logo\/image\/","url":"http:\/\/redkarawana.com\/wp-content\/uploads\/2025\/05\/cropped-Screenshot-2025-05-29-at-09.27.38.png","contentUrl":"http:\/\/redkarawana.com\/wp-content\/uploads\/2025\/05\/cropped-Screenshot-2025-05-29-at-09.27.38.png","width":512,"height":512,"caption":"Red Karawana"},"image":{"@id":"https:\/\/redkarawana.com\/#\/schema\/logo\/image\/"},"sameAs":["https:\/\/www.facebook.com\/redkarawana\/","https:\/\/www.instagram.com\/redkarawana\/","https:\/\/www.youtube.com\/channel\/UCU9jXzSmyKm4ZZv38FEXGKg","https:\/\/www.pinterest.com\/redkarawana\/"]}]}},"_links":{"self":[{"href":"https:\/\/redkarawana.com\/pl\/wp-json\/wp\/v2\/product\/4241","targetHints":{"allow":["GET"]}}],"collection":[{"href":"https:\/\/redkarawana.com\/pl\/wp-json\/wp\/v2\/product"}],"about":[{"href":"https:\/\/redkarawana.com\/pl\/wp-json\/wp\/v2\/types\/product"}],"wp:featuredmedia":[{"embeddable":true,"href":"https:\/\/redkarawana.com\/pl\/wp-json\/wp\/v2\/media\/4225"}],"wp:attachment":[{"href":"https:\/\/redkarawana.com\/pl\/wp-json\/wp\/v2\/media?parent=4241"}],"wp:term":[{"taxonomy":"product_brand","embeddable":true,"href":"https:\/\/redkarawana.com\/pl\/wp-json\/wp\/v2\/product_brand?post=4241"},{"taxonomy":"product_cat","embeddable":true,"href":"https:\/\/redkarawana.com\/pl\/wp-json\/wp\/v2\/product_cat?post=4241"},{"taxonomy":"product_tag","embeddable":true,"href":"https:\/\/redkarawana.com\/pl\/wp-json\/wp\/v2\/product_tag?post=4241"}],"curies":[{"name":"wp","href":"https:\/\/api.w.org\/{rel}","templated":true}]}}