{"id":9679,"date":"2025-11-30T02:30:47","date_gmt":"2025-11-30T02:30:47","guid":{"rendered":"https:\/\/redkarawana.com\/?post_type=product&#038;p=9679"},"modified":"2025-06-06T21:47:09","modified_gmt":"2025-06-06T21:47:09","slug":"maska-wenecka-kota-wlochy","status":"publish","type":"product","link":"https:\/\/redkarawana.com\/pl\/rzemioslo\/maska-wenecka-kota-wlochy\/","title":{"rendered":"Maska Wenecka Kota, W\u0142ochy; Ozdobiona Z\u0142otym Wzorem"},"content":{"rendered":"<p>W\u0142ochy to kraj, kt\u00f3ry celebruje swoj\u0105 fascynuj\u0105c\u0105 kultur\u0119. Tradycja teatr\u00f3w plenerowych, karnawa\u0142\u00f3w i bal\u00f3w maskowych jest zachowana od wielu wiek\u00f3w. \u015awi\u0119towanie karnawa\u0142u ukazuje niesamowit\u0105 energi\u0119 we w\u0142oskich miastach. Mieszka\u0144cy bior\u0105 udzia\u0142 w balach maskowych, nosz\u0105c kolorowe kostiumy i pi\u0119kne maski. Weneccy rzemie\u015blnicy tworz\u0105 maski maskaradowe, wyj\u0105tkowe pami\u0105tki z okazji tych wydarze\u0144 kulturalnych. Wybieramy autentyczn\u0105 mask\u0119 weneck\u0105 kota, r\u0119cznie wykonan\u0105 przez La Maschera del Galeone i ozdobion\u0105 z\u0142otymi akcentami. Wymiary: maska wenecka kota (szeroko\u015b\u0107 6 \u00bd cala, wysoko\u015b\u0107 6 \u00bd cala).      <\/p>\n","protected":false},"excerpt":{"rendered":"<p>W\u0142ochy to kraj, kt\u00f3ry celebruje swoj\u0105 fascynuj\u0105c\u0105 kultur\u0119. Tradycja teatr\u00f3w plenerowych, karnawa\u0142\u00f3w i bal\u00f3w maskowych jest zachowana od wielu wiek\u00f3w. \u015awi\u0119towanie karnawa\u0142u ukazuje niesamowit\u0105 energi\u0119 we w\u0142oskich miastach. Mieszka\u0144cy bior\u0105 udzia\u0142 w balach maskowych, nosz\u0105c kolorowe kostiumy i pi\u0119kne maski. Weneccy rzemie\u015blnicy tworz\u0105 maski maskaradowe, wyj\u0105tkowe pami\u0105tki z okazji tych wydarze\u0144 kulturalnych. Wybieramy autentyczn\u0105 mask\u0119 [&hellip;]<\/p>\n","protected":false},"featured_media":9663,"template":"","meta":{"_acf_changed":false},"product_brand":[],"product_cat":[52],"product_tag":[],"class_list":{"0":"post-9679","1":"product","2":"type-product","3":"status-publish","4":"has-post-thumbnail","6":"product_cat-artystyczne","8":"first","9":"instock","10":"sold-individually","11":"taxable","12":"shipping-taxable","13":"purchasable","14":"product-type-simple"},"acf":[],"yoast_head":"<!-- This site is optimized with the Yoast SEO plugin v27.3 - https:\/\/yoast.com\/product\/yoast-seo-wordpress\/ -->\n<title>Maska Wenecka Kota, W\u0142ochy - Artystyczne - Red Karawana<\/title>\n<meta name=\"description\" content=\"Weneccy rzemie\u015blnicy tworz\u0105 pi\u0119kne maski maskaradowe. Nasza Maska Wenecka Kota jest r\u0119cznie wykonana przez La Maschera del Galeone.\" \/>\n<meta name=\"robots\" content=\"index, follow, max-snippet:-1, max-image-preview:large, max-video-preview:-1\" \/>\n<link rel=\"canonical\" href=\"https:\/\/redkarawana.com\/pl\/rzemioslo\/maska-wenecka-kota-wlochy\/\" \/>\n<meta property=\"og:locale\" content=\"pl_PL\" \/>\n<meta property=\"og:type\" content=\"article\" \/>\n<meta property=\"og:title\" content=\"Maska Wenecka Kota, W\u0142ochy - Artystyczne - Red Karawana\" \/>\n<meta property=\"og:description\" content=\"Weneccy rzemie\u015blnicy tworz\u0105 pi\u0119kne maski maskaradowe. Nasza Maska Wenecka Kota jest r\u0119cznie wykonana przez La Maschera del Galeone.\" \/>\n<meta property=\"og:url\" content=\"https:\/\/redkarawana.com\/pl\/rzemioslo\/maska-wenecka-kota-wlochy\/\" \/>\n<meta property=\"og:site_name\" content=\"Red Karawana\" \/>\n<meta property=\"article:publisher\" content=\"https:\/\/www.facebook.com\/redkarawana\/\" \/>\n<meta property=\"og:image\" content=\"https:\/\/redkarawana.com\/wp-content\/uploads\/2025\/04\/1-AF1200x630-Italy-Venetian-Cat-Mask.jpg\" \/>\n\t<meta property=\"og:image:width\" content=\"1200\" \/>\n\t<meta property=\"og:image:height\" content=\"630\" \/>\n\t<meta property=\"og:image:type\" content=\"image\/jpeg\" \/>\n<meta name=\"twitter:card\" content=\"summary_large_image\" \/>\n<meta name=\"twitter:label1\" content=\"Szacowany czas czytania\" \/>\n\t<meta name=\"twitter:data1\" content=\"1 minuta\" \/>\n<script type=\"application\/ld+json\" class=\"yoast-schema-graph\">{\"@context\":\"https:\\\/\\\/schema.org\",\"@graph\":[{\"@type\":\"WebPage\",\"@id\":\"https:\\\/\\\/redkarawana.com\\\/pl\\\/rzemioslo\\\/maska-wenecka-kota-wlochy\\\/\",\"url\":\"https:\\\/\\\/redkarawana.com\\\/pl\\\/rzemioslo\\\/maska-wenecka-kota-wlochy\\\/\",\"name\":\"Maska Wenecka Kota, W\u0142ochy - Artystyczne - Red Karawana\",\"isPartOf\":{\"@id\":\"https:\\\/\\\/redkarawana.com\\\/#website\"},\"primaryImageOfPage\":{\"@id\":\"https:\\\/\\\/redkarawana.com\\\/pl\\\/rzemioslo\\\/maska-wenecka-kota-wlochy\\\/#primaryimage\"},\"image\":{\"@id\":\"https:\\\/\\\/redkarawana.com\\\/pl\\\/rzemioslo\\\/maska-wenecka-kota-wlochy\\\/#primaryimage\"},\"thumbnailUrl\":\"https:\\\/\\\/redkarawana.com\\\/wp-content\\\/uploads\\\/2025\\\/04\\\/1-AP-Feature-Italy-Venetian-Cat-Mask.jpg\",\"datePublished\":\"2025-11-30T02:30:47+00:00\",\"description\":\"Weneccy rzemie\u015blnicy tworz\u0105 pi\u0119kne maski maskaradowe. Nasza Maska Wenecka Kota jest r\u0119cznie wykonana przez La Maschera del Galeone.\",\"breadcrumb\":{\"@id\":\"https:\\\/\\\/redkarawana.com\\\/pl\\\/rzemioslo\\\/maska-wenecka-kota-wlochy\\\/#breadcrumb\"},\"inLanguage\":\"pl-PL\",\"potentialAction\":[{\"@type\":\"ReadAction\",\"target\":[\"https:\\\/\\\/redkarawana.com\\\/pl\\\/rzemioslo\\\/maska-wenecka-kota-wlochy\\\/\"]}]},{\"@type\":\"ImageObject\",\"inLanguage\":\"pl-PL\",\"@id\":\"https:\\\/\\\/redkarawana.com\\\/pl\\\/rzemioslo\\\/maska-wenecka-kota-wlochy\\\/#primaryimage\",\"url\":\"https:\\\/\\\/redkarawana.com\\\/wp-content\\\/uploads\\\/2025\\\/04\\\/1-AP-Feature-Italy-Venetian-Cat-Mask.jpg\",\"contentUrl\":\"https:\\\/\\\/redkarawana.com\\\/wp-content\\\/uploads\\\/2025\\\/04\\\/1-AP-Feature-Italy-Venetian-Cat-Mask.jpg\",\"width\":680,\"height\":453,\"caption\":\"W\u0142ochy, Maska Wenecka Kota\"},{\"@type\":\"BreadcrumbList\",\"@id\":\"https:\\\/\\\/redkarawana.com\\\/pl\\\/rzemioslo\\\/maska-wenecka-kota-wlochy\\\/#breadcrumb\",\"itemListElement\":[{\"@type\":\"ListItem\",\"position\":1,\"name\":\"Home\",\"item\":\"https:\\\/\\\/redkarawana.com\\\/pl\\\/\"},{\"@type\":\"ListItem\",\"position\":2,\"name\":\"Rzemios\u0142a\",\"item\":\"https:\\\/\\\/redkarawana.com\\\/pl\\\/rzemiosla\\\/\"},{\"@type\":\"ListItem\",\"position\":3,\"name\":\"Maska Wenecka Kota, W\u0142ochy; Ozdobiona Z\u0142otym Wzorem\"}]},{\"@type\":\"WebSite\",\"@id\":\"https:\\\/\\\/redkarawana.com\\\/#website\",\"url\":\"https:\\\/\\\/redkarawana.com\\\/\",\"name\":\"Red Karawana\",\"description\":\"\",\"publisher\":{\"@id\":\"https:\\\/\\\/redkarawana.com\\\/#organization\"},\"potentialAction\":[{\"@type\":\"SearchAction\",\"target\":{\"@type\":\"EntryPoint\",\"urlTemplate\":\"https:\\\/\\\/redkarawana.com\\\/?s={search_term_string}\"},\"query-input\":{\"@type\":\"PropertyValueSpecification\",\"valueRequired\":true,\"valueName\":\"search_term_string\"}}],\"inLanguage\":\"pl-PL\"},{\"@type\":\"Organization\",\"@id\":\"https:\\\/\\\/redkarawana.com\\\/#organization\",\"name\":\"Red Karawana\",\"url\":\"https:\\\/\\\/redkarawana.com\\\/\",\"logo\":{\"@type\":\"ImageObject\",\"inLanguage\":\"pl-PL\",\"@id\":\"https:\\\/\\\/redkarawana.com\\\/#\\\/schema\\\/logo\\\/image\\\/\",\"url\":\"https:\\\/\\\/redkarawana.com\\\/wp-content\\\/uploads\\\/2025\\\/05\\\/cropped-Screenshot-2025-05-29-at-09.27.38.png\",\"contentUrl\":\"https:\\\/\\\/redkarawana.com\\\/wp-content\\\/uploads\\\/2025\\\/05\\\/cropped-Screenshot-2025-05-29-at-09.27.38.png\",\"width\":512,\"height\":512,\"caption\":\"Red Karawana\"},\"image\":{\"@id\":\"https:\\\/\\\/redkarawana.com\\\/#\\\/schema\\\/logo\\\/image\\\/\"},\"sameAs\":[\"https:\\\/\\\/www.facebook.com\\\/redkarawana\\\/\",\"https:\\\/\\\/www.instagram.com\\\/redkarawana\\\/\",\"https:\\\/\\\/www.youtube.com\\\/channel\\\/UCU9jXzSmyKm4ZZv38FEXGKg\",\"https:\\\/\\\/www.pinterest.com\\\/redkarawana\\\/\"]}]}<\/script>\n<!-- \/ Yoast SEO plugin. -->","yoast_head_json":{"title":"Maska Wenecka Kota, W\u0142ochy - Artystyczne - Red Karawana","description":"Weneccy rzemie\u015blnicy tworz\u0105 pi\u0119kne maski maskaradowe. Nasza Maska Wenecka Kota jest r\u0119cznie wykonana przez La Maschera del Galeone.","robots":{"index":"index","follow":"follow","max-snippet":"max-snippet:-1","max-image-preview":"max-image-preview:large","max-video-preview":"max-video-preview:-1"},"canonical":"https:\/\/redkarawana.com\/pl\/rzemioslo\/maska-wenecka-kota-wlochy\/","og_locale":"pl_PL","og_type":"article","og_title":"Maska Wenecka Kota, W\u0142ochy - Artystyczne - Red Karawana","og_description":"Weneccy rzemie\u015blnicy tworz\u0105 pi\u0119kne maski maskaradowe. Nasza Maska Wenecka Kota jest r\u0119cznie wykonana przez La Maschera del Galeone.","og_url":"https:\/\/redkarawana.com\/pl\/rzemioslo\/maska-wenecka-kota-wlochy\/","og_site_name":"Red Karawana","article_publisher":"https:\/\/www.facebook.com\/redkarawana\/","og_image":[{"width":1200,"height":630,"url":"https:\/\/redkarawana.com\/wp-content\/uploads\/2025\/04\/1-AF1200x630-Italy-Venetian-Cat-Mask.jpg","type":"image\/jpeg"}],"twitter_card":"summary_large_image","twitter_misc":{"Szacowany czas czytania":"1 minuta"},"schema":{"@context":"https:\/\/schema.org","@graph":[{"@type":"WebPage","@id":"https:\/\/redkarawana.com\/pl\/rzemioslo\/maska-wenecka-kota-wlochy\/","url":"https:\/\/redkarawana.com\/pl\/rzemioslo\/maska-wenecka-kota-wlochy\/","name":"Maska Wenecka Kota, W\u0142ochy - Artystyczne - Red Karawana","isPartOf":{"@id":"https:\/\/redkarawana.com\/#website"},"primaryImageOfPage":{"@id":"https:\/\/redkarawana.com\/pl\/rzemioslo\/maska-wenecka-kota-wlochy\/#primaryimage"},"image":{"@id":"https:\/\/redkarawana.com\/pl\/rzemioslo\/maska-wenecka-kota-wlochy\/#primaryimage"},"thumbnailUrl":"https:\/\/redkarawana.com\/wp-content\/uploads\/2025\/04\/1-AP-Feature-Italy-Venetian-Cat-Mask.jpg","datePublished":"2025-11-30T02:30:47+00:00","description":"Weneccy rzemie\u015blnicy tworz\u0105 pi\u0119kne maski maskaradowe. Nasza Maska Wenecka Kota jest r\u0119cznie wykonana przez La Maschera del Galeone.","breadcrumb":{"@id":"https:\/\/redkarawana.com\/pl\/rzemioslo\/maska-wenecka-kota-wlochy\/#breadcrumb"},"inLanguage":"pl-PL","potentialAction":[{"@type":"ReadAction","target":["https:\/\/redkarawana.com\/pl\/rzemioslo\/maska-wenecka-kota-wlochy\/"]}]},{"@type":"ImageObject","inLanguage":"pl-PL","@id":"https:\/\/redkarawana.com\/pl\/rzemioslo\/maska-wenecka-kota-wlochy\/#primaryimage","url":"https:\/\/redkarawana.com\/wp-content\/uploads\/2025\/04\/1-AP-Feature-Italy-Venetian-Cat-Mask.jpg","contentUrl":"https:\/\/redkarawana.com\/wp-content\/uploads\/2025\/04\/1-AP-Feature-Italy-Venetian-Cat-Mask.jpg","width":680,"height":453,"caption":"W\u0142ochy, Maska Wenecka Kota"},{"@type":"BreadcrumbList","@id":"https:\/\/redkarawana.com\/pl\/rzemioslo\/maska-wenecka-kota-wlochy\/#breadcrumb","itemListElement":[{"@type":"ListItem","position":1,"name":"Home","item":"https:\/\/redkarawana.com\/pl\/"},{"@type":"ListItem","position":2,"name":"Rzemios\u0142a","item":"https:\/\/redkarawana.com\/pl\/rzemiosla\/"},{"@type":"ListItem","position":3,"name":"Maska Wenecka Kota, W\u0142ochy; Ozdobiona Z\u0142otym Wzorem"}]},{"@type":"WebSite","@id":"https:\/\/redkarawana.com\/#website","url":"https:\/\/redkarawana.com\/","name":"Red Karawana","description":"","publisher":{"@id":"https:\/\/redkarawana.com\/#organization"},"potentialAction":[{"@type":"SearchAction","target":{"@type":"EntryPoint","urlTemplate":"https:\/\/redkarawana.com\/?s={search_term_string}"},"query-input":{"@type":"PropertyValueSpecification","valueRequired":true,"valueName":"search_term_string"}}],"inLanguage":"pl-PL"},{"@type":"Organization","@id":"https:\/\/redkarawana.com\/#organization","name":"Red Karawana","url":"https:\/\/redkarawana.com\/","logo":{"@type":"ImageObject","inLanguage":"pl-PL","@id":"https:\/\/redkarawana.com\/#\/schema\/logo\/image\/","url":"https:\/\/redkarawana.com\/wp-content\/uploads\/2025\/05\/cropped-Screenshot-2025-05-29-at-09.27.38.png","contentUrl":"https:\/\/redkarawana.com\/wp-content\/uploads\/2025\/05\/cropped-Screenshot-2025-05-29-at-09.27.38.png","width":512,"height":512,"caption":"Red Karawana"},"image":{"@id":"https:\/\/redkarawana.com\/#\/schema\/logo\/image\/"},"sameAs":["https:\/\/www.facebook.com\/redkarawana\/","https:\/\/www.instagram.com\/redkarawana\/","https:\/\/www.youtube.com\/channel\/UCU9jXzSmyKm4ZZv38FEXGKg","https:\/\/www.pinterest.com\/redkarawana\/"]}]}},"_links":{"self":[{"href":"https:\/\/redkarawana.com\/pl\/wp-json\/wp\/v2\/product\/9679","targetHints":{"allow":["GET"]}}],"collection":[{"href":"https:\/\/redkarawana.com\/pl\/wp-json\/wp\/v2\/product"}],"about":[{"href":"https:\/\/redkarawana.com\/pl\/wp-json\/wp\/v2\/types\/product"}],"wp:featuredmedia":[{"embeddable":true,"href":"https:\/\/redkarawana.com\/pl\/wp-json\/wp\/v2\/media\/9663"}],"wp:attachment":[{"href":"https:\/\/redkarawana.com\/pl\/wp-json\/wp\/v2\/media?parent=9679"}],"wp:term":[{"taxonomy":"product_brand","embeddable":true,"href":"https:\/\/redkarawana.com\/pl\/wp-json\/wp\/v2\/product_brand?post=9679"},{"taxonomy":"product_cat","embeddable":true,"href":"https:\/\/redkarawana.com\/pl\/wp-json\/wp\/v2\/product_cat?post=9679"},{"taxonomy":"product_tag","embeddable":true,"href":"https:\/\/redkarawana.com\/pl\/wp-json\/wp\/v2\/product_tag?post=9679"}],"curies":[{"name":"wp","href":"https:\/\/api.w.org\/{rel}","templated":true}]}}