{"id":9899,"date":"2025-11-30T03:40:07","date_gmt":"2025-11-30T03:40:07","guid":{"rendered":"https:\/\/redkarawana.com\/?post_type=product&#038;p=9899"},"modified":"2025-10-01T22:37:08","modified_gmt":"2025-10-01T22:37:08","slug":"miska-ceramiczna-polska","status":"publish","type":"product","link":"https:\/\/redkarawana.com\/pl\/rzemioslo\/miska-ceramiczna-polska\/","title":{"rendered":"Miska Ceramiczna, Polska; Kolor Kremowy, Odcienie Zieleni i Br\u0105zu"},"content":{"rendered":"<p>Polscy rzemie\u015blnicy s\u0105 znani ze swojego po\u015bwi\u0119cenia w tworzeniu unikalnych i wykwintnych r\u0119kodzie\u0142. Przemierzaj\u0105c historyczne miasta w Polsce, odwiedzamy letni targ, na kt\u00f3rym mo\u017cna znale\u017a\u0107 r\u00f3\u017cnorodne dzie\u0142a sztuki dekoracyjnej, oryginalne wyroby r\u0119kodzielnicze i stylow\u0105 zastaw\u0119 sto\u0142ow\u0105. Wybieramy r\u0119cznie wykonan\u0105 misk\u0119 ceramiczn\u0105, kt\u00f3ra ma prosty wz\u00f3r i subtelne akcenty. Prezentowana miska ceramiczna w kolorze kremowym jest ozdobiona odcieniami zieleni i br\u0105zu na kraw\u0119dziach. Wymiary: miska ceramiczna (\u015brednica 7 \u00be cala, wysoko\u015b\u0107 2 cale).    <\/p>\n","protected":false},"excerpt":{"rendered":"<p>Polscy rzemie\u015blnicy s\u0105 znani ze swojego po\u015bwi\u0119cenia w tworzeniu unikalnych i wykwintnych r\u0119kodzie\u0142. Przemierzaj\u0105c historyczne miasta w Polsce, odwiedzamy letni targ, na kt\u00f3rym mo\u017cna znale\u017a\u0107 r\u00f3\u017cnorodne dzie\u0142a sztuki dekoracyjnej, oryginalne wyroby r\u0119kodzielnicze i stylow\u0105 zastaw\u0119 sto\u0142ow\u0105. Wybieramy r\u0119cznie wykonan\u0105 misk\u0119 ceramiczn\u0105, kt\u00f3ra ma prosty wz\u00f3r i subtelne akcenty. Prezentowana miska ceramiczna w kolorze kremowym jest [&hellip;]<\/p>\n","protected":false},"featured_media":9883,"template":"","meta":{"_acf_changed":false},"product_brand":[],"product_cat":[53],"product_tag":[],"class_list":{"0":"post-9899","1":"product","2":"type-product","3":"status-publish","4":"has-post-thumbnail","6":"product_cat-funkcjonalne","8":"first","9":"instock","10":"sold-individually","11":"taxable","12":"shipping-taxable","13":"purchasable","14":"product-type-simple"},"acf":[],"yoast_head":"<!-- This site is optimized with the Yoast SEO plugin v27.3 - https:\/\/yoast.com\/product\/yoast-seo-wordpress\/ -->\n<title>Miska Ceramiczna, Polska - Funkcjonalne - Red Karawana<\/title>\n<meta name=\"description\" content=\"Prezentowana miska ceramiczna jest r\u0119cznie wykonana w kolorze kremowym i ozdobiona odcieniami zieleni i br\u0105zu na kraw\u0119dziach.\" \/>\n<meta name=\"robots\" content=\"index, follow, max-snippet:-1, max-image-preview:large, max-video-preview:-1\" \/>\n<link rel=\"canonical\" href=\"https:\/\/redkarawana.com\/pl\/rzemioslo\/miska-ceramiczna-polska\/\" \/>\n<meta property=\"og:locale\" content=\"pl_PL\" \/>\n<meta property=\"og:type\" content=\"article\" \/>\n<meta property=\"og:title\" content=\"Miska Ceramiczna, Polska - Funkcjonalne - Red Karawana\" \/>\n<meta property=\"og:description\" content=\"Prezentowana miska ceramiczna jest r\u0119cznie wykonana w kolorze kremowym i ozdobiona odcieniami zieleni i br\u0105zu na kraw\u0119dziach.\" \/>\n<meta property=\"og:url\" content=\"https:\/\/redkarawana.com\/pl\/rzemioslo\/miska-ceramiczna-polska\/\" \/>\n<meta property=\"og:site_name\" content=\"Red Karawana\" \/>\n<meta property=\"article:publisher\" content=\"https:\/\/www.facebook.com\/redkarawana\/\" \/>\n<meta property=\"og:image\" content=\"https:\/\/redkarawana.com\/wp-content\/uploads\/2025\/04\/1-AF1200x630-Poland-Ceramic-Bowl.jpg\" \/>\n\t<meta property=\"og:image:width\" content=\"1200\" \/>\n\t<meta property=\"og:image:height\" content=\"630\" \/>\n\t<meta property=\"og:image:type\" content=\"image\/jpeg\" \/>\n<meta name=\"twitter:card\" content=\"summary_large_image\" \/>\n<meta name=\"twitter:label1\" content=\"Szacowany czas czytania\" \/>\n\t<meta name=\"twitter:data1\" content=\"1 minuta\" \/>\n<script type=\"application\/ld+json\" class=\"yoast-schema-graph\">{\"@context\":\"https:\\\/\\\/schema.org\",\"@graph\":[{\"@type\":\"WebPage\",\"@id\":\"https:\\\/\\\/redkarawana.com\\\/pl\\\/rzemioslo\\\/miska-ceramiczna-polska\\\/\",\"url\":\"https:\\\/\\\/redkarawana.com\\\/pl\\\/rzemioslo\\\/miska-ceramiczna-polska\\\/\",\"name\":\"Miska Ceramiczna, Polska - Funkcjonalne - Red Karawana\",\"isPartOf\":{\"@id\":\"https:\\\/\\\/redkarawana.com\\\/#website\"},\"primaryImageOfPage\":{\"@id\":\"https:\\\/\\\/redkarawana.com\\\/pl\\\/rzemioslo\\\/miska-ceramiczna-polska\\\/#primaryimage\"},\"image\":{\"@id\":\"https:\\\/\\\/redkarawana.com\\\/pl\\\/rzemioslo\\\/miska-ceramiczna-polska\\\/#primaryimage\"},\"thumbnailUrl\":\"https:\\\/\\\/redkarawana.com\\\/wp-content\\\/uploads\\\/2025\\\/04\\\/1-AP-Feature-Poland-Ceramic-Bowl.jpg\",\"datePublished\":\"2025-11-30T03:40:07+00:00\",\"description\":\"Prezentowana miska ceramiczna jest r\u0119cznie wykonana w kolorze kremowym i ozdobiona odcieniami zieleni i br\u0105zu na kraw\u0119dziach.\",\"breadcrumb\":{\"@id\":\"https:\\\/\\\/redkarawana.com\\\/pl\\\/rzemioslo\\\/miska-ceramiczna-polska\\\/#breadcrumb\"},\"inLanguage\":\"pl-PL\",\"potentialAction\":[{\"@type\":\"ReadAction\",\"target\":[\"https:\\\/\\\/redkarawana.com\\\/pl\\\/rzemioslo\\\/miska-ceramiczna-polska\\\/\"]}]},{\"@type\":\"ImageObject\",\"inLanguage\":\"pl-PL\",\"@id\":\"https:\\\/\\\/redkarawana.com\\\/pl\\\/rzemioslo\\\/miska-ceramiczna-polska\\\/#primaryimage\",\"url\":\"https:\\\/\\\/redkarawana.com\\\/wp-content\\\/uploads\\\/2025\\\/04\\\/1-AP-Feature-Poland-Ceramic-Bowl.jpg\",\"contentUrl\":\"https:\\\/\\\/redkarawana.com\\\/wp-content\\\/uploads\\\/2025\\\/04\\\/1-AP-Feature-Poland-Ceramic-Bowl.jpg\",\"width\":680,\"height\":453,\"caption\":\"Polska, Miska Ceramiczna\"},{\"@type\":\"BreadcrumbList\",\"@id\":\"https:\\\/\\\/redkarawana.com\\\/pl\\\/rzemioslo\\\/miska-ceramiczna-polska\\\/#breadcrumb\",\"itemListElement\":[{\"@type\":\"ListItem\",\"position\":1,\"name\":\"Home\",\"item\":\"https:\\\/\\\/redkarawana.com\\\/pl\\\/\"},{\"@type\":\"ListItem\",\"position\":2,\"name\":\"Rzemios\u0142a\",\"item\":\"https:\\\/\\\/redkarawana.com\\\/pl\\\/rzemiosla\\\/\"},{\"@type\":\"ListItem\",\"position\":3,\"name\":\"Miska Ceramiczna, Polska; Kolor Kremowy, Odcienie Zieleni i Br\u0105zu\"}]},{\"@type\":\"WebSite\",\"@id\":\"https:\\\/\\\/redkarawana.com\\\/#website\",\"url\":\"https:\\\/\\\/redkarawana.com\\\/\",\"name\":\"Red Karawana\",\"description\":\"\",\"publisher\":{\"@id\":\"https:\\\/\\\/redkarawana.com\\\/#organization\"},\"potentialAction\":[{\"@type\":\"SearchAction\",\"target\":{\"@type\":\"EntryPoint\",\"urlTemplate\":\"https:\\\/\\\/redkarawana.com\\\/?s={search_term_string}\"},\"query-input\":{\"@type\":\"PropertyValueSpecification\",\"valueRequired\":true,\"valueName\":\"search_term_string\"}}],\"inLanguage\":\"pl-PL\"},{\"@type\":\"Organization\",\"@id\":\"https:\\\/\\\/redkarawana.com\\\/#organization\",\"name\":\"Red Karawana\",\"url\":\"https:\\\/\\\/redkarawana.com\\\/\",\"logo\":{\"@type\":\"ImageObject\",\"inLanguage\":\"pl-PL\",\"@id\":\"https:\\\/\\\/redkarawana.com\\\/#\\\/schema\\\/logo\\\/image\\\/\",\"url\":\"https:\\\/\\\/redkarawana.com\\\/wp-content\\\/uploads\\\/2025\\\/05\\\/cropped-Screenshot-2025-05-29-at-09.27.38.png\",\"contentUrl\":\"https:\\\/\\\/redkarawana.com\\\/wp-content\\\/uploads\\\/2025\\\/05\\\/cropped-Screenshot-2025-05-29-at-09.27.38.png\",\"width\":512,\"height\":512,\"caption\":\"Red Karawana\"},\"image\":{\"@id\":\"https:\\\/\\\/redkarawana.com\\\/#\\\/schema\\\/logo\\\/image\\\/\"},\"sameAs\":[\"https:\\\/\\\/www.facebook.com\\\/redkarawana\\\/\",\"https:\\\/\\\/www.instagram.com\\\/redkarawana\\\/\",\"https:\\\/\\\/www.youtube.com\\\/channel\\\/UCU9jXzSmyKm4ZZv38FEXGKg\",\"https:\\\/\\\/www.pinterest.com\\\/redkarawana\\\/\"]}]}<\/script>\n<!-- \/ Yoast SEO plugin. -->","yoast_head_json":{"title":"Miska Ceramiczna, Polska - Funkcjonalne - Red Karawana","description":"Prezentowana miska ceramiczna jest r\u0119cznie wykonana w kolorze kremowym i ozdobiona odcieniami zieleni i br\u0105zu na kraw\u0119dziach.","robots":{"index":"index","follow":"follow","max-snippet":"max-snippet:-1","max-image-preview":"max-image-preview:large","max-video-preview":"max-video-preview:-1"},"canonical":"https:\/\/redkarawana.com\/pl\/rzemioslo\/miska-ceramiczna-polska\/","og_locale":"pl_PL","og_type":"article","og_title":"Miska Ceramiczna, Polska - Funkcjonalne - Red Karawana","og_description":"Prezentowana miska ceramiczna jest r\u0119cznie wykonana w kolorze kremowym i ozdobiona odcieniami zieleni i br\u0105zu na kraw\u0119dziach.","og_url":"https:\/\/redkarawana.com\/pl\/rzemioslo\/miska-ceramiczna-polska\/","og_site_name":"Red Karawana","article_publisher":"https:\/\/www.facebook.com\/redkarawana\/","og_image":[{"width":1200,"height":630,"url":"https:\/\/redkarawana.com\/wp-content\/uploads\/2025\/04\/1-AF1200x630-Poland-Ceramic-Bowl.jpg","type":"image\/jpeg"}],"twitter_card":"summary_large_image","twitter_misc":{"Szacowany czas czytania":"1 minuta"},"schema":{"@context":"https:\/\/schema.org","@graph":[{"@type":"WebPage","@id":"https:\/\/redkarawana.com\/pl\/rzemioslo\/miska-ceramiczna-polska\/","url":"https:\/\/redkarawana.com\/pl\/rzemioslo\/miska-ceramiczna-polska\/","name":"Miska Ceramiczna, Polska - Funkcjonalne - Red Karawana","isPartOf":{"@id":"https:\/\/redkarawana.com\/#website"},"primaryImageOfPage":{"@id":"https:\/\/redkarawana.com\/pl\/rzemioslo\/miska-ceramiczna-polska\/#primaryimage"},"image":{"@id":"https:\/\/redkarawana.com\/pl\/rzemioslo\/miska-ceramiczna-polska\/#primaryimage"},"thumbnailUrl":"https:\/\/redkarawana.com\/wp-content\/uploads\/2025\/04\/1-AP-Feature-Poland-Ceramic-Bowl.jpg","datePublished":"2025-11-30T03:40:07+00:00","description":"Prezentowana miska ceramiczna jest r\u0119cznie wykonana w kolorze kremowym i ozdobiona odcieniami zieleni i br\u0105zu na kraw\u0119dziach.","breadcrumb":{"@id":"https:\/\/redkarawana.com\/pl\/rzemioslo\/miska-ceramiczna-polska\/#breadcrumb"},"inLanguage":"pl-PL","potentialAction":[{"@type":"ReadAction","target":["https:\/\/redkarawana.com\/pl\/rzemioslo\/miska-ceramiczna-polska\/"]}]},{"@type":"ImageObject","inLanguage":"pl-PL","@id":"https:\/\/redkarawana.com\/pl\/rzemioslo\/miska-ceramiczna-polska\/#primaryimage","url":"https:\/\/redkarawana.com\/wp-content\/uploads\/2025\/04\/1-AP-Feature-Poland-Ceramic-Bowl.jpg","contentUrl":"https:\/\/redkarawana.com\/wp-content\/uploads\/2025\/04\/1-AP-Feature-Poland-Ceramic-Bowl.jpg","width":680,"height":453,"caption":"Polska, Miska Ceramiczna"},{"@type":"BreadcrumbList","@id":"https:\/\/redkarawana.com\/pl\/rzemioslo\/miska-ceramiczna-polska\/#breadcrumb","itemListElement":[{"@type":"ListItem","position":1,"name":"Home","item":"https:\/\/redkarawana.com\/pl\/"},{"@type":"ListItem","position":2,"name":"Rzemios\u0142a","item":"https:\/\/redkarawana.com\/pl\/rzemiosla\/"},{"@type":"ListItem","position":3,"name":"Miska Ceramiczna, Polska; Kolor Kremowy, Odcienie Zieleni i Br\u0105zu"}]},{"@type":"WebSite","@id":"https:\/\/redkarawana.com\/#website","url":"https:\/\/redkarawana.com\/","name":"Red Karawana","description":"","publisher":{"@id":"https:\/\/redkarawana.com\/#organization"},"potentialAction":[{"@type":"SearchAction","target":{"@type":"EntryPoint","urlTemplate":"https:\/\/redkarawana.com\/?s={search_term_string}"},"query-input":{"@type":"PropertyValueSpecification","valueRequired":true,"valueName":"search_term_string"}}],"inLanguage":"pl-PL"},{"@type":"Organization","@id":"https:\/\/redkarawana.com\/#organization","name":"Red Karawana","url":"https:\/\/redkarawana.com\/","logo":{"@type":"ImageObject","inLanguage":"pl-PL","@id":"https:\/\/redkarawana.com\/#\/schema\/logo\/image\/","url":"https:\/\/redkarawana.com\/wp-content\/uploads\/2025\/05\/cropped-Screenshot-2025-05-29-at-09.27.38.png","contentUrl":"https:\/\/redkarawana.com\/wp-content\/uploads\/2025\/05\/cropped-Screenshot-2025-05-29-at-09.27.38.png","width":512,"height":512,"caption":"Red Karawana"},"image":{"@id":"https:\/\/redkarawana.com\/#\/schema\/logo\/image\/"},"sameAs":["https:\/\/www.facebook.com\/redkarawana\/","https:\/\/www.instagram.com\/redkarawana\/","https:\/\/www.youtube.com\/channel\/UCU9jXzSmyKm4ZZv38FEXGKg","https:\/\/www.pinterest.com\/redkarawana\/"]}]}},"_links":{"self":[{"href":"https:\/\/redkarawana.com\/pl\/wp-json\/wp\/v2\/product\/9899","targetHints":{"allow":["GET"]}}],"collection":[{"href":"https:\/\/redkarawana.com\/pl\/wp-json\/wp\/v2\/product"}],"about":[{"href":"https:\/\/redkarawana.com\/pl\/wp-json\/wp\/v2\/types\/product"}],"wp:featuredmedia":[{"embeddable":true,"href":"https:\/\/redkarawana.com\/pl\/wp-json\/wp\/v2\/media\/9883"}],"wp:attachment":[{"href":"https:\/\/redkarawana.com\/pl\/wp-json\/wp\/v2\/media?parent=9899"}],"wp:term":[{"taxonomy":"product_brand","embeddable":true,"href":"https:\/\/redkarawana.com\/pl\/wp-json\/wp\/v2\/product_brand?post=9899"},{"taxonomy":"product_cat","embeddable":true,"href":"https:\/\/redkarawana.com\/pl\/wp-json\/wp\/v2\/product_cat?post=9899"},{"taxonomy":"product_tag","embeddable":true,"href":"https:\/\/redkarawana.com\/pl\/wp-json\/wp\/v2\/product_tag?post=9899"}],"curies":[{"name":"wp","href":"https:\/\/api.w.org\/{rel}","templated":true}]}}