{"id":9947,"date":"2025-11-30T04:00:03","date_gmt":"2025-11-30T04:00:03","guid":{"rendered":"https:\/\/redkarawana.com\/?post_type=product&#038;p=9947"},"modified":"2025-06-04T22:44:57","modified_gmt":"2025-06-04T22:44:57","slug":"kubki-ceramiczne-szkliwione-polska","status":"publish","type":"product","link":"https:\/\/redkarawana.com\/pl\/rzemioslo\/kubki-ceramiczne-szkliwione-polska\/","title":{"rendered":"Kubki Ceramiczne Szkliwione, Polska; Wyj\u0105tkowe Kubki i Pastelowe Kolory"},"content":{"rendered":"<p>Polscy arty\u015bci tworz\u0105 szereg dekoracyjnych wyrob\u00f3w ceramicznych i klasycznej zastawy sto\u0142owej. Odwiedzaj\u0105c Polsk\u0119, znajdujemy wysokiej jako\u015bci ceramik\u0119, charakteryzuj\u0105c\u0105 si\u0119 prostymi wzorami. Nasz kubek w kolorze kremowym ma br\u0105zow\u0105 glazur\u0119 na g\u00f3rnej kraw\u0119dzi. Nasz kubek w kolorze pastelowym niebieskim ma niebieskie akcenty na uchwycie i dolnej kraw\u0119dzi. Nasze wyr\u00f3\u017cnione kubki ceramiczne s\u0105 wyj\u0105tkowe, stylowe i pi\u0119kne. Zestaw: 1 ceramiczny kubek w kolorze kremowym (wysoko\u015b\u0107 3 \u00bd cala, \u015brednica 3 \u00bc cala) i 1 ceramiczny kubek w kolorze pastelowym niebieskim (wysoko\u015b\u0107 3 \u00be cala, \u015brednica 3 \u00bd cala).     <\/p>\n","protected":false},"excerpt":{"rendered":"<p>Polscy arty\u015bci tworz\u0105 szereg dekoracyjnych wyrob\u00f3w ceramicznych i klasycznej zastawy sto\u0142owej. Odwiedzaj\u0105c Polsk\u0119, znajdujemy wysokiej jako\u015bci ceramik\u0119, charakteryzuj\u0105c\u0105 si\u0119 prostymi wzorami. Nasz kubek w kolorze kremowym ma br\u0105zow\u0105 glazur\u0119 na g\u00f3rnej kraw\u0119dzi. Nasz kubek w kolorze pastelowym niebieskim ma niebieskie akcenty na uchwycie i dolnej kraw\u0119dzi. Nasze wyr\u00f3\u017cnione kubki ceramiczne s\u0105 wyj\u0105tkowe, stylowe i pi\u0119kne. [&hellip;]<\/p>\n","protected":false},"featured_media":9931,"template":"","meta":{"_acf_changed":false},"product_brand":[],"product_cat":[53],"product_tag":[],"class_list":{"0":"post-9947","1":"product","2":"type-product","3":"status-publish","4":"has-post-thumbnail","6":"product_cat-funkcjonalne","8":"first","9":"instock","10":"taxable","11":"shipping-taxable","12":"purchasable","13":"product-type-simple"},"acf":[],"yoast_head":"<!-- This site is optimized with the Yoast SEO plugin v27.3 - https:\/\/yoast.com\/product\/yoast-seo-wordpress\/ -->\n<title>Kubki Ceramiczne Szkliwione, Polska - Funkcjonalne - Red Karawana<\/title>\n<meta name=\"description\" content=\"Nasz zestaw kubk\u00f3w ceramicznych sk\u0142ada si\u0119 z kubka ceramicznego w kolorze kremowym i kubka ceramicznego w kolorze pastelowym niebieskim.\" \/>\n<meta name=\"robots\" content=\"index, follow, max-snippet:-1, max-image-preview:large, max-video-preview:-1\" \/>\n<link rel=\"canonical\" href=\"https:\/\/redkarawana.com\/pl\/rzemioslo\/kubki-ceramiczne-szkliwione-polska\/\" \/>\n<meta property=\"og:locale\" content=\"pl_PL\" \/>\n<meta property=\"og:type\" content=\"article\" \/>\n<meta property=\"og:title\" content=\"Kubki Ceramiczne Szkliwione, Polska - Funkcjonalne - Red Karawana\" \/>\n<meta property=\"og:description\" content=\"Nasz zestaw kubk\u00f3w ceramicznych sk\u0142ada si\u0119 z kubka ceramicznego w kolorze kremowym i kubka ceramicznego w kolorze pastelowym niebieskim.\" \/>\n<meta property=\"og:url\" content=\"https:\/\/redkarawana.com\/pl\/rzemioslo\/kubki-ceramiczne-szkliwione-polska\/\" \/>\n<meta property=\"og:site_name\" content=\"Red Karawana\" \/>\n<meta property=\"article:publisher\" content=\"https:\/\/www.facebook.com\/redkarawana\/\" \/>\n<meta property=\"og:image\" content=\"https:\/\/redkarawana.com\/wp-content\/uploads\/2025\/04\/1-AF1200x630-Poland-Glazed-Ceramic-Cups.jpg\" \/>\n\t<meta property=\"og:image:width\" content=\"1200\" \/>\n\t<meta property=\"og:image:height\" content=\"630\" \/>\n\t<meta property=\"og:image:type\" content=\"image\/jpeg\" \/>\n<meta name=\"twitter:card\" content=\"summary_large_image\" \/>\n<meta name=\"twitter:label1\" content=\"Szacowany czas czytania\" \/>\n\t<meta name=\"twitter:data1\" content=\"1 minuta\" \/>\n<script type=\"application\/ld+json\" class=\"yoast-schema-graph\">{\"@context\":\"https:\\\/\\\/schema.org\",\"@graph\":[{\"@type\":\"WebPage\",\"@id\":\"https:\\\/\\\/redkarawana.com\\\/pl\\\/rzemioslo\\\/kubki-ceramiczne-szkliwione-polska\\\/\",\"url\":\"https:\\\/\\\/redkarawana.com\\\/pl\\\/rzemioslo\\\/kubki-ceramiczne-szkliwione-polska\\\/\",\"name\":\"Kubki Ceramiczne Szkliwione, Polska - Funkcjonalne - Red Karawana\",\"isPartOf\":{\"@id\":\"https:\\\/\\\/redkarawana.com\\\/#website\"},\"primaryImageOfPage\":{\"@id\":\"https:\\\/\\\/redkarawana.com\\\/pl\\\/rzemioslo\\\/kubki-ceramiczne-szkliwione-polska\\\/#primaryimage\"},\"image\":{\"@id\":\"https:\\\/\\\/redkarawana.com\\\/pl\\\/rzemioslo\\\/kubki-ceramiczne-szkliwione-polska\\\/#primaryimage\"},\"thumbnailUrl\":\"https:\\\/\\\/redkarawana.com\\\/wp-content\\\/uploads\\\/2025\\\/04\\\/1-AP-Feature-Poland-Glazed-Ceramic-Cups.jpg\",\"datePublished\":\"2025-11-30T04:00:03+00:00\",\"description\":\"Nasz zestaw kubk\u00f3w ceramicznych sk\u0142ada si\u0119 z kubka ceramicznego w kolorze kremowym i kubka ceramicznego w kolorze pastelowym niebieskim.\",\"breadcrumb\":{\"@id\":\"https:\\\/\\\/redkarawana.com\\\/pl\\\/rzemioslo\\\/kubki-ceramiczne-szkliwione-polska\\\/#breadcrumb\"},\"inLanguage\":\"pl-PL\",\"potentialAction\":[{\"@type\":\"ReadAction\",\"target\":[\"https:\\\/\\\/redkarawana.com\\\/pl\\\/rzemioslo\\\/kubki-ceramiczne-szkliwione-polska\\\/\"]}]},{\"@type\":\"ImageObject\",\"inLanguage\":\"pl-PL\",\"@id\":\"https:\\\/\\\/redkarawana.com\\\/pl\\\/rzemioslo\\\/kubki-ceramiczne-szkliwione-polska\\\/#primaryimage\",\"url\":\"https:\\\/\\\/redkarawana.com\\\/wp-content\\\/uploads\\\/2025\\\/04\\\/1-AP-Feature-Poland-Glazed-Ceramic-Cups.jpg\",\"contentUrl\":\"https:\\\/\\\/redkarawana.com\\\/wp-content\\\/uploads\\\/2025\\\/04\\\/1-AP-Feature-Poland-Glazed-Ceramic-Cups.jpg\",\"width\":680,\"height\":453,\"caption\":\"Polska, Kubki Ceramiczne Szkliwione\"},{\"@type\":\"BreadcrumbList\",\"@id\":\"https:\\\/\\\/redkarawana.com\\\/pl\\\/rzemioslo\\\/kubki-ceramiczne-szkliwione-polska\\\/#breadcrumb\",\"itemListElement\":[{\"@type\":\"ListItem\",\"position\":1,\"name\":\"Home\",\"item\":\"https:\\\/\\\/redkarawana.com\\\/pl\\\/\"},{\"@type\":\"ListItem\",\"position\":2,\"name\":\"Rzemios\u0142a\",\"item\":\"https:\\\/\\\/redkarawana.com\\\/pl\\\/rzemiosla\\\/\"},{\"@type\":\"ListItem\",\"position\":3,\"name\":\"Kubki Ceramiczne Szkliwione, Polska; Wyj\u0105tkowe Kubki i Pastelowe Kolory\"}]},{\"@type\":\"WebSite\",\"@id\":\"https:\\\/\\\/redkarawana.com\\\/#website\",\"url\":\"https:\\\/\\\/redkarawana.com\\\/\",\"name\":\"Red Karawana\",\"description\":\"\",\"publisher\":{\"@id\":\"https:\\\/\\\/redkarawana.com\\\/#organization\"},\"potentialAction\":[{\"@type\":\"SearchAction\",\"target\":{\"@type\":\"EntryPoint\",\"urlTemplate\":\"https:\\\/\\\/redkarawana.com\\\/?s={search_term_string}\"},\"query-input\":{\"@type\":\"PropertyValueSpecification\",\"valueRequired\":true,\"valueName\":\"search_term_string\"}}],\"inLanguage\":\"pl-PL\"},{\"@type\":\"Organization\",\"@id\":\"https:\\\/\\\/redkarawana.com\\\/#organization\",\"name\":\"Red Karawana\",\"url\":\"https:\\\/\\\/redkarawana.com\\\/\",\"logo\":{\"@type\":\"ImageObject\",\"inLanguage\":\"pl-PL\",\"@id\":\"https:\\\/\\\/redkarawana.com\\\/#\\\/schema\\\/logo\\\/image\\\/\",\"url\":\"https:\\\/\\\/redkarawana.com\\\/wp-content\\\/uploads\\\/2025\\\/05\\\/cropped-Screenshot-2025-05-29-at-09.27.38.png\",\"contentUrl\":\"https:\\\/\\\/redkarawana.com\\\/wp-content\\\/uploads\\\/2025\\\/05\\\/cropped-Screenshot-2025-05-29-at-09.27.38.png\",\"width\":512,\"height\":512,\"caption\":\"Red Karawana\"},\"image\":{\"@id\":\"https:\\\/\\\/redkarawana.com\\\/#\\\/schema\\\/logo\\\/image\\\/\"},\"sameAs\":[\"https:\\\/\\\/www.facebook.com\\\/redkarawana\\\/\",\"https:\\\/\\\/www.instagram.com\\\/redkarawana\\\/\",\"https:\\\/\\\/www.youtube.com\\\/channel\\\/UCU9jXzSmyKm4ZZv38FEXGKg\",\"https:\\\/\\\/www.pinterest.com\\\/redkarawana\\\/\"]}]}<\/script>\n<!-- \/ Yoast SEO plugin. -->","yoast_head_json":{"title":"Kubki Ceramiczne Szkliwione, Polska - Funkcjonalne - Red Karawana","description":"Nasz zestaw kubk\u00f3w ceramicznych sk\u0142ada si\u0119 z kubka ceramicznego w kolorze kremowym i kubka ceramicznego w kolorze pastelowym niebieskim.","robots":{"index":"index","follow":"follow","max-snippet":"max-snippet:-1","max-image-preview":"max-image-preview:large","max-video-preview":"max-video-preview:-1"},"canonical":"https:\/\/redkarawana.com\/pl\/rzemioslo\/kubki-ceramiczne-szkliwione-polska\/","og_locale":"pl_PL","og_type":"article","og_title":"Kubki Ceramiczne Szkliwione, Polska - Funkcjonalne - Red Karawana","og_description":"Nasz zestaw kubk\u00f3w ceramicznych sk\u0142ada si\u0119 z kubka ceramicznego w kolorze kremowym i kubka ceramicznego w kolorze pastelowym niebieskim.","og_url":"https:\/\/redkarawana.com\/pl\/rzemioslo\/kubki-ceramiczne-szkliwione-polska\/","og_site_name":"Red Karawana","article_publisher":"https:\/\/www.facebook.com\/redkarawana\/","og_image":[{"width":1200,"height":630,"url":"https:\/\/redkarawana.com\/wp-content\/uploads\/2025\/04\/1-AF1200x630-Poland-Glazed-Ceramic-Cups.jpg","type":"image\/jpeg"}],"twitter_card":"summary_large_image","twitter_misc":{"Szacowany czas czytania":"1 minuta"},"schema":{"@context":"https:\/\/schema.org","@graph":[{"@type":"WebPage","@id":"https:\/\/redkarawana.com\/pl\/rzemioslo\/kubki-ceramiczne-szkliwione-polska\/","url":"https:\/\/redkarawana.com\/pl\/rzemioslo\/kubki-ceramiczne-szkliwione-polska\/","name":"Kubki Ceramiczne Szkliwione, Polska - Funkcjonalne - Red Karawana","isPartOf":{"@id":"https:\/\/redkarawana.com\/#website"},"primaryImageOfPage":{"@id":"https:\/\/redkarawana.com\/pl\/rzemioslo\/kubki-ceramiczne-szkliwione-polska\/#primaryimage"},"image":{"@id":"https:\/\/redkarawana.com\/pl\/rzemioslo\/kubki-ceramiczne-szkliwione-polska\/#primaryimage"},"thumbnailUrl":"https:\/\/redkarawana.com\/wp-content\/uploads\/2025\/04\/1-AP-Feature-Poland-Glazed-Ceramic-Cups.jpg","datePublished":"2025-11-30T04:00:03+00:00","description":"Nasz zestaw kubk\u00f3w ceramicznych sk\u0142ada si\u0119 z kubka ceramicznego w kolorze kremowym i kubka ceramicznego w kolorze pastelowym niebieskim.","breadcrumb":{"@id":"https:\/\/redkarawana.com\/pl\/rzemioslo\/kubki-ceramiczne-szkliwione-polska\/#breadcrumb"},"inLanguage":"pl-PL","potentialAction":[{"@type":"ReadAction","target":["https:\/\/redkarawana.com\/pl\/rzemioslo\/kubki-ceramiczne-szkliwione-polska\/"]}]},{"@type":"ImageObject","inLanguage":"pl-PL","@id":"https:\/\/redkarawana.com\/pl\/rzemioslo\/kubki-ceramiczne-szkliwione-polska\/#primaryimage","url":"https:\/\/redkarawana.com\/wp-content\/uploads\/2025\/04\/1-AP-Feature-Poland-Glazed-Ceramic-Cups.jpg","contentUrl":"https:\/\/redkarawana.com\/wp-content\/uploads\/2025\/04\/1-AP-Feature-Poland-Glazed-Ceramic-Cups.jpg","width":680,"height":453,"caption":"Polska, Kubki Ceramiczne Szkliwione"},{"@type":"BreadcrumbList","@id":"https:\/\/redkarawana.com\/pl\/rzemioslo\/kubki-ceramiczne-szkliwione-polska\/#breadcrumb","itemListElement":[{"@type":"ListItem","position":1,"name":"Home","item":"https:\/\/redkarawana.com\/pl\/"},{"@type":"ListItem","position":2,"name":"Rzemios\u0142a","item":"https:\/\/redkarawana.com\/pl\/rzemiosla\/"},{"@type":"ListItem","position":3,"name":"Kubki Ceramiczne Szkliwione, Polska; Wyj\u0105tkowe Kubki i Pastelowe Kolory"}]},{"@type":"WebSite","@id":"https:\/\/redkarawana.com\/#website","url":"https:\/\/redkarawana.com\/","name":"Red Karawana","description":"","publisher":{"@id":"https:\/\/redkarawana.com\/#organization"},"potentialAction":[{"@type":"SearchAction","target":{"@type":"EntryPoint","urlTemplate":"https:\/\/redkarawana.com\/?s={search_term_string}"},"query-input":{"@type":"PropertyValueSpecification","valueRequired":true,"valueName":"search_term_string"}}],"inLanguage":"pl-PL"},{"@type":"Organization","@id":"https:\/\/redkarawana.com\/#organization","name":"Red Karawana","url":"https:\/\/redkarawana.com\/","logo":{"@type":"ImageObject","inLanguage":"pl-PL","@id":"https:\/\/redkarawana.com\/#\/schema\/logo\/image\/","url":"https:\/\/redkarawana.com\/wp-content\/uploads\/2025\/05\/cropped-Screenshot-2025-05-29-at-09.27.38.png","contentUrl":"https:\/\/redkarawana.com\/wp-content\/uploads\/2025\/05\/cropped-Screenshot-2025-05-29-at-09.27.38.png","width":512,"height":512,"caption":"Red Karawana"},"image":{"@id":"https:\/\/redkarawana.com\/#\/schema\/logo\/image\/"},"sameAs":["https:\/\/www.facebook.com\/redkarawana\/","https:\/\/www.instagram.com\/redkarawana\/","https:\/\/www.youtube.com\/channel\/UCU9jXzSmyKm4ZZv38FEXGKg","https:\/\/www.pinterest.com\/redkarawana\/"]}]}},"_links":{"self":[{"href":"https:\/\/redkarawana.com\/pl\/wp-json\/wp\/v2\/product\/9947","targetHints":{"allow":["GET"]}}],"collection":[{"href":"https:\/\/redkarawana.com\/pl\/wp-json\/wp\/v2\/product"}],"about":[{"href":"https:\/\/redkarawana.com\/pl\/wp-json\/wp\/v2\/types\/product"}],"wp:featuredmedia":[{"embeddable":true,"href":"https:\/\/redkarawana.com\/pl\/wp-json\/wp\/v2\/media\/9931"}],"wp:attachment":[{"href":"https:\/\/redkarawana.com\/pl\/wp-json\/wp\/v2\/media?parent=9947"}],"wp:term":[{"taxonomy":"product_brand","embeddable":true,"href":"https:\/\/redkarawana.com\/pl\/wp-json\/wp\/v2\/product_brand?post=9947"},{"taxonomy":"product_cat","embeddable":true,"href":"https:\/\/redkarawana.com\/pl\/wp-json\/wp\/v2\/product_cat?post=9947"},{"taxonomy":"product_tag","embeddable":true,"href":"https:\/\/redkarawana.com\/pl\/wp-json\/wp\/v2\/product_tag?post=9947"}],"curies":[{"name":"wp","href":"https:\/\/api.w.org\/{rel}","templated":true}]}}